{"id":113236,"date":"2021-05-10T00:00:00","date_gmt":"2021-05-10T05:00:00","guid":{"rendered":"http:\/\/gpl-love.com\/es\/?post_type=product&#038;p=113236"},"modified":"2026-03-09T07:23:18","modified_gmt":"2026-03-09T12:23:18","slug":"cashback-tracker-wordpress-plugin","status":"publish","type":"product","link":"https:\/\/gpl-love.com\/es\/producto\/cashback-tracker-wordpress-plugin\/","title":{"rendered":"Cashback Tracker WordPress Plugin 1.6.6"},"content":{"rendered":"<h3>Cashback Tracker WordPress Plugin Caracteristicas<\/h3>\n<p>El complemento de WordPress del rastreador Cashback, una herramienta altamente robusta y eficiente, ofrece a los usuarios la capacidad perfecta de monitorear meticulosamente y vigilar sus incentivos y propinas. Su ingenioso dise\u00f1o se esfuerza por optimizar la ardua tarea de rastrear y monitorear meticulosamente las ofertas de devoluci\u00f3n de efectivo que se originan en una multitud de diversos minoristas y programas afiliados. Al emplear este notable complemento, los usuarios pueden administrar y supervisar sin esfuerzo sus ofertas de devoluci\u00f3n de efectivo, examinar convenientemente sus ganancias acumuladas y recibir notificaciones indispensables con respecto al estado de su reembolso. Adem\u00e1s, este complemento exhibe una interfaz excepcionalmente f\u00e1cil de usar, que se puede adaptar y personalizar f\u00e1cilmente para satisfacer las necesidades de los usuarios ne\u00f3fitos y expertos en tecnolog\u00eda. Por lo tanto, es una herramienta indispensable para cualquier persona que aspira a optimizar completamente sus recompensas de reembolso y economizar sus finanzas.<\/p>\n<ul>\n<li>F\u00e1cil de instalar y configurar el complemento de seguimiento de devoluci\u00f3n de efectivo para sitios web de WordPress<\/li>\n<li>Rastrea y calcula autom\u00e1ticamente el reembolso ganado para sus clientes<\/li>\n<li>Panel de control simple e intuitivo que muestra el historial de reembolso y las ganancias actuales<\/li>\n<li>Tasas de reembolso personalizables para diferentes productos o categor\u00edas<\/li>\n<li>Admite m\u00faltiples sistemas y programas de reembolso, incluidos los populares como Rakuten y Honey<\/li>\n<li>Proporciona informes detallados e ideas sobre las tendencias de reembolso y el comportamiento del usuario<\/li>\n<li>Se integra con plataformas populares de comercio electr\u00f3nico como WooCommerce y Shopify<\/li>\n<li>Mejora la lealtad del cliente y impulsa las compras repetidas con un programa de reembolso convincente<\/li>\n<li>Aumenta los ingresos generales y la rentabilidad para su tienda en l\u00ednea con un m\u00ednimo esfuerzo e inversi\u00f3n<\/li>\n<\/ul>\n","protected":false},"excerpt":{"rendered":"<p>Aproveche al m\u00e1ximo sus experiencias de compra en l\u00ednea con nuestro complemento de WordPress de rastreador de reembolso. Este complemento f\u00e1cil de usar est\u00e1 dise\u00f1ado espec\u00edficamente para sitios web de WordPress, que le proporciona una soluci\u00f3n integral y automatizada para rastrear reembolso o comisi\u00f3n de diferentes redes de afiliados.<\/p>\n<p>Con Cashback Tracker, puede mantener f\u00e1cilmente una pesta\u00f1a en sus ganancias de varios programas de afiliados. Es una herramienta fant\u00e1stica para vendedores, blogueros afiliados y cualquier persona que busque monetizar el tr\u00e1fico de su sitio web. El complemento admite numerosas redes de afiliados, por lo que es una adici\u00f3n vers\u00e1til a su sitio de WordPress.<\/p>\n<p>Una de las caracter\u00edsticas clave de este complemento es su sistema de seguimiento automatizado. Actualiza sistem\u00e1ticamente su reembolso o ganancias de afiliados, asegurando que siempre tenga datos actualizados a su disposici\u00f3n. Adem\u00e1s, el complemento es incre\u00edblemente f\u00e1cil de instalar y configurar, por lo que es muy f\u00e1cil integrarse en su configuraci\u00f3n existente de WordPress.<\/p>\n<p>Beneficiarse del poder del marketing de afiliaci\u00f3n y aumentar sus ingresos con el complemento de WordPress de rastreador de reincidencia. Ya sea que sea un vendedor de afiliados experimentado o simplemente comience, este complemento<\/p>\n","protected":false},"featured_media":165604,"comment_status":"open","ping_status":"open","template":"","meta":[],"product_brand":[2339],"product_cat":[1212,1206,1211],"product_tag":[1256],"class_list":{"0":"post-113236","1":"product","2":"type-product","3":"status-publish","4":"has-post-thumbnail","6":"product_brand-codecanyon","7":"product_cat-administracion-wordpress-plugins","8":"product_cat-plugins","9":"product_cat-wordpress-plugins","10":"product_tag-codecanyon","11":"member-discount","12":"discount-restricted","14":"first","15":"instock","16":"sale","17":"downloadable","18":"virtual","19":"sold-individually","20":"purchasable","21":"product-type-simple"},"_links":{"self":[{"href":"https:\/\/gpl-love.com\/es\/wp-json\/wp\/v2\/product\/113236","targetHints":{"allow":["GET"]}}],"collection":[{"href":"https:\/\/gpl-love.com\/es\/wp-json\/wp\/v2\/product"}],"about":[{"href":"https:\/\/gpl-love.com\/es\/wp-json\/wp\/v2\/types\/product"}],"replies":[{"embeddable":true,"href":"https:\/\/gpl-love.com\/es\/wp-json\/wp\/v2\/comments?post=113236"}],"wp:featuredmedia":[{"embeddable":true,"href":"https:\/\/gpl-love.com\/es\/wp-json\/wp\/v2\/media\/165604"}],"wp:attachment":[{"href":"https:\/\/gpl-love.com\/es\/wp-json\/wp\/v2\/media?parent=113236"}],"wp:term":[{"taxonomy":"product_brand","embeddable":true,"href":"https:\/\/gpl-love.com\/es\/wp-json\/wp\/v2\/product_brand?post=113236"},{"taxonomy":"product_cat","embeddable":true,"href":"https:\/\/gpl-love.com\/es\/wp-json\/wp\/v2\/product_cat?post=113236"},{"taxonomy":"product_tag","embeddable":true,"href":"https:\/\/gpl-love.com\/es\/wp-json\/wp\/v2\/product_tag?post=113236"}],"curies":[{"name":"wp","href":"https:\/\/api.w.org\/{rel}","templated":true}]}}