{"id":113234,"date":"2025-10-13T00:00:00","date_gmt":"2025-10-13T05:00:00","guid":{"rendered":"http:\/\/gpl-love.com\/es\/?post_type=product&#038;p=113234"},"modified":"2026-03-13T17:17:30","modified_gmt":"2026-03-13T22:17:30","slug":"caridad-charity-wordpress-theme","status":"publish","type":"product","link":"https:\/\/gpl-love.com\/es\/producto\/caridad-charity-wordpress-theme\/","title":{"rendered":"Caridad Charity WordPress Theme 32.0"},"content":{"rendered":"<h3>Caridad Charity WordPress Theme Caracteristicas<\/h3>\n<p>El tema de la caridad de Caridad WordPress, un tema premium altamente solicitado, ha sido dise\u00f1ado exclusivamente para organizaciones sin fines de lucro, organizaciones ben\u00e9ficas y asociaciones de bienestar social. Con un dise\u00f1o futurista y de vanguardia, este tema no solo es receptivo sino tambi\u00e9n personalizable, lo que garantiza la creaci\u00f3n sin esfuerzo de un sitio web distintivo que muestra efectivamente su noble causa al tiempo que fomenta las donaciones generosas simult\u00e1neamente. Gracias al constructor de p\u00e1ginas de arrastrar y soltar f\u00e1cilmente de usar, puede reunir a la perfecci\u00f3n p\u00e1ginas cautivadoras dedicadas a eventos, oportunidades de voluntariado, formularios de donaci\u00f3n y mucho m\u00e1s. Adem\u00e1s, el tema est\u00e1 equipado con una variedad de caracter\u00edsticas potentes, que incluye un sistema de donaci\u00f3n integrado, una integraci\u00f3n de redes sociales sin problemas y un blog incorporado. Sin lugar a dudas, el tema de WordPress de Caridad Caridad sirve como una soluci\u00f3n impecable para cualquier organizaci\u00f3n ansiosa por establecer una presencia en l\u00ednea impactante, al tiempo que aumenta los fondos sustanciales en apoyo de su noble causa.<\/p>\n<ul>\n<li>Dise\u00f1o \u00fanico y hermoso, perfecto para organizaciones ben\u00e9ficas y sin fines de lucro<\/li>\n<li>Totalmente receptivo, asegurando que su sitio web se vea muy bien en cualquier dispositivo<\/li>\n<li>Construido sobre la potente y flexible plataforma de WordPress<\/li>\n<li>Constructor de p\u00e1gina de arrastrar y soltar f\u00e1ciles de usar<\/li>\n<li>Integraci\u00f3n de donaci\u00f3n, lo que permite a sus visitantes donar directamente en su sitio web<\/li>\n<li>Integraci\u00f3n de WooCommerce, perfecto para vender mercanc\u00edas o recolectar donaciones<\/li>\n<li>Calendario de eventos incorporado, mostrando todos sus pr\u00f3ximos eventos y recaudadores de fondos<\/li>\n<li>Opciones de tema f\u00e1ciles de customizar, lo que le permite cambiar los colores, las fuentes y m\u00e1s para que coincida con su marca<\/li>\n<li>SEO optimizado para una mejor clasificaci\u00f3n de motores de b\u00fasqueda<\/li>\n<li>Actualizaciones regulares y excelente atenci\u00f3n al cliente para mantener su sitio web actualizado y funcionando sin problemas.<\/li>\n<\/ul>\n","protected":false},"excerpt":{"rendered":"<p>El tema Caridad de WordPress Caridad es una herramienta poderosa y vers\u00e1til dise\u00f1ada espec\u00edficamente para organizaciones sin fines de lucro. Este tema est\u00e1 especialmente curado para proporcionar una experiencia f\u00e1cil de usar con su dise\u00f1o f\u00e1cil de navegar. El tema de CariDad responde, asegurando que su sitio web se vea genial en todos los dispositivos, desde escritorios hasta tel\u00e9fonos inteligentes. Tambi\u00e9n presenta la integraci\u00f3n de WooCommerce, lo que le permite administrar donaciones y vender mercanc\u00edas con facilidad. Con su dise\u00f1o amigable con SEO, su sitio web se clasificar\u00e1 m\u00e1s alto en los resultados de b\u00fasqueda, aumentando su visibilidad en l\u00ednea. El tema de Caridad tambi\u00e9n incluye numerosas plantillas y widgets personalizables, lo que le permite crear un sitio web \u00fanico y personalizado para su organizaci\u00f3n ben\u00e9fica. Adem\u00e1s, el tema ofrece un rendimiento de alta velocidad y es compatible con todos los navegadores para el acceso a los usuarios sin esfuerzo. El tema de WordPress de Caridad Caridad es la soluci\u00f3n perfecta para cualquier organizaci\u00f3n de caridad que busque establecer una fuerte presencia en l\u00ednea.<\/p>\n","protected":false},"featured_media":165598,"comment_status":"open","ping_status":"open","template":"","meta":[],"product_brand":[2337],"product_cat":[1267,1237,1238],"product_tag":[1391],"class_list":{"0":"post-113234","1":"product","2":"type-product","3":"status-publish","4":"has-post-thumbnail","6":"product_brand-themeforest","7":"product_cat-creativo","8":"product_cat-temas","9":"product_cat-wordpress-temas","10":"product_tag-themeforest","11":"member-discount","12":"discount-restricted","14":"first","15":"instock","16":"sale","17":"downloadable","18":"virtual","19":"sold-individually","20":"purchasable","21":"product-type-simple"},"_links":{"self":[{"href":"https:\/\/gpl-love.com\/es\/wp-json\/wp\/v2\/product\/113234","targetHints":{"allow":["GET"]}}],"collection":[{"href":"https:\/\/gpl-love.com\/es\/wp-json\/wp\/v2\/product"}],"about":[{"href":"https:\/\/gpl-love.com\/es\/wp-json\/wp\/v2\/types\/product"}],"replies":[{"embeddable":true,"href":"https:\/\/gpl-love.com\/es\/wp-json\/wp\/v2\/comments?post=113234"}],"wp:featuredmedia":[{"embeddable":true,"href":"https:\/\/gpl-love.com\/es\/wp-json\/wp\/v2\/media\/165598"}],"wp:attachment":[{"href":"https:\/\/gpl-love.com\/es\/wp-json\/wp\/v2\/media?parent=113234"}],"wp:term":[{"taxonomy":"product_brand","embeddable":true,"href":"https:\/\/gpl-love.com\/es\/wp-json\/wp\/v2\/product_brand?post=113234"},{"taxonomy":"product_cat","embeddable":true,"href":"https:\/\/gpl-love.com\/es\/wp-json\/wp\/v2\/product_cat?post=113234"},{"taxonomy":"product_tag","embeddable":true,"href":"https:\/\/gpl-love.com\/es\/wp-json\/wp\/v2\/product_tag?post=113234"}],"curies":[{"name":"wp","href":"https:\/\/api.w.org\/{rel}","templated":true}]}}