{"id":113232,"date":"2022-04-05T00:00:00","date_gmt":"2022-04-05T05:00:00","guid":{"rendered":"http:\/\/gpl-love.com\/es\/?post_type=product&#038;p=113232"},"modified":"2026-03-13T17:19:13","modified_gmt":"2026-03-13T22:19:13","slug":"digiqole-news-magazine-wordpress-theme","status":"publish","type":"product","link":"https:\/\/gpl-love.com\/es\/producto\/digiqole-news-magazine-wordpress-theme\/","title":{"rendered":"Digiqole News Magazine WordPress Theme 2.1.1"},"content":{"rendered":"<h3>Digiqole News Magazine WordPress Theme Caracteristicas<\/h3>\n<p>El tema de la revista Digiqole News WordPress es un tema altamente vers\u00e1til y lleno de funciones que ha sido dise\u00f1ado espec\u00edficamente para satisfacer las necesidades de los sitios web de noticias y revistas. Con un dise\u00f1o elegante y moderno, este tema proporciona una plataforma impecable para mostrar contenido de noticias, art\u00edculos y blogs de una manera visualmente cautivadora. Adem\u00e1s, Digiqole viene completo con una gran cantidad de demostraciones preconstruidas, cada una meticulosamente elaborada para cumplir con los requisitos \u00fanicos de una variedad de nichos, incluidos, entre otros, viajes, moda y deportes. Adem\u00e1s, este tema ofrece una amplia gama de opciones de personalizaci\u00f3n que capacitan a los usuarios para personalizar su sitio web con esquemas de color ilimitados, estilos de encabezado m\u00faltiples y una variedad de opciones de widgets. Adem\u00e1s, el tema se ha optimizado meticulosamente para los motores de b\u00fasqueda, lo que garantiza la m\u00e1xima visibilidad y capacidad de descubrimiento. Adem\u00e1s, Digiqole es totalmente receptivo, lo que garantiza una accesibilidad perfecta en todos los dispositivos. Finalmente, con su interfaz f\u00e1cil de usar, la revista Digiqole News WordPress es una opci\u00f3n excepcional para las personas que buscan establecer un sitio web de noticias o revistas sin esfuerzo y con un esfuerzo m\u00ednimo.<\/p>\n<ul>\n<li>Dise\u00f1o moderno y elegante perfecto para sitios web de noticias y revistas<\/li>\n<li>Totalmente receptivo y optimizado para todos los dispositivos<\/li>\n<li>M\u00faltiples opciones de p\u00e1gina de inicio con dise\u00f1os predise\u00f1ados<\/li>\n<li>M\u00e1s de 10 variaciones de encabezado para la personalizaci\u00f3n<\/li>\n<li>Soporte incorporado para complementos populares como WooCommerce y el Formulario de contacto 7<\/li>\n<li>Widgets personalizados disponibles para una funcionalidad adicional<\/li>\n<li>Dise\u00f1os de publicaci\u00f3n y p\u00e1gina dise\u00f1ados espec\u00edficamente para noticias y contenido de revistas<\/li>\n<li>Instalaci\u00f3n de demostraci\u00f3n de un solo clic para una f\u00e1cil configuraci\u00f3n<\/li>\n<li>SEO optimizado para una mejor visibilidad del motor de b\u00fasqueda<\/li>\n<li>Compatible con todos los navegadores modernos<\/li>\n<\/ul>\n","protected":false},"excerpt":{"rendered":"<p>Presentaci\u00f3n del tema de WordPress de la revista Digiqole News, una soluci\u00f3n \u00fanica y vers\u00e1til para su sitio web de WordPress. Este tema es ideal para agencias de noticias, blogs de viajes, revistas de negocios y cualquier sitio web rico en contenido. Con su dise\u00f1o receptivo, su sitio se ver\u00e1 impresionante en todos los dispositivos. Digiqole ofrece una amplia gama de caracter\u00edsticas personalizables, como varias opciones de dise\u00f1o, esquemas de color y opciones de tipograf\u00eda, para ayudarlo a crear un sitio web que realmente se destaque. Tambi\u00e9n incluye un dise\u00f1o amigable para SEO para aumentar la visibilidad de su sitio en los motores de b\u00fasqueda. Adem\u00e1s, el tema es compatible con complementos populares como Elementor y Gutenberg, que le ofrece una experiencia de desarrollo web suave y sin problemas. Obtenga el tema de WordPress de la revista Digiqole News hoy y le d\u00e9 a su sitio web un aspecto din\u00e1mico y profesional.<\/p>\n","protected":false},"featured_media":165769,"comment_status":"open","ping_status":"open","template":"","meta":[],"product_brand":[2337],"product_cat":[1245,1237,1238],"product_tag":[1391],"class_list":{"0":"post-113232","1":"product","2":"type-product","3":"status-publish","4":"has-post-thumbnail","6":"product_brand-themeforest","7":"product_cat-blog-revista","8":"product_cat-temas","9":"product_cat-wordpress-temas","10":"product_tag-themeforest","11":"member-discount","12":"discount-restricted","14":"first","15":"instock","16":"sale","17":"downloadable","18":"virtual","19":"sold-individually","20":"purchasable","21":"product-type-simple"},"_links":{"self":[{"href":"https:\/\/gpl-love.com\/es\/wp-json\/wp\/v2\/product\/113232","targetHints":{"allow":["GET"]}}],"collection":[{"href":"https:\/\/gpl-love.com\/es\/wp-json\/wp\/v2\/product"}],"about":[{"href":"https:\/\/gpl-love.com\/es\/wp-json\/wp\/v2\/types\/product"}],"replies":[{"embeddable":true,"href":"https:\/\/gpl-love.com\/es\/wp-json\/wp\/v2\/comments?post=113232"}],"wp:featuredmedia":[{"embeddable":true,"href":"https:\/\/gpl-love.com\/es\/wp-json\/wp\/v2\/media\/165769"}],"wp:attachment":[{"href":"https:\/\/gpl-love.com\/es\/wp-json\/wp\/v2\/media?parent=113232"}],"wp:term":[{"taxonomy":"product_brand","embeddable":true,"href":"https:\/\/gpl-love.com\/es\/wp-json\/wp\/v2\/product_brand?post=113232"},{"taxonomy":"product_cat","embeddable":true,"href":"https:\/\/gpl-love.com\/es\/wp-json\/wp\/v2\/product_cat?post=113232"},{"taxonomy":"product_tag","embeddable":true,"href":"https:\/\/gpl-love.com\/es\/wp-json\/wp\/v2\/product_tag?post=113232"}],"curies":[{"name":"wp","href":"https:\/\/api.w.org\/{rel}","templated":true}]}}