{"id":113230,"date":"2021-05-10T00:00:00","date_gmt":"2021-05-10T05:00:00","guid":{"rendered":"http:\/\/gpl-love.com\/es\/?post_type=product&#038;p=113230"},"modified":"2026-04-10T11:23:09","modified_gmt":"2026-04-10T16:23:09","slug":"responsive-pro-addons-wpbakery-page-builder","status":"publish","type":"product","link":"https:\/\/gpl-love.com\/es\/producto\/responsive-pro-addons-wpbakery-page-builder\/","title":{"rendered":"Responsive Pro Addons WPBakery Page Builder 1.5.1"},"content":{"rendered":"<h3>Responsive Pro Addons WPBakery Page Builder Caracteristicas<\/h3>\n<p>Al utilizar el generador de p\u00e1ginas de WPBakery Wpbakery receptivo, puede elevar la calidad de su sitio web a nuevas alturas. Este complemento formidable, que est\u00e1 espec\u00edficamente dise\u00f1ado para mejorar las capacidades del reconocido WPbakery Page Builder, ofrece una variedad de caracter\u00edsticas y herramientas sofisticadas que le permiten modificar sitios web visualmente cautivadores y altamente adaptables. Independientemente de si posee una amplia experiencia en el desarrollo web o si es una incipiente embarque en su viaje digital, este complemento sin duda lo impulsar\u00e1 hacia la realizaci\u00f3n de sus objetivos. Equipado con una variedad de caracter\u00edsticas, que abarca puntos de quiebre personalizados y configuraciones de fila avanzada, entre otras, poseer\u00e1 un juego de herramientas que lo abarca todo que le impulse sitios web de calidad profesional de moda que cuente en un rendimiento \u00f3ptimo en todos los dispositivos. Adem\u00e1s, los desarrolladores aseguran actualizaciones consistentes y soporte inquebrantable, lo que garantiza que perpetuamente tendr\u00e1 acceso a las herramientas y caracter\u00edsticas m\u00e1s de vanguardia. Abrace hoy el generador de p\u00e1ginas de Wpbakery de los complementos receptivos y presencie de primera mano c\u00f3mo puede revolucionar su sitio web.<\/p>\n<ul>\n<li>Mejore la funcionalidad de WPBakery Page Builder con la entrada: complementos PRO receptivos<\/li>\n<li>Cree sitios web totalmente receptivos con facilidad, no se requieren habilidades de codificaci\u00f3n<\/li>\n<li>Elija entre una gama de elementos predise\u00f1ados o personalice los suyos propios<\/li>\n<li>Incluye m\u00e1s de 50 complementos \u00fanicos, como temporizador de cuenta regresiva, barra de progreso y caja de flip<\/li>\n<li>Carga r\u00e1pida y optimizada para el rendimiento, asegurando una experiencia de usuario perfecta<\/li>\n<li>Compatible con todas las plantillas y temas de Wpbakery Page Builder<\/li>\n<li>Actualizado regularmente con nuevas funciones y complementos para mantener su sitio web fresco y actualizado<\/li>\n<li>Incluye documentaci\u00f3n detallada y soporte para asistencia con cualquier problema o pregunta.<\/li>\n<li>Acceso de por vida a todas las actualizaciones y complementos futuros con una compra \u00fanica<\/li>\n<\/ul>\n","protected":false},"excerpt":{"rendered":"<p>La entrada: los complementos de PRO receptivos WPBakery Page Builder es una herramienta incre\u00edblemente poderosa creada espec\u00edficamente para mejorar la funcionalidad del complemento WPBakery Page Builder para WordPress. Al incorporar este invaluable complemento, obtiene acceso a una extensa gama de caracter\u00edsticas y elementos premium que est\u00e1n garantizados para elevar sus p\u00e1ginas web a niveles incomparables de belleza, respuesta y facilidad de uso. Su vasto repertorio abarca una impresionante colecci\u00f3n de m\u00e1s de 100 caracter\u00edsticas y elementos distintivos, que abarcan desde filas de ancho completo, hasta opciones de tipograf\u00eda avanzada, fascinantes antecedentes de video, cautivadores de alimentos de Instagram y una abundancia de otros atributos impresionantes. Ya sea que sea un principiante aspiracional o un virtuoso experimentado en el \u00e1mbito del dise\u00f1o web, este maravilloso complemento sirve como su \u00faltimo compa\u00f1ero, racionalizando con gracia el intrincado proceso de elaboraci\u00f3n de p\u00e1ginas impecablemente profesionales que se adaptan y florecen perfectamente en cualquier dispositivo concebible.<\/p>\n","protected":false},"featured_media":167347,"comment_status":"open","ping_status":"open","template":"","meta":[],"product_brand":[2339],"product_cat":[1214,1206,1211],"product_tag":[1256],"class_list":{"0":"post-113230","1":"product","2":"type-product","3":"status-publish","4":"has-post-thumbnail","6":"product_brand-codecanyon","7":"product_cat-personalizacion","8":"product_cat-plugins","9":"product_cat-wordpress-plugins","10":"product_tag-codecanyon","11":"member-discount","12":"discount-restricted","14":"first","15":"instock","16":"sale","17":"downloadable","18":"virtual","19":"sold-individually","20":"purchasable","21":"product-type-simple"},"_links":{"self":[{"href":"https:\/\/gpl-love.com\/es\/wp-json\/wp\/v2\/product\/113230","targetHints":{"allow":["GET"]}}],"collection":[{"href":"https:\/\/gpl-love.com\/es\/wp-json\/wp\/v2\/product"}],"about":[{"href":"https:\/\/gpl-love.com\/es\/wp-json\/wp\/v2\/types\/product"}],"replies":[{"embeddable":true,"href":"https:\/\/gpl-love.com\/es\/wp-json\/wp\/v2\/comments?post=113230"}],"wp:featuredmedia":[{"embeddable":true,"href":"https:\/\/gpl-love.com\/es\/wp-json\/wp\/v2\/media\/167347"}],"wp:attachment":[{"href":"https:\/\/gpl-love.com\/es\/wp-json\/wp\/v2\/media?parent=113230"}],"wp:term":[{"taxonomy":"product_brand","embeddable":true,"href":"https:\/\/gpl-love.com\/es\/wp-json\/wp\/v2\/product_brand?post=113230"},{"taxonomy":"product_cat","embeddable":true,"href":"https:\/\/gpl-love.com\/es\/wp-json\/wp\/v2\/product_cat?post=113230"},{"taxonomy":"product_tag","embeddable":true,"href":"https:\/\/gpl-love.com\/es\/wp-json\/wp\/v2\/product_tag?post=113230"}],"curies":[{"name":"wp","href":"https:\/\/api.w.org\/{rel}","templated":true}]}}