{"id":113228,"date":"2024-02-05T00:00:00","date_gmt":"2024-02-05T05:00:00","guid":{"rendered":"http:\/\/gpl-love.com\/es\/?post_type=product&#038;p=113228"},"modified":"2026-03-13T17:19:28","modified_gmt":"2026-03-13T22:19:28","slug":"draven-multipurpose-creative-theme","status":"publish","type":"product","link":"https:\/\/gpl-love.com\/es\/producto\/draven-multipurpose-creative-theme\/","title":{"rendered":"Draven Multipurpose Creative Theme 1.6.0"},"content":{"rendered":"<h3>Draven Multipurpose Creative Theme Caracteristicas<\/h3>\n<p>El tema creativo multiprop\u00f3sito Draven, un tema de WordPress altamente vers\u00e1til e incre\u00edblemente poderoso, ha sido ingeniosamente elaborado para ayudarlo en la creaci\u00f3n de un sitio web que no solo es distintivo sino tambi\u00e9n extremadamente profesional. Con una amplia variedad de plantillas y dise\u00f1os predise\u00f1ados, Draven simplifica el proceso de dise\u00f1ar un sitio web que sea un reflejo preciso de su marca y estilo. Adem\u00e1s, este tema le ofrece una personalizaci\u00f3n completa, otorg\u00e1ndole la capacidad de ajustar meticulosamente cada faceta de su sitio web para satisfacer sus requisitos espec\u00edficos. Adem\u00e1s de su versatilidad excepcional, Draven tambi\u00e9n ha sido meticulosamente optimizado para un rendimiento \u00f3ptimo y tiempos de carga r\u00e1pidas, asegurando que su sitio web pueda ejecutar sin esfuerzo todas sus funciones. Independientemente de si se identifica como blogger, propietario de un negocio o un profesional creativo, el tema creativo multiprop\u00f3sito Draven est\u00e1 equipado con todas las herramientas y caracter\u00edsticas necesarias para permitirle construir un sitio web que sea visualmente impresionante y altamente funcional.<\/p>\n<ul>\n<li>Tema creativo altamente vers\u00e1til y personalizable<\/li>\n<li>Opciones de dise\u00f1o m\u00faltiples y demostraciones preconstruidas para una f\u00e1cil configuraci\u00f3n<\/li>\n<li>Compatible con todos los complementos y plataformas principales, incluidos WooCommerce y WordPress<\/li>\n<li>El dise\u00f1o receptivo garantiza que su sitio web se vea muy bien en cualquier dispositivo<\/li>\n<li>Construido con c\u00f3digo limpio y optimizado para tiempos de carga m\u00e1s r\u00e1pidos y SEO mejorado<\/li>\n<li>Incluye el creador de p\u00e1ginas de arrastrar y soltar para la personalizaci\u00f3n sin esfuerzo<\/li>\n<li>El panel de opciones de temas avanzados permite una mayor personalizaci\u00f3n del dise\u00f1o y la funcionalidad<\/li>\n<li>Totalmente compatible con un equipo de servicio al cliente experimentado<\/li>\n<li>Perfecto para empresas, creativos, blogueros y cualquier persona que busque elevar su presencia en l\u00ednea<\/li>\n<li>Actualizado regularmente con nuevas caracter\u00edsticas y mejoras para garantizar un rendimiento y relevancia continuas.<\/li>\n<\/ul>\n","protected":false},"excerpt":{"rendered":"<p>Experimente la incre\u00edble versatilidad del tema creativo multiprop\u00f3sito Draven. Perfecto para profesionales y principiantes por igual, este sofisticado tema de WordPress presenta una interfaz intuitiva y un conjunto integral de herramientas de dise\u00f1o. Con su dise\u00f1o totalmente personalizable, puede crear un espacio digital \u00fanico y convincente. Ya sea que est\u00e9 construyendo una cartera, un blog o una plataforma de comercio electr\u00f3nico, Draven ofrece una amplia variedad de plantillas predise\u00f1adas para comenzar. Su estructura amigable para SEO y su velocidad de carga r\u00e1pida aseguran un rendimiento \u00f3ptimo y una alta clasificaci\u00f3n en los motores de b\u00fasqueda. Adem\u00e1s, el tema es compatible con una gama de complementos, proporcionando flexibilidad y adaptabilidad para satisfacer sus necesidades espec\u00edficas. Disfrute de una experiencia de dise\u00f1o perfecta con el tema creativo de Draven Multipurpose.<\/p>\n","protected":false},"featured_media":165823,"comment_status":"open","ping_status":"open","template":"","meta":[],"product_brand":[2337],"product_cat":[1239,1237,1238],"product_tag":[1391],"class_list":{"0":"post-113228","1":"product","2":"type-product","3":"status-publish","4":"has-post-thumbnail","6":"product_brand-themeforest","7":"product_cat-de-multiples-fines","8":"product_cat-temas","9":"product_cat-wordpress-temas","10":"product_tag-themeforest","11":"member-discount","12":"discount-restricted","14":"first","15":"instock","16":"sale","17":"downloadable","18":"virtual","19":"sold-individually","20":"purchasable","21":"product-type-simple"},"_links":{"self":[{"href":"https:\/\/gpl-love.com\/es\/wp-json\/wp\/v2\/product\/113228","targetHints":{"allow":["GET"]}}],"collection":[{"href":"https:\/\/gpl-love.com\/es\/wp-json\/wp\/v2\/product"}],"about":[{"href":"https:\/\/gpl-love.com\/es\/wp-json\/wp\/v2\/types\/product"}],"replies":[{"embeddable":true,"href":"https:\/\/gpl-love.com\/es\/wp-json\/wp\/v2\/comments?post=113228"}],"wp:featuredmedia":[{"embeddable":true,"href":"https:\/\/gpl-love.com\/es\/wp-json\/wp\/v2\/media\/165823"}],"wp:attachment":[{"href":"https:\/\/gpl-love.com\/es\/wp-json\/wp\/v2\/media?parent=113228"}],"wp:term":[{"taxonomy":"product_brand","embeddable":true,"href":"https:\/\/gpl-love.com\/es\/wp-json\/wp\/v2\/product_brand?post=113228"},{"taxonomy":"product_cat","embeddable":true,"href":"https:\/\/gpl-love.com\/es\/wp-json\/wp\/v2\/product_cat?post=113228"},{"taxonomy":"product_tag","embeddable":true,"href":"https:\/\/gpl-love.com\/es\/wp-json\/wp\/v2\/product_tag?post=113228"}],"curies":[{"name":"wp","href":"https:\/\/api.w.org\/{rel}","templated":true}]}}