{"id":113226,"date":"2025-12-28T00:00:00","date_gmt":"2025-12-28T05:00:00","guid":{"rendered":"http:\/\/gpl-love.com\/es\/?post_type=product&#038;p=113226"},"modified":"2026-03-13T17:20:58","modified_gmt":"2026-03-13T22:20:58","slug":"flozen-woocommerce-ajax-wordpress-theme","status":"publish","type":"product","link":"https:\/\/gpl-love.com\/es\/producto\/flozen-woocommerce-ajax-wordpress-theme\/","title":{"rendered":"Flozen WooCommerce AJAX WordPress Theme 1.5.4"},"content":{"rendered":"<h3>Flozen WooCommerce AJAX WordPress Theme Caracteristicas<\/h3>\n<p>El tema Flozen WooCommerce Ajax WordPress es una soluci\u00f3n de comercio electr\u00f3nico de vanguardia y altamente adaptable que proporciona una amplia gama de caracter\u00edsticas personalizables que atiende espec\u00edficamente a los usuarios de WordPress. Este notable tema ha sido intrincadamente dise\u00f1ado con la incorporaci\u00f3n de la tecnolog\u00eda AJAX avanzada, facilitando as\u00ed una experiencia de compra perfecta y sin problemas para los clientes, al tiempo que reduce los tiempos de carga de la p\u00e1gina simult\u00e1neamente en un grado significativo. Al integrarse perfectamente con la poderosa plataforma de WooCommerce, Flozen ofrece una selecci\u00f3n diversa de dise\u00f1os y estilos de productos para elegir, junto con el beneficio adicional de encabezados y pies de p\u00e1gina personalizables, y una multitud de pasarelas de pago para adaptarse a las preferencias individuales. Adem\u00e1s, este tema excepcional cuenta con la comodidad de un constructor de p\u00e1ginas de arrastrar y soltar f\u00e1cilmente de usar, integraci\u00f3n de redes sociales sin problemas y un dise\u00f1o impresionantemente receptivo que garantiza una tienda en l\u00ednea visualmente atractiva, independientemente del dispositivo que se utilice para acceder a \u00e9l. Con Flozen, el proceso de crear una tienda en l\u00ednea profesional y centrada en el cliente se ha simplificado en un grado extraordinario, atrayendo sin esfuerzo a los clientes y generando ventas sustanciales en el proceso.<\/p>\n<ul>\n<li>Dise\u00f1o moderno y elegante ideal para cualquier tienda en l\u00ednea<\/li>\n<li>Construido utilizando las \u00faltimas tecnolog\u00edas web, incluidas AJAX y JQuery<\/li>\n<li>Muchas opciones de personalizaci\u00f3n, incluidos 6 dise\u00f1os de p\u00e1gina de inicio y m\u00faltiples esquemas de color<\/li>\n<li>Dise\u00f1o totalmente receptivo que funciona perfectamente en todos los dispositivos<\/li>\n<li>Configuraci\u00f3n r\u00e1pida y f\u00e1cil con el importador de demostraci\u00f3n de un solo clic<\/li>\n<li>Admite numerosas caracter\u00edsticas de WooCommerce, como calificaciones y revisiones de productos, lista de deseos y m\u00e1s<\/li>\n<li>SEO optimizado para mejores clasificaciones en los resultados de los motores de b\u00fasqueda<\/li>\n<li>Ideal para empresas que buscan vender productos en l\u00ednea con facilidad<\/li>\n<li>Viene con una documentaci\u00f3n detallada y un equipo dedicado de atenci\u00f3n al cliente<\/li>\n<li>Actualizaciones regulares y correcciones de errores para garantizar el mejor rendimiento para su sitio web.<\/li>\n<\/ul>\n","protected":false},"excerpt":{"rendered":"<p>Eleve su tienda en l\u00ednea y mejore el crecimiento de su negocio con el excepcional tema de WordPress de WooCommerce de WooCommerce. Dise\u00f1ado para ser potente y adaptable, este tema notable sufre optimizaci\u00f3n para garantizar un rendimiento \u00f3ptimo y tiempos de carga r\u00e1pidos, garantizando una experiencia de navegaci\u00f3n a la comprobaci\u00f3n de sus clientes estimados. Con un dise\u00f1o contempor\u00e1neo y refinado, junto con la capacidad de personalizar las opciones de dise\u00f1o y aprovechar la funcionalidad avanzada de Ajax, el tema Flozen presenta una soluci\u00f3n con todo incluido para dise\u00f1ar un sitio web de comercio electr\u00f3nico exquisito y pr\u00f3spero.<\/p>\n","protected":false},"featured_media":166123,"comment_status":"open","ping_status":"open","template":"","meta":[],"product_brand":[2337],"product_cat":[1263,1264,1237],"product_tag":[1391],"class_list":{"0":"post-113226","1":"product","2":"type-product","3":"status-publish","4":"has-post-thumbnail","6":"product_brand-themeforest","7":"product_cat-comercio-electronico-temas","8":"product_cat-negocio","9":"product_cat-temas","10":"product_tag-themeforest","11":"member-discount","12":"discount-restricted","14":"first","15":"instock","16":"sale","17":"downloadable","18":"virtual","19":"sold-individually","20":"purchasable","21":"product-type-simple"},"_links":{"self":[{"href":"https:\/\/gpl-love.com\/es\/wp-json\/wp\/v2\/product\/113226","targetHints":{"allow":["GET"]}}],"collection":[{"href":"https:\/\/gpl-love.com\/es\/wp-json\/wp\/v2\/product"}],"about":[{"href":"https:\/\/gpl-love.com\/es\/wp-json\/wp\/v2\/types\/product"}],"replies":[{"embeddable":true,"href":"https:\/\/gpl-love.com\/es\/wp-json\/wp\/v2\/comments?post=113226"}],"wp:featuredmedia":[{"embeddable":true,"href":"https:\/\/gpl-love.com\/es\/wp-json\/wp\/v2\/media\/166123"}],"wp:attachment":[{"href":"https:\/\/gpl-love.com\/es\/wp-json\/wp\/v2\/media?parent=113226"}],"wp:term":[{"taxonomy":"product_brand","embeddable":true,"href":"https:\/\/gpl-love.com\/es\/wp-json\/wp\/v2\/product_brand?post=113226"},{"taxonomy":"product_cat","embeddable":true,"href":"https:\/\/gpl-love.com\/es\/wp-json\/wp\/v2\/product_cat?post=113226"},{"taxonomy":"product_tag","embeddable":true,"href":"https:\/\/gpl-love.com\/es\/wp-json\/wp\/v2\/product_tag?post=113226"}],"curies":[{"name":"wp","href":"https:\/\/api.w.org\/{rel}","templated":true}]}}