{"id":113222,"date":"2023-04-19T00:00:00","date_gmt":"2023-04-19T05:00:00","guid":{"rendered":"http:\/\/gpl-love.com\/es\/?post_type=product&#038;p=113222"},"modified":"2026-04-10T11:19:00","modified_gmt":"2026-04-10T16:19:00","slug":"newstar-magazine-y-news-wordpress-theme","status":"publish","type":"product","link":"https:\/\/gpl-love.com\/es\/producto\/newstar-magazine-y-news-wordpress-theme\/","title":{"rendered":"NewStar Magazine y News WordPress Theme 1.3.7"},"content":{"rendered":"<h3>NewStar Magazine y News WordPress Theme Caracteristicas<\/h3>\n<p>El tema de la revista NewStar y News WordPress se presenta como una soluci\u00f3n extraordinaria para las personas que buscan establecer un sitio web que exude profesionalismo y elegancia, espec\u00edficamente adaptada a las noticias y el contenido de revistas. Este tema ha sido meticulosamente elaborado con un dise\u00f1o receptivo, lo que significa que posee la capacidad de adaptarse perfectamente a cualquier dispositivo, asegurando as\u00ed que sus lectores se entregan a una experiencia de navegaci\u00f3n perfecta, independientemente de su aparato tecnol\u00f3gico preferido. Adem\u00e1s, este tema muestra con orgullo una gran cantidad de caracter\u00edsticas que personifican la excelencia, lo que lo convierte en una excelente opci\u00f3n para cualquier persona que tenga como objetivo establecer una presencia en l\u00ednea dominante. En virtud de sus widgets personalizables, creador de p\u00e1ginas integrado y una variedad de opciones f\u00e1ciles de usar, poseer\u00e1 autonom\u00eda absoluta sobre la est\u00e9tica visual y las funcionalidades operativas de su sitio web. Independientemente de si usted es un desarrollador web experimentado o un novato que se embarca en el viaje de la creaci\u00f3n de la p\u00e1gina web, la revista NewStar y el tema de WordPress de News se presenta indudablemente como una soluci\u00f3n ejemplar para aquellos que desean crear una plataforma inmersiva en l\u00ednea que cautiva a sus lectores.<\/p>\n<ul>\n<li>Un dise\u00f1o elegante y moderno con opciones personalizables para adaptarse a su marca<\/li>\n<li>Dise\u00f1ado espec\u00edficamente para sitios web de revistas y noticias<\/li>\n<li>Incluye un creador de p\u00e1ginas de arrastrar y soltar para una f\u00e1cil personalizaci\u00f3n<\/li>\n<li>Totalmente receptivo y amigable para m\u00f3viles<\/li>\n<li>Incluye m\u00faltiples estilos de encabezado y pie de p\u00e1gina, as\u00ed como varios dise\u00f1os posteriores<\/li>\n<li>Opciones de intercambio de redes sociales incorporadas para aumentar el compromiso<\/li>\n<li>Incluye opciones para m\u00faltiples ubicaciones de anuncios para monetizar su sitio<\/li>\n<li>Motor de b\u00fasqueda optimizado para una mejor visibilidad<\/li>\n<li>Compatible con una variedad de complementos populares, incluidos WooCommerce y el Formulario de contacto 7<\/li>\n<li>Documentaci\u00f3n integral y atenci\u00f3n al cliente dedicada incluida.<\/li>\n<\/ul>\n","protected":false},"excerpt":{"rendered":"<p>El tema de la revista NewStar y News WordPress se presenta como una opci\u00f3n impecable para las personas que participan en los blogs y la operaci\u00f3n de sitios web de noticias, anhelando una v\u00eda para mostrar su contenido con un aire de profesionalismo y contemporaneidad. Este tema particular ofrece el lujo de la personalizaci\u00f3n completa, otorgando a los usuarios un lienzo sin restricciones sobre el cual los dise\u00f1os y colores pueden pintar meticulosamente. Adem\u00e1s, cuenta con una variedad de caracter\u00edsticas impresionantes, que abarca los gustos de los widgets personalizables, la integraci\u00f3n perfecta con las plataformas de redes sociales, los men\u00fas deslizantes sin problemas y una variedad de aumentos que se extienden mucho m\u00e1s all\u00e1 de estas ofertas rudimentarias. Con su panel de opciones robustas y una interfaz que encarna la facilidad de uso en su forma m\u00e1s pura, la revista NewStar y el tema de WordPress de News de News se destacan como un faro de esperanza para aquellos en busca de un tema que exude tanto la elegancia como la practicidad.<\/p>\n","protected":false},"featured_media":166984,"comment_status":"open","ping_status":"open","template":"","meta":[],"product_brand":[2337],"product_cat":[1245,1237,1238],"product_tag":[1391],"class_list":{"0":"post-113222","1":"product","2":"type-product","3":"status-publish","4":"has-post-thumbnail","6":"product_brand-themeforest","7":"product_cat-blog-revista","8":"product_cat-temas","9":"product_cat-wordpress-temas","10":"product_tag-themeforest","11":"member-discount","12":"discount-restricted","14":"first","15":"instock","16":"sale","17":"downloadable","18":"virtual","19":"sold-individually","20":"purchasable","21":"product-type-simple"},"_links":{"self":[{"href":"https:\/\/gpl-love.com\/es\/wp-json\/wp\/v2\/product\/113222","targetHints":{"allow":["GET"]}}],"collection":[{"href":"https:\/\/gpl-love.com\/es\/wp-json\/wp\/v2\/product"}],"about":[{"href":"https:\/\/gpl-love.com\/es\/wp-json\/wp\/v2\/types\/product"}],"replies":[{"embeddable":true,"href":"https:\/\/gpl-love.com\/es\/wp-json\/wp\/v2\/comments?post=113222"}],"wp:featuredmedia":[{"embeddable":true,"href":"https:\/\/gpl-love.com\/es\/wp-json\/wp\/v2\/media\/166984"}],"wp:attachment":[{"href":"https:\/\/gpl-love.com\/es\/wp-json\/wp\/v2\/media?parent=113222"}],"wp:term":[{"taxonomy":"product_brand","embeddable":true,"href":"https:\/\/gpl-love.com\/es\/wp-json\/wp\/v2\/product_brand?post=113222"},{"taxonomy":"product_cat","embeddable":true,"href":"https:\/\/gpl-love.com\/es\/wp-json\/wp\/v2\/product_cat?post=113222"},{"taxonomy":"product_tag","embeddable":true,"href":"https:\/\/gpl-love.com\/es\/wp-json\/wp\/v2\/product_tag?post=113222"}],"curies":[{"name":"wp","href":"https:\/\/api.w.org\/{rel}","templated":true}]}}