{"id":113220,"date":"2021-05-09T00:00:00","date_gmt":"2021-05-09T05:00:00","guid":{"rendered":"http:\/\/gpl-love.com\/es\/?post_type=product&#038;p=113220"},"modified":"2026-03-13T17:15:16","modified_gmt":"2026-03-13T22:15:16","slug":"aden-a-wordpress-blog-them","status":"publish","type":"product","link":"https:\/\/gpl-love.com\/es\/producto\/aden-a-wordpress-blog-them\/","title":{"rendered":"Aden A WordPress Blog Theme 3.1.7"},"content":{"rendered":"<h3>Aden A WordPress Blog Theme Caracteristicas<\/h3>\n<p>Aden, un tema de blog de WordPress bellamente dise\u00f1ado, ha sido meticulosamente dise\u00f1ado para satisfacer las necesidades de los bloggers que tienen como objetivo presentar su contenido de una manera atractiva y cautivadora. Este tema cuenta con una capacidad de respuesta completa, asegurando que su blog irradiar\u00e1 la excelencia en todas las plataformas, ya sean escritorios, tabletas o tel\u00e9fonos inteligentes. La abundancia de opciones de personalizaci\u00f3n le permite adaptar sin esfuerzo el tema para alinearse perfectamente con su identidad de marca y estilo personal. Adem\u00e1s, el tema abarca una mir\u00edada de formatos de publicaci\u00f3n, lo que le permite mostrar su contenido en una gran cantidad de formas cautivadoras, que abarca im\u00e1genes, videos, galer\u00edas y citas. El dise\u00f1o elegante y minimalista de Aden coloca impecablemente su contenido a la vanguardia, mientras que su navegaci\u00f3n intuitiva y la interfaz f\u00e1cil de usar proporcionan una experiencia perfecta para sus lectores valiosos, lo que hace que sea muy f\u00e1cil para ellos descubrir precisamente lo que buscan. Sin lugar a dudas, Aden, el notable tema del blog de WordPress, es una elecci\u00f3n incomparable para los bloggers que anhelan establecer una presencia digital sofisticada y visualmente cautivadora.<\/p>\n<ul>\n<li>Aden es un tema de blog de WordPress moderno y elegante dise\u00f1ado para bloggers y creadores de contenido<\/li>\n<li>El tema es totalmente receptivo y se ve muy bien en todos los dispositivos, desde escritorios hasta tel\u00e9fonos inteligentes.<\/li>\n<li>Aden viene con un poderoso panel de opciones de tema que le permite personalizar todos los aspectos del dise\u00f1o y la funcionalidad de su blog<\/li>\n<li>Con varios dise\u00f1os de p\u00e1gina de inicio diferentes para elegir, puede crear f\u00e1cilmente un aspecto \u00fanico y personalizado para su blog.<\/li>\n<li>Aden est\u00e1 optimizado para SEO, asegurando que su blog se ubique bien en los motores de b\u00fasqueda y atraiga a m\u00e1s visitantes<\/li>\n<li>El tema es f\u00e1cil de instalar y viene con documentaci\u00f3n detallada y soporte amigable.<\/li>\n<li>Aden se integra a la perfecci\u00f3n con los complementos populares de WordPress como WooCommerce, JetPack y el Formulario de contacto 7<\/li>\n<li>Con Aden, tendr\u00e1 acceso a una variedad de plantillas predise\u00f1adas para publicaciones, p\u00e1ginas y archivos, lo que facilita la creaci\u00f3n de contenido hermoso y sin esfuerzo.<\/li>\n<li>El tema est\u00e1 bien codificado y sigue las mejores pr\u00e1cticas para el desarrollo de WordPress, asegurando la estabilidad, la seguridad y la compatibilidad con las futuras actualizaciones de WordPress<\/li>\n<li>Aden se actualiza regularmente con nuevas caracter\u00edsticas y mejoras, asegurando que su blog permanezca actual y de vanguardia.<\/li>\n<\/ul>\n","protected":false},"excerpt":{"rendered":"<p>El tema del blog de Aden WordPress es la opci\u00f3n ideal para los bloggers que valoran un dise\u00f1o de blog inmaculado y refinado. Este tema ofrece una experiencia de blogs personalizada a trav\u00e9s de su gran cantidad de dise\u00f1os de blog personalizables y colores de blog manipulables. Puede agregar un toque personal a su blog cambiando la imagen de encabezado personalizable.<\/p>\n<p>Aden tambi\u00e9n incorpora una funci\u00f3n de intercambio social incorporada, lo que facilita su contenido llegar a los amigos y seguidores de sus lectores, asegurando as\u00ed la difusi\u00f3n de contenido sin esfuerzo. Para aquellos que buscan convertir su blog en una empresa rentable, la integraci\u00f3n de WooCommerce de Aden puede ser una bendici\u00f3n. Esta caracter\u00edstica permite la generaci\u00f3n de ingresos sin problemas a trav\u00e9s del blog al facilitar la venta de productos o servicios.<\/p>\n<p>Este tema de blog receptivo y amigable con los dispositivos m\u00f3viles garantiza una apariencia de blog impresionante en cualquier dispositivo. Su interfaz de blog f\u00e1cil de usar hace que la personalizaci\u00f3n simplificada del blog y el establecimiento de blog expedido. Aden proporciona una experiencia de blogs personalizada y rentable con su inmaculado dise\u00f1o de blog.<\/p>\n","protected":false},"featured_media":165260,"comment_status":"open","ping_status":"open","template":"","meta":[],"product_brand":[2337],"product_cat":[1245,1237,1238],"product_tag":[1391],"class_list":{"0":"post-113220","1":"product","2":"type-product","3":"status-publish","4":"has-post-thumbnail","6":"product_brand-themeforest","7":"product_cat-blog-revista","8":"product_cat-temas","9":"product_cat-wordpress-temas","10":"product_tag-themeforest","11":"member-discount","12":"discount-restricted","14":"first","15":"instock","16":"sale","17":"downloadable","18":"virtual","19":"sold-individually","20":"purchasable","21":"product-type-simple"},"_links":{"self":[{"href":"https:\/\/gpl-love.com\/es\/wp-json\/wp\/v2\/product\/113220","targetHints":{"allow":["GET"]}}],"collection":[{"href":"https:\/\/gpl-love.com\/es\/wp-json\/wp\/v2\/product"}],"about":[{"href":"https:\/\/gpl-love.com\/es\/wp-json\/wp\/v2\/types\/product"}],"replies":[{"embeddable":true,"href":"https:\/\/gpl-love.com\/es\/wp-json\/wp\/v2\/comments?post=113220"}],"wp:featuredmedia":[{"embeddable":true,"href":"https:\/\/gpl-love.com\/es\/wp-json\/wp\/v2\/media\/165260"}],"wp:attachment":[{"href":"https:\/\/gpl-love.com\/es\/wp-json\/wp\/v2\/media?parent=113220"}],"wp:term":[{"taxonomy":"product_brand","embeddable":true,"href":"https:\/\/gpl-love.com\/es\/wp-json\/wp\/v2\/product_brand?post=113220"},{"taxonomy":"product_cat","embeddable":true,"href":"https:\/\/gpl-love.com\/es\/wp-json\/wp\/v2\/product_cat?post=113220"},{"taxonomy":"product_tag","embeddable":true,"href":"https:\/\/gpl-love.com\/es\/wp-json\/wp\/v2\/product_tag?post=113220"}],"curies":[{"name":"wp","href":"https:\/\/api.w.org\/{rel}","templated":true}]}}