{"id":113218,"date":"2022-02-08T00:00:00","date_gmt":"2022-02-08T05:00:00","guid":{"rendered":"http:\/\/gpl-love.com\/es\/?post_type=product&#038;p=113218"},"modified":"2026-04-10T11:33:16","modified_gmt":"2026-04-10T16:33:16","slug":"woocommerce-product-catalog-mode-y-enquiry-form","status":"publish","type":"product","link":"https:\/\/gpl-love.com\/es\/producto\/woocommerce-product-catalog-mode-y-enquiry-form\/","title":{"rendered":"WooCommerce Product Catalog Mode y Enquiry Form 1.8.4"},"content":{"rendered":"<h3>WooCommerce Product Catalog Mode y Enquiry Form Caracteristicas<\/h3>\n<p>El modo de cat\u00e1logo de productos de WooCommerce y el formulario de consulta es una herramienta excepcionalmente poderosa que satisface las necesidades de los gerentes y propietarios de tiendas en l\u00ednea, con el objetivo de aumentar la experiencia de navegaci\u00f3n de sus clientes con un toque m\u00e1s personalizado. Este complemento excepcional le otorga la capacidad de dise\u00f1ar un cat\u00e1logo elaborado que incorpore todos sus productos, que la clientela puede leer a su ocio sin la presi\u00f3n de realizar compras inmediatas. Adem\u00e1s, proporciona un formulario de consulta altamente personalizable, brindando a los clientes la oportunidad de adquirir una mayor aclaraci\u00f3n con respecto a productos espec\u00edficos o incluso solicitar una cotizaci\u00f3n personalizada adaptada a sus preferencias \u00fanicas. Como una ventaja adicional, este complemento cuenta con un proceso de instalaci\u00f3n sin esfuerzo y una interfaz f\u00e1cil de usar, junto con una variedad de opciones que le permiten adaptar el cat\u00e1logo y el formulario de consulta para alinearse impecablemente con los requisitos previos de su estimada tienda. Si su aspiraci\u00f3n radica en perfeccionar la experiencia de navegaci\u00f3n de sus clientes o adquirir mayores ideas sobre sus necesidades, el modo de cat\u00e1logo de productos de WooCommerce y el formulario de consulta es un activo incomparable para cualquier tienda en l\u00ednea que valga la pena.<\/p>\n<ul>\n<li>Le permite cambiar su tienda WooCommerce al modo de cat\u00e1logo<\/li>\n<li>Oculta el bot\u00f3n \u00abAgregar al carrito\u00bb y lo reemplaza con un bot\u00f3n \u00abConsulta\u00bb<\/li>\n<li>Ofrece a los clientes la capacidad de enviar consultas sobre productos directamente desde la p\u00e1gina de la tienda<\/li>\n<li>Tiendas consultas en el tablero de WordPress para una f\u00e1cil gesti\u00f3n y seguimiento<\/li>\n<li>Le permite personalizar el formulario de consulta para que se ajuste a las necesidades de su tienda<\/li>\n<li>Proporciona a los clientes una experiencia de compra perfecta y fomenta el compromiso y la comunicaci\u00f3n.<\/li>\n<li>Ayuda a reducir el abandono del carrito al proporcionar a los clientes una forma alternativa de preguntar sobre los productos que les interesa<\/li>\n<li>Perfecto para tiendas que ofrecen productos personalizables o personalizados, o para empresas que desean ofrecer una experiencia de compra m\u00e1s personalizada para sus clientes.<\/li>\n<\/ul>\n","protected":false},"excerpt":{"rendered":"<p>Al utilizar el modo de cat\u00e1logo de productos de WooCommerce y el formulario de consulta, los propietarios de las tiendas en l\u00ednea est\u00e1n facultados para transformar sin esfuerzo sus sitios web de WooCommerce en cat\u00e1logos integrales de productos, ofreciendo a los clientes la oportunidad de examinar varios productos sin la opci\u00f3n de realizar compras directas. En el caso de que un cliente se encuentre cautivado por un producto en particular, puede emplear sin problemas el formulario de consulta integrado para comunicarse instant\u00e1neamente con el propietario de la tienda, facilitando as\u00ed una v\u00eda conveniente para adquirir informaci\u00f3n adicional o iniciar una transacci\u00f3n fuera de l\u00ednea. La simplicidad inherente y la maleabilidad de este complemento lo convierten en una soluci\u00f3n inequ\u00edvocamente \u00f3ptima para cualquier establecimiento de WooCommerce que busque proporcionar a la clientela un mecanismo simplificado para consultas de productos.<\/p>\n","protected":false},"featured_media":168219,"comment_status":"open","ping_status":"open","template":"","meta":[],"product_brand":[2339],"product_cat":[1207,1248,1206],"product_tag":[1256],"class_list":{"0":"post-113218","1":"product","2":"type-product","3":"status-publish","4":"has-post-thumbnail","6":"product_brand-codecanyon","7":"product_cat-comercio-electronico-plugins","8":"product_cat-personalizacion-comercio-electronico-plugins","9":"product_cat-plugins","10":"product_tag-codecanyon","11":"member-discount","12":"discount-restricted","14":"first","15":"instock","16":"sale","17":"downloadable","18":"virtual","19":"sold-individually","20":"purchasable","21":"product-type-simple"},"_links":{"self":[{"href":"https:\/\/gpl-love.com\/es\/wp-json\/wp\/v2\/product\/113218","targetHints":{"allow":["GET"]}}],"collection":[{"href":"https:\/\/gpl-love.com\/es\/wp-json\/wp\/v2\/product"}],"about":[{"href":"https:\/\/gpl-love.com\/es\/wp-json\/wp\/v2\/types\/product"}],"replies":[{"embeddable":true,"href":"https:\/\/gpl-love.com\/es\/wp-json\/wp\/v2\/comments?post=113218"}],"wp:featuredmedia":[{"embeddable":true,"href":"https:\/\/gpl-love.com\/es\/wp-json\/wp\/v2\/media\/168219"}],"wp:attachment":[{"href":"https:\/\/gpl-love.com\/es\/wp-json\/wp\/v2\/media?parent=113218"}],"wp:term":[{"taxonomy":"product_brand","embeddable":true,"href":"https:\/\/gpl-love.com\/es\/wp-json\/wp\/v2\/product_brand?post=113218"},{"taxonomy":"product_cat","embeddable":true,"href":"https:\/\/gpl-love.com\/es\/wp-json\/wp\/v2\/product_cat?post=113218"},{"taxonomy":"product_tag","embeddable":true,"href":"https:\/\/gpl-love.com\/es\/wp-json\/wp\/v2\/product_tag?post=113218"}],"curies":[{"name":"wp","href":"https:\/\/api.w.org\/{rel}","templated":true}]}}