{"id":113216,"date":"2026-03-20T00:00:00","date_gmt":"2026-03-20T05:00:00","guid":{"rendered":"http:\/\/gpl-love.com\/es\/?post_type=product&#038;p=113216"},"modified":"2026-04-10T11:33:08","modified_gmt":"2026-04-10T16:33:08","slug":"woocommerce-photo-reviews","status":"publish","type":"product","link":"https:\/\/gpl-love.com\/es\/producto\/woocommerce-photo-reviews\/","title":{"rendered":"WooCommerce Photo Reviews 1.4.14"},"content":{"rendered":"<h3>WooCommerce Photo Reviews Caracteristicas<\/h3>\n<p>El complemento WooCommerce Photo Reviews es una herramienta excepcional que ofrece a los clientes la oportunidad de cargar sin problemas fotos cautivadoras para acompa\u00f1ar sus revisiones de productos dentro de su tienda WooCommerce. Este notable complemento eleva significativamente la experiencia del cliente al proporcionar una representaci\u00f3n visualmente atractiva de la apariencia y la funcionalidad del producto en un entorno de la vida real. Adem\u00e1s, fomenta efectivamente la participaci\u00f3n del cliente al tiempo que aumenta las tasas de conversi\u00f3n a trav\u00e9s del establecimiento de confianza y credibilidad. En particular, el complemento est\u00e1 instalado sin esfuerzo y se puede adaptar sin esfuerzo para adaptarse a sus preferencias espec\u00edficas, integr\u00e1ndose sin problemas con su plataforma de WooCommerce preexistente. Al incorporar las notables capacidades del complemento de revisiones de fotos de WooCommerce, su tienda en l\u00ednea sin duda trascender\u00e1 a alturas sin precedentes, ya que permite a los clientes compartir sin esfuerzo sus experiencias y productos de productos sin igual de una manera notablemente din\u00e1mica.<\/p>\n<ul>\n<li>Permite a los clientes dejar revisiones de fotos en productos en su tienda WooCommerce<\/li>\n<li>Las im\u00e1genes se muestran junto con las revisiones de texto, proporcionando una experiencia de compra m\u00e1s detallada y atractiva para otros clientes<\/li>\n<li>Los administradores pueden aprobar o rechazar fotos antes de que se publiquen para garantizar la calidad y relevancia de las revisiones<\/li>\n<li>Se ha demostrado que las revisiones con im\u00e1genes aumentan las ventas y la confianza del cliente en sus productos.<\/li>\n<li>Se integra a la perfecci\u00f3n con WooCommerce y es f\u00e1cil de instalar y usar<\/li>\n<li>Proporciona potentes an\u00e1lisis de an\u00e1lisis e informes para rastrear los comentarios de los clientes y mejorar la calidad del producto.<\/li>\n<li>El dise\u00f1o que responde a dispositivos m\u00f3viles asegura que sus clientes puedan dejar rese\u00f1as y cargar im\u00e1genes desde cualquier dispositivo<\/li>\n<li>Proporciona una excelente manera de mostrar la satisfacci\u00f3n y la lealtad del cliente en su tienda, agregando valor y credibilidad a su marca<\/li>\n<\/ul>\n","protected":false},"excerpt":{"rendered":"<p>WooCommerce Photo Reviews se presenta como un complemento muy potente que faculta a los clientes integrar las im\u00e1genes sin problemas junto con sus rese\u00f1as de productos en su tienda WooCommerce. En virtud de este notable complemento, obtiene la ventaja excepcional de mostrar efectivamente fotograf\u00edas aut\u00e9nticas y de la vida real de sus productos en acci\u00f3n, mejorando significativamente la credibilidad de las revisiones de sus clientes y al mismo tiempo reforzar su rendimiento general de ventas. Adem\u00e1s, este complemento cuenta con una experiencia de usuario sin esfuerzo complementada por su personalizaci\u00f3n completa, lo que le permite alinearlo sin esfuerzo con la marca \u00fanica de su tienda. Otorgue a sus estimados clientes la capacidad invaluable de exhibir con orgullo sus compras a trav\u00e9s de las capacidades excepcionales de las revisiones de fotos de WooCommerce.<\/p>\n","protected":false},"featured_media":168207,"comment_status":"open","ping_status":"open","template":"","meta":[],"product_brand":[2339],"product_cat":[1207,1248,1206],"product_tag":[1256],"class_list":{"0":"post-113216","1":"product","2":"type-product","3":"status-publish","4":"has-post-thumbnail","6":"product_brand-codecanyon","7":"product_cat-comercio-electronico-plugins","8":"product_cat-personalizacion-comercio-electronico-plugins","9":"product_cat-plugins","10":"product_tag-codecanyon","11":"member-discount","12":"discount-restricted","14":"first","15":"instock","16":"sale","17":"downloadable","18":"virtual","19":"sold-individually","20":"purchasable","21":"product-type-simple"},"_links":{"self":[{"href":"https:\/\/gpl-love.com\/es\/wp-json\/wp\/v2\/product\/113216","targetHints":{"allow":["GET"]}}],"collection":[{"href":"https:\/\/gpl-love.com\/es\/wp-json\/wp\/v2\/product"}],"about":[{"href":"https:\/\/gpl-love.com\/es\/wp-json\/wp\/v2\/types\/product"}],"replies":[{"embeddable":true,"href":"https:\/\/gpl-love.com\/es\/wp-json\/wp\/v2\/comments?post=113216"}],"wp:featuredmedia":[{"embeddable":true,"href":"https:\/\/gpl-love.com\/es\/wp-json\/wp\/v2\/media\/168207"}],"wp:attachment":[{"href":"https:\/\/gpl-love.com\/es\/wp-json\/wp\/v2\/media?parent=113216"}],"wp:term":[{"taxonomy":"product_brand","embeddable":true,"href":"https:\/\/gpl-love.com\/es\/wp-json\/wp\/v2\/product_brand?post=113216"},{"taxonomy":"product_cat","embeddable":true,"href":"https:\/\/gpl-love.com\/es\/wp-json\/wp\/v2\/product_cat?post=113216"},{"taxonomy":"product_tag","embeddable":true,"href":"https:\/\/gpl-love.com\/es\/wp-json\/wp\/v2\/product_tag?post=113216"}],"curies":[{"name":"wp","href":"https:\/\/api.w.org\/{rel}","templated":true}]}}