{"id":113214,"date":"2021-11-21T00:00:00","date_gmt":"2021-11-21T05:00:00","guid":{"rendered":"http:\/\/gpl-love.com\/es\/?post_type=product&#038;p=113214"},"modified":"2026-03-09T08:25:25","modified_gmt":"2026-03-09T13:25:25","slug":"woocommerce-show-variations-as-single-products","status":"publish","type":"product","link":"https:\/\/gpl-love.com\/es\/producto\/woocommerce-show-variations-as-single-products\/","title":{"rendered":"WooCommerce Show Variations as Single Products 1.3.19"},"content":{"rendered":"<h3>WooCommerce Show Variations as Single Products Caracteristicas<\/h3>\n<p>El WooCommerce muestra variaciones como complemento de productos \u00fanicos, una herramienta robusta dise\u00f1ada para mejorar la experiencia de compra en l\u00ednea, empodera a los minoristas al permitirles presentar sus variaciones de productos como entidades independientes. Este ingenioso complemento resulta particularmente ventajoso para las empresas que luchan con una amplia gama de variaciones, ya que simplifica el proceso de navegaci\u00f3n, aumentando invariablemente la probabilidad de asegurar las ventas. Aprovechando este complemento, los minoristas pueden exhibir sin problemas im\u00e1genes y descripciones para cada variaci\u00f3n distinta, al tiempo que tienen la libertad de establecer estructuras de precios \u00fanicas y niveles de stock. En \u00faltima instancia, la naturaleza indispensable del WooCommerce muestra variaciones como complemento de productos individuales trasciende el \u00e1mbito del comercio digital, consolidando su estado como un activo esencial para todos los minoristas en l\u00ednea que se esfuerzan por optimizar los viajes de compras de sus clientes y reforzar la generaci\u00f3n de ingresos.<\/p>\n<ul>\n<li>Muestra variaciones de productos como productos separados<\/li>\n<li>Cada variaci\u00f3n obtiene su propia p\u00e1gina de producto \u00fanica<\/li>\n<li>Permite a los clientes ver y comprar f\u00e1cilmente variaciones espec\u00edficas.<\/li>\n<li>Mejora la navegaci\u00f3n del sitio web y la experiencia del usuario<\/li>\n<li>Compatible con la plataforma WooCommerce<\/li>\n<li>F\u00e1cil de instalar y usar<\/li>\n<li>Aumenta el potencial de ventas al permitir que los clientes naveguen y compren variaciones espec\u00edficas<\/li>\n<li>Ahorra tiempo y reduce la confusi\u00f3n tanto para los clientes como para los propietarios de tiendas<\/li>\n<li>Proporciona una mayor flexibilidad y opciones de personalizaci\u00f3n para tiendas en l\u00ednea.<\/li>\n<\/ul>\n","protected":false},"excerpt":{"rendered":"<p>Con la utilizaci\u00f3n de este complemento de WooCommerce, se le proporciona la valiosa capacidad para exhibir variaciones de productos como entidades distintas dentro de su emporio digital. En \u00faltima instancia, esta funcionalidad optimiza el proceso de compra para su estimada clientela, ya que les presenta opciones expl\u00edcitas en lugar de inundarlas con una variedad excesiva de opciones. Esencialmente, cada variaci\u00f3n poseer\u00e1 su propia p\u00e1gina de producto dedicada, repleta de una SKU distintiva, estructura de precios y sistema de gesti\u00f3n de inventario. En consecuencia, podr\u00e1 conservar tanto el tiempo como el esfuerzo al obviar la necesidad de formular listados de productos separados para cada variaci\u00f3n individual.<\/p>\n","protected":false},"featured_media":168263,"comment_status":"open","ping_status":"open","template":"","meta":[],"product_brand":[2339],"product_cat":[1207,1248,1206],"product_tag":[1256],"class_list":{"0":"post-113214","1":"product","2":"type-product","3":"status-publish","4":"has-post-thumbnail","6":"product_brand-codecanyon","7":"product_cat-comercio-electronico-plugins","8":"product_cat-personalizacion-comercio-electronico-plugins","9":"product_cat-plugins","10":"product_tag-codecanyon","11":"member-discount","12":"discount-restricted","14":"first","15":"instock","16":"sale","17":"downloadable","18":"virtual","19":"sold-individually","20":"purchasable","21":"product-type-simple"},"_links":{"self":[{"href":"https:\/\/gpl-love.com\/es\/wp-json\/wp\/v2\/product\/113214","targetHints":{"allow":["GET"]}}],"collection":[{"href":"https:\/\/gpl-love.com\/es\/wp-json\/wp\/v2\/product"}],"about":[{"href":"https:\/\/gpl-love.com\/es\/wp-json\/wp\/v2\/types\/product"}],"replies":[{"embeddable":true,"href":"https:\/\/gpl-love.com\/es\/wp-json\/wp\/v2\/comments?post=113214"}],"wp:featuredmedia":[{"embeddable":true,"href":"https:\/\/gpl-love.com\/es\/wp-json\/wp\/v2\/media\/168263"}],"wp:attachment":[{"href":"https:\/\/gpl-love.com\/es\/wp-json\/wp\/v2\/media?parent=113214"}],"wp:term":[{"taxonomy":"product_brand","embeddable":true,"href":"https:\/\/gpl-love.com\/es\/wp-json\/wp\/v2\/product_brand?post=113214"},{"taxonomy":"product_cat","embeddable":true,"href":"https:\/\/gpl-love.com\/es\/wp-json\/wp\/v2\/product_cat?post=113214"},{"taxonomy":"product_tag","embeddable":true,"href":"https:\/\/gpl-love.com\/es\/wp-json\/wp\/v2\/product_tag?post=113214"}],"curies":[{"name":"wp","href":"https:\/\/api.w.org\/{rel}","templated":true}]}}