{"id":113212,"date":"2025-07-29T00:00:00","date_gmt":"2025-07-29T05:00:00","guid":{"rendered":"http:\/\/gpl-love.com\/es\/?post_type=product&#038;p=113212"},"modified":"2026-03-09T07:42:53","modified_gmt":"2026-03-09T12:42:53","slug":"ht-slider-pro-for-elementor","status":"publish","type":"product","link":"https:\/\/gpl-love.com\/es\/producto\/ht-slider-pro-for-elementor\/","title":{"rendered":"HT Slider Pro For Elementor 1.3.2"},"content":{"rendered":"<h3>HT Slider Pro For Elementor Caracteristicas<\/h3>\n<p>HT Slider Pro para Elementor es un complemento inmensamente potente, que ofrece a los usuarios la capacidad de crear controles deslizantes visualmente sin esfuerzo. Como conveniencia adicional, el complemento cuenta con una biblioteca expansiva de m\u00e1s de 80 plantillas predise\u00f1adas, que sirve como un punto de partida ideal para los esfuerzos de personalizaci\u00f3n. Empoderando a las personas con un sistema de control intuitivo y una interfaz de arrastrar y soltar sin problemas, este complemento permite la incorporaci\u00f3n sin esfuerzo de im\u00e1genes, videos y texto, lo que facilita la creaci\u00f3n de contenido verdaderamente distintivo y cautivador. Adem\u00e1s, este complemento excepcional est\u00e1 equipado con una mir\u00edada de caracter\u00edsticas avanzadas, incluida la inclusi\u00f3n del desplazamiento de paralaje, animaciones personalizadas y una variedad de opciones de dise\u00f1o. Adem\u00e1s, HT Slider Pro ofrece con orgullo a los usuarios una capacidad de respuesta completa, garantizando que los controles deslizantes mantengan su atractivo est\u00e9tico en todos los dispositivos. En esencia, HT Slider Pro para Elementor inequ\u00edvocamente emerge como una opci\u00f3n superlativa para cualquier persona que busque inyectar su sitio web con controles deslizantes din\u00e1micos y visualmente atractivos.<\/p>\n<ul>\n<li>Potente complemento de control deslizante dise\u00f1ado para elementor<\/li>\n<li>Dise\u00f1o de control deslizante suave y receptivo para cualquier p\u00e1gina web<\/li>\n<li>Interfaz f\u00e1cil de usar con la creaci\u00f3n de control deslizante de arrastre y drop<\/li>\n<li>M\u00e1s de 80 plantillas de control deslizante predise\u00f1adas para elegir<\/li>\n<li>Personalizar deslizadores con configuraciones avanzadas para transiciones, tiempo y m\u00e1s<\/li>\n<li>Agregue texto, im\u00e1genes y video a sus controles deslizantes para obtener contenido din\u00e1mico<\/li>\n<li>Animaciones deslizantes que incluyen Flip, Bounce, Fade y m\u00e1s<\/li>\n<li>Soporte de varios idiomas para usuarios internacionales<\/li>\n<li>Totalmente compatible con los entornos de Elemento y WordPress<\/li>\n<li>Viene con documentaci\u00f3n detallada y apoyo amistoso del equipo Slider de HT<\/li>\n<\/ul>\n","protected":false},"excerpt":{"rendered":"<p>HT Slider Pro para Elementor es un complemento muy buscado y exclusivo que ha sido meticulosamente elaborado para el usuario exigente de WordPress que desea nada menos que los controles deslizantes m\u00e1s agradables y cautivadores para su estimado sitio web. Con una interfaz intuitivamente dise\u00f1ada y una gran cantidad de funcionalidades de vanguardia, este complemento extraordinario le permite crear espect\u00e1culos de diapositivas impresionantes y presentaciones que no est\u00e1n preparadas para cautivar y cautivar a su apreciado audiencia, destacando efectivamente su contenido excepcional de una manera que no est\u00e1 paralizada en su sofisticaci\u00f3n y encanto. Independientemente de si usted es un blogger experimentado, un propietario de negocios emprendedor o un profesional creativo imaginativo e ingenioso, HT Slider Pro para Elementor emerge como la soluci\u00f3n por excelencia para elevar el encanto visual y el magnetismo de su estimado sitio web, deteniendo sin esfuerzo la atenci\u00f3n y la fascinaci\u00f3n de sus estimados visitantes.<\/p>\n","protected":false},"featured_media":166444,"comment_status":"open","ping_status":"open","template":"","meta":[],"product_brand":[2339],"product_cat":[1214,1206,1211],"product_tag":[1256],"class_list":{"0":"post-113212","1":"product","2":"type-product","3":"status-publish","4":"has-post-thumbnail","6":"product_brand-codecanyon","7":"product_cat-personalizacion","8":"product_cat-plugins","9":"product_cat-wordpress-plugins","10":"product_tag-codecanyon","11":"member-discount","12":"discount-restricted","14":"first","15":"instock","16":"sale","17":"downloadable","18":"virtual","19":"sold-individually","20":"purchasable","21":"product-type-simple"},"_links":{"self":[{"href":"https:\/\/gpl-love.com\/es\/wp-json\/wp\/v2\/product\/113212","targetHints":{"allow":["GET"]}}],"collection":[{"href":"https:\/\/gpl-love.com\/es\/wp-json\/wp\/v2\/product"}],"about":[{"href":"https:\/\/gpl-love.com\/es\/wp-json\/wp\/v2\/types\/product"}],"replies":[{"embeddable":true,"href":"https:\/\/gpl-love.com\/es\/wp-json\/wp\/v2\/comments?post=113212"}],"wp:featuredmedia":[{"embeddable":true,"href":"https:\/\/gpl-love.com\/es\/wp-json\/wp\/v2\/media\/166444"}],"wp:attachment":[{"href":"https:\/\/gpl-love.com\/es\/wp-json\/wp\/v2\/media?parent=113212"}],"wp:term":[{"taxonomy":"product_brand","embeddable":true,"href":"https:\/\/gpl-love.com\/es\/wp-json\/wp\/v2\/product_brand?post=113212"},{"taxonomy":"product_cat","embeddable":true,"href":"https:\/\/gpl-love.com\/es\/wp-json\/wp\/v2\/product_cat?post=113212"},{"taxonomy":"product_tag","embeddable":true,"href":"https:\/\/gpl-love.com\/es\/wp-json\/wp\/v2\/product_tag?post=113212"}],"curies":[{"name":"wp","href":"https:\/\/api.w.org\/{rel}","templated":true}]}}