{"id":113154,"date":"2026-02-14T00:00:00","date_gmt":"2026-02-14T05:00:00","guid":{"rendered":"http:\/\/gpl-love.com\/es\/?post_type=product&#038;p=113154"},"modified":"2026-03-09T07:21:57","modified_gmt":"2026-03-09T12:21:57","slug":"borlabs-cookie-wordpress-cookie-plugin","status":"publish","type":"product","link":"https:\/\/gpl-love.com\/es\/producto\/borlabs-cookie-wordpress-cookie-plugin\/","title":{"rendered":"Borlabs Cookie 3.4"},"content":{"rendered":"<h3>Borlabs Cookie Caracteristicas<\/h3>\n<p>Borlabs Cookie, un complemento de cookie de WordPress altamente robusto, proporciona a los propietarios de sitios web la capacidad de establecer un sistema integral de gesti\u00f3n de cookies. Este complemento ha sido ideado ingeniosamente para ayudar a los propietarios de sitios web a adherirse a regulaciones de privacidad como GDPR y CCPA, otorg\u00e1ndoles una autoridad absoluta sobre las cookies empleadas en sus respectivos sitios web. Al utilizar Borlabs Cookie, los propietarios de sitios web pueden crear y administrar pancartas de galletas sin esfuerzo, al tiempo que tienen la libertad de personalizar su apariencia y comportamiento, as\u00ed como gobernar las cookies empleadas en su sitio web. El complemento abarca una interfaz instintiva de usuario, que facilita la configuraci\u00f3n sin esfuerzo y la personalizaci\u00f3n de la configuraci\u00f3n de cookies, que ofrece una amplia gama de caracter\u00edsticas y opciones para satisfacer los diversos requisitos de cualquier sitio web. En conclusi\u00f3n, Borlabs Cookie se destaca como un complemento indispensable para cualquier persona que intente garantizar el cumplimiento de su sitio web con las regulaciones de privacidad, mientras que ofrece una experiencia de usuario excepcional.<\/p>\n<ul>\n<li>Administra eficientemente el uso de cookies en su sitio web de WordPress<\/li>\n<li>Dise\u00f1o de banner de cookies totalmente personalizable para adaptarse a la identidad visual de su sitio web<\/li>\n<li>Proporciona GDPR y funciones de gesti\u00f3n de consentimiento que cumplen con la presentaci\u00f3n<\/li>\n<li>Da a los usuarios plena transparencia y control sobre sus preferencias de cookies<\/li>\n<li>Se integra a la perfecci\u00f3n con los complementos y temas populares de WordPress para una funcionalidad suave<\/li>\n<li>F\u00e1cil de usar con una interfaz f\u00e1cil de usar para configuraci\u00f3n e implementaci\u00f3n sin problemas<\/li>\n<li>Bloquea autom\u00e1ticamente las cookies hasta que los usuarios dan su consentimiento, asegurando el cumplimiento de las leyes de privacidad<\/li>\n<li>Ligero y optimizado para tiempos de carga de p\u00e1gina r\u00e1pidos<\/li>\n<li>Actualizado y mantenido regularmente para garantizar la estabilidad y la seguridad.<\/li>\n<li>Excelente soporte al cliente con foros dedicados, documentaci\u00f3n y soporte por correo electr\u00f3nico.<\/li>\n<\/ul>\n","protected":false},"excerpt":{"rendered":"<p>Borlabs Cookie es un software incre\u00edble y f\u00e1cil de usar que le permite administrar f\u00e1cilmente las cookies en su sitio web. Una herramienta imprescindible para cualquier propietario del sitio web, este software garantiza que su sitio web cumpla con GDPR, lo que lo ayuda a evitar posibles problemas legales. Con Borlabs Cookie, tiene el control total sobre todas las cookies utilizadas por su sitio web, lo que le permite clasificarlas, proporcionar descripciones detalladas y habilitarlas o deshabilitarlas seg\u00fan las preferencias del usuario. Esto no solo mejora la experiencia del usuario, sino que tambi\u00e9n genera confianza entre sus visitantes. El software es compatible con cualquier tema de WordPress e incluye varias opciones de estilo para que coincida con el dise\u00f1o de su sitio web. Adem\u00e1s, admite m\u00faltiples idiomas, lo que lo hace ideal para sitios web internacionales. Por lo tanto, si valora el cumplimiento de su sitio web y la privacidad de sus usuarios, \u00a1elija Borlabs Cookie hoy!<\/p>\n","protected":false},"featured_media":165544,"comment_status":"open","ping_status":"closed","template":"","meta":[],"product_brand":[2382],"product_cat":[1212,1206,1211],"product_tag":[2128],"class_list":{"0":"post-113154","1":"product","2":"type-product","3":"status-publish","4":"has-post-thumbnail","6":"product_brand-borlabs","7":"product_cat-administracion-wordpress-plugins","8":"product_cat-plugins","9":"product_cat-wordpress-plugins","10":"product_tag-borlabs","11":"member-discount","12":"discount-restricted","14":"first","15":"instock","16":"sale","17":"downloadable","18":"virtual","19":"sold-individually","20":"purchasable","21":"product-type-simple"},"_links":{"self":[{"href":"https:\/\/gpl-love.com\/es\/wp-json\/wp\/v2\/product\/113154","targetHints":{"allow":["GET"]}}],"collection":[{"href":"https:\/\/gpl-love.com\/es\/wp-json\/wp\/v2\/product"}],"about":[{"href":"https:\/\/gpl-love.com\/es\/wp-json\/wp\/v2\/types\/product"}],"replies":[{"embeddable":true,"href":"https:\/\/gpl-love.com\/es\/wp-json\/wp\/v2\/comments?post=113154"}],"wp:featuredmedia":[{"embeddable":true,"href":"https:\/\/gpl-love.com\/es\/wp-json\/wp\/v2\/media\/165544"}],"wp:attachment":[{"href":"https:\/\/gpl-love.com\/es\/wp-json\/wp\/v2\/media?parent=113154"}],"wp:term":[{"taxonomy":"product_brand","embeddable":true,"href":"https:\/\/gpl-love.com\/es\/wp-json\/wp\/v2\/product_brand?post=113154"},{"taxonomy":"product_cat","embeddable":true,"href":"https:\/\/gpl-love.com\/es\/wp-json\/wp\/v2\/product_cat?post=113154"},{"taxonomy":"product_tag","embeddable":true,"href":"https:\/\/gpl-love.com\/es\/wp-json\/wp\/v2\/product_tag?post=113154"}],"curies":[{"name":"wp","href":"https:\/\/api.w.org\/{rel}","templated":true}]}}