{"id":113152,"date":"2025-06-12T00:00:00","date_gmt":"2025-06-12T05:00:00","guid":{"rendered":"http:\/\/gpl-love.com\/es\/?post_type=product&#038;p=113152"},"modified":"2026-03-13T17:19:45","modified_gmt":"2026-03-13T22:19:45","slug":"edukul-online-courses-wordpress-theme","status":"publish","type":"product","link":"https:\/\/gpl-love.com\/es\/producto\/edukul-online-courses-wordpress-theme\/","title":{"rendered":"Edukul Online Courses WordPress Theme 1.32"},"content":{"rendered":"<h3>Edukul Online Courses WordPress Theme Caracteristicas<\/h3>\n<p>Los cursos en l\u00ednea de Edukul, el tema de WordPress cuenta con una impresionante variedad de componentes poderosos y ricos en caracter\u00edsticas, meticulosamente adaptados a las necesidades \u00fanicas de las instituciones educativas que ofrecen cursos en l\u00ednea. Este tema excepcional proporciona opciones de personalizaci\u00f3n incomparables, y su vasta colecci\u00f3n de dise\u00f1os elegantes y profesionales atiende espec\u00edficamente a las demandas de los sitios web educativos. Su capacidad de respuesta garantiza una experiencia de usuario perfecta en todos los dispositivos, garantizando a los alumnos un viaje excepcional. Adem\u00e1s, Edukul incorpora una mir\u00edada de caracter\u00edsticas invaluables, como un sistema sofisticado de gesti\u00f3n de cursos, herramientas de ense\u00f1anza en l\u00ednea de vanguardia e integraci\u00f3n perfecta de comercio electr\u00f3nico. Esta amalgamaci\u00f3n integral lo convierte en la mejor opci\u00f3n para las instituciones educativas que buscan proporcionar a sus estudiantes una experiencia de aprendizaje en l\u00ednea exhaustiva pero altamente eficiente. Ya sea que represente a una prestigiosa universidad, una universidad de renombre o un centro de capacitaci\u00f3n de gran prestigio, Edukul lo equipa sin esfuerzo con todas las herramientas necesarias para establecer una plataforma de aprendizaje en l\u00ednea cautivadora y triunfante.<\/p>\n<ul>\n<li>WordPress totalmente personalizable y f\u00e1cil de usar dise\u00f1ado espec\u00edficamente para cursos en l\u00ednea<\/li>\n<li>Opciones para crear diferentes tipos de cursos con varios dise\u00f1os y opciones de formato<\/li>\n<li>Capacidad para implementar caracter\u00edsticas interactivas como cuestionarios, videos y discusiones para mejorar la experiencia de aprendizaje<\/li>\n<li>Integraci\u00f3n de pago y registro, incluido el soporte para PayPal, Stripe y otras pasarelas de pago<\/li>\n<li>Optimizaci\u00f3n de SEO incorporada para ayudar a su sitio web a clasificar m\u00e1s alto en los motores de b\u00fasqueda<\/li>\n<li>El dise\u00f1o que responde a dispositivos m\u00f3viles garantiza que se pueda acceder a sus cursos en cualquier momento y en cualquier lugar<\/li>\n<li>Administrar f\u00e1cilmente m\u00faltiples instructores y estudiantes con herramientas administrativas intuitivas<\/li>\n<li>Instalaci\u00f3n y configuraci\u00f3n r\u00e1pida y f\u00e1cil con documentaci\u00f3n \u00fatil y atenci\u00f3n al cliente<\/li>\n<\/ul>\n","protected":false},"excerpt":{"rendered":"<p>Edukul, un tema de WordPress excepcionalmente receptivo dise\u00f1ado espec\u00edficamente para la educaci\u00f3n en l\u00ednea y los sitios web de cursos, cuenta con una multitud de atributos ventajosos. Su interfaz f\u00e1cil de usar, as\u00ed como sus caracter\u00edsticas personalizables y plantillas preconstruidas, satisfacen las diversas necesidades de varios nichos de cursos en l\u00ednea. Adem\u00e1s, este tema se integra perfectamente con los complementos populares del Sistema de Gesti\u00f3n de Aprendizaje (LMS), asegurando el uso sin esfuerzo. Adem\u00e1s, Edukul proporciona soporte multimedia robusto y optimiza la velocidad de carga, lo que lo hace excepcionalmente adecuado para novatos y usuarios experimentados. Al aprovechar las capacidades de Edukul, puede construir sin esfuerzo una plataforma extremadamente profesional y cautivadora a trav\u00e9s de la cual puede difundir contenido de aprendizaje electr\u00f3nico a los estudiantes dispersos en todo el mundo.<\/p>\n","protected":false},"featured_media":165914,"comment_status":"open","ping_status":"open","template":"","meta":[],"product_brand":[2337],"product_cat":[1267,1237,1238],"product_tag":[1391],"class_list":{"0":"post-113152","1":"product","2":"type-product","3":"status-publish","4":"has-post-thumbnail","6":"product_brand-themeforest","7":"product_cat-creativo","8":"product_cat-temas","9":"product_cat-wordpress-temas","10":"product_tag-themeforest","11":"member-discount","12":"discount-restricted","14":"first","15":"instock","16":"sale","17":"downloadable","18":"virtual","19":"sold-individually","20":"purchasable","21":"product-type-simple"},"_links":{"self":[{"href":"https:\/\/gpl-love.com\/es\/wp-json\/wp\/v2\/product\/113152","targetHints":{"allow":["GET"]}}],"collection":[{"href":"https:\/\/gpl-love.com\/es\/wp-json\/wp\/v2\/product"}],"about":[{"href":"https:\/\/gpl-love.com\/es\/wp-json\/wp\/v2\/types\/product"}],"replies":[{"embeddable":true,"href":"https:\/\/gpl-love.com\/es\/wp-json\/wp\/v2\/comments?post=113152"}],"wp:featuredmedia":[{"embeddable":true,"href":"https:\/\/gpl-love.com\/es\/wp-json\/wp\/v2\/media\/165914"}],"wp:attachment":[{"href":"https:\/\/gpl-love.com\/es\/wp-json\/wp\/v2\/media?parent=113152"}],"wp:term":[{"taxonomy":"product_brand","embeddable":true,"href":"https:\/\/gpl-love.com\/es\/wp-json\/wp\/v2\/product_brand?post=113152"},{"taxonomy":"product_cat","embeddable":true,"href":"https:\/\/gpl-love.com\/es\/wp-json\/wp\/v2\/product_cat?post=113152"},{"taxonomy":"product_tag","embeddable":true,"href":"https:\/\/gpl-love.com\/es\/wp-json\/wp\/v2\/product_tag?post=113152"}],"curies":[{"name":"wp","href":"https:\/\/api.w.org\/{rel}","templated":true}]}}