{"id":113150,"date":"2025-06-13T00:00:00","date_gmt":"2025-06-13T05:00:00","guid":{"rendered":"http:\/\/gpl-love.com\/es\/?post_type=product&#038;p=113150"},"modified":"2026-03-13T17:15:30","modified_gmt":"2026-03-13T22:15:30","slug":"agrikole-responsive-wordpress-tema-para-agriculture-y-farming","status":"publish","type":"product","link":"https:\/\/gpl-love.com\/es\/producto\/agrikole-responsive-wordpress-tema-para-agriculture-y-farming\/","title":{"rendered":"Agrikole Responsive WordPress Tema para Agriculture y Farming 1.27"},"content":{"rendered":"<h3>Agrikole Responsive WordPress Tema para Agriculture y Farming Caracteristicas<\/h3>\n<p>El tema de WordPress receptivo de Agrikole demuestra ser una soluci\u00f3n impecable para los sitios web de agricultura y agricultura. Exhibe versatilidad y potencia a trav\u00e9s de su amplia gama de caracter\u00edsticas y funcionalidades. Con toda su capacidad de respuesta y personalizaci\u00f3n, Agrikole se adapta sin esfuerzo a todos los tama\u00f1os y dispositivos de pantalla. Presentando un dise\u00f1o elegante y contempor\u00e1neo con un toque de profesionalismo, este tema permite a los agricultores y a las empresas agr\u00edcolas mostrar efectivamente sus productos y servicios. La naturaleza f\u00e1cil de usar de Agrikole se mejora a\u00fan m\u00e1s por su constructor de p\u00e1ginas de arrastre y ca\u00edda, widgets personalizables, estilos de encabezado y pie de p\u00e1gina, y una extensa gama de otras herramientas. Adem\u00e1s, se integra perfectamente con complementos populares como WooCommerce, el Formulario de contacto 7 y MailChimp. Al aprovechar las capacidades de Agrikole, puede elaborar sin esfuerzo un sitio web cautivador que cautivar\u00e1 e involucrar\u00e1 a su audiencia deseada, lo que finalmente conduce a un mayor tr\u00e1fico y ventas para su negocio.<\/p>\n<ul>\n<li>Un tema premium de WordPress dise\u00f1ado espec\u00edficamente para la industria agr\u00edcola y agr\u00edcola<\/li>\n<li>Dise\u00f1ado de forma responsable para una visualizaci\u00f3n \u00f3ptima en escritorios, tabletas y dispositivos m\u00f3viles<\/li>\n<li>Opciones de personalizaci\u00f3n f\u00e1ciles que le permiten ajustar el dise\u00f1o y el esquema de color para que se ajuste a su marca<\/li>\n<li>M\u00faltiples dise\u00f1os de p\u00e1gina de inicio preconstruidos dise\u00f1ados para exhibir sus productos y servicios<\/li>\n<li>Formularios de contacto incorporados e integraci\u00f3n de Google Maps para facilitar que los clientes lo encuentren y lleguen a usted<\/li>\n<li>Integraci\u00f3n completa con WooCommerce para vender f\u00e1cilmente sus productos en l\u00ednea<\/li>\n<li>SEO optimizado para ayudar a mejorar las clasificaciones de motores de b\u00fasqueda de su sitio web<\/li>\n<li>Actualizaciones peri\u00f3dicas y soporte dedicado para garantizar que su sitio web se mantenga actualizado y funcionando sin problemas<\/li>\n<li>Compatible con una amplia gama de complementos populares de WordPress, que le brindan a\u00fan m\u00e1s flexibilidad y funcionalidad<\/li>\n<\/ul>\n","protected":false},"excerpt":{"rendered":"<p>Sum\u00e9rgete en el mundo de la agricultura y la agricultura con nuestro tema de WordPress receptivo de Agrikole. Dise\u00f1ado espec\u00edficamente para la industria agr\u00edcola, este tema est\u00e1 lleno de caracter\u00edsticas para mejorar su presencia en l\u00ednea. Da vida a su negocio agr\u00edcola con nuestro dise\u00f1o intuitivo y altamente receptivo que se adapte a cualquier dispositivo, asegurando que su sitio web se vea impresionante tanto en escritorio como en dispositivos m\u00f3viles. Agrikole no solo es visualmente agradable, sino que tambi\u00e9n ofrece una multitud de beneficios para su negocio. Al estar basado en WordPress, le permite administrar su contenido de manera f\u00e1cil y eficiente, ahorr\u00e1ndole tiempo y recursos. Este tema tambi\u00e9n incorpora caracter\u00edsticas amigables con SEO, ayudando a aumentar su visibilidad en los resultados de los motores de b\u00fasqueda y, en \u00faltima instancia, conducir m\u00e1s tr\u00e1fico a su sitio. Intente su estrategia digital con nuestro tema de WordPress receptivo de Agrikole: la soluci\u00f3n ideal para su negocio agr\u00edcola y agr\u00edcola.<\/p>\n","protected":false},"featured_media":165336,"comment_status":"open","ping_status":"open","template":"","meta":[],"product_brand":[2337],"product_cat":[1646,1237,1238],"product_tag":[1391],"class_list":{"0":"post-113150","1":"product","2":"type-product","3":"status-publish","4":"has-post-thumbnail","6":"product_brand-themeforest","7":"product_cat-alimentacion-y-restaurante","8":"product_cat-temas","9":"product_cat-wordpress-temas","10":"product_tag-themeforest","11":"member-discount","12":"discount-restricted","14":"first","15":"instock","16":"sale","17":"downloadable","18":"virtual","19":"sold-individually","20":"purchasable","21":"product-type-simple"},"_links":{"self":[{"href":"https:\/\/gpl-love.com\/es\/wp-json\/wp\/v2\/product\/113150","targetHints":{"allow":["GET"]}}],"collection":[{"href":"https:\/\/gpl-love.com\/es\/wp-json\/wp\/v2\/product"}],"about":[{"href":"https:\/\/gpl-love.com\/es\/wp-json\/wp\/v2\/types\/product"}],"replies":[{"embeddable":true,"href":"https:\/\/gpl-love.com\/es\/wp-json\/wp\/v2\/comments?post=113150"}],"wp:featuredmedia":[{"embeddable":true,"href":"https:\/\/gpl-love.com\/es\/wp-json\/wp\/v2\/media\/165336"}],"wp:attachment":[{"href":"https:\/\/gpl-love.com\/es\/wp-json\/wp\/v2\/media?parent=113150"}],"wp:term":[{"taxonomy":"product_brand","embeddable":true,"href":"https:\/\/gpl-love.com\/es\/wp-json\/wp\/v2\/product_brand?post=113150"},{"taxonomy":"product_cat","embeddable":true,"href":"https:\/\/gpl-love.com\/es\/wp-json\/wp\/v2\/product_cat?post=113150"},{"taxonomy":"product_tag","embeddable":true,"href":"https:\/\/gpl-love.com\/es\/wp-json\/wp\/v2\/product_tag?post=113150"}],"curies":[{"name":"wp","href":"https:\/\/api.w.org\/{rel}","templated":true}]}}