{"id":113148,"date":"2024-02-12T00:00:00","date_gmt":"2024-02-12T05:00:00","guid":{"rendered":"http:\/\/gpl-love.com\/es\/?post_type=product&#038;p=113148"},"modified":"2026-04-10T11:19:57","modified_gmt":"2026-04-10T16:19:57","slug":"nusafe-responsive-wordpress-tema-para-donation-y-charity","status":"publish","type":"product","link":"https:\/\/gpl-love.com\/es\/producto\/nusafe-responsive-wordpress-tema-para-donation-y-charity\/","title":{"rendered":"Nusafe Responsive WordPress Tema para Donation y Charity 1.22"},"content":{"rendered":"<h3>Nusafe Responsive WordPress Tema para Donation y Charity Caracteristicas<\/h3>\n<p>El tema de WordPress receptivo de NUSAFE para donaci\u00f3n y caridad es un tema incre\u00edblemente vers\u00e1til y excepcionalmente f\u00e1cil de usar que proporciona una experiencia perfecta cuando se trata de recaudar fondos y donaci\u00f3n de caridad. Su dise\u00f1o receptivo y su dise\u00f1os altamente personalizables lo convierten en un sue\u00f1o absoluto para organizaciones sin fines de lucro, bases fundamentos e incluso recaudadores de fondos individuales. Este tema extraordinario viene equipado con un sistema de donaci\u00f3n navegable sin esfuerzo, que permite a los visitantes hacer contribuciones directas a su noble causa. Sin mencionar que NUSAFE tambi\u00e9n cuenta con una variedad de p\u00e1ginas y secciones preconstruidas, que incluyen, entre otras, una p\u00e1gina perspicaz \u00abAcerca de nosotros\u00bb, una secci\u00f3n de eventos atractivos y una p\u00e1gina de \u00abCont\u00e1ctenos\u00bb de f\u00e1cil acceso \u00ab. Estos componentes preexistentes se pueden adaptar sin esfuerzo para que coincidan con la marca \u00fanica de su organizaci\u00f3n y transmitan su mensaje de manera efectiva. Ya sea que su objetivo sea recopilar con \u00e9xito fondos para un proyecto espec\u00edfico o establecer una campa\u00f1a de recaudaci\u00f3n de fondos a largo plazo y sostenible, el tema de WordPress receptivo de NUSAFE realmente posee todas las herramientas y caracter\u00edsticas necesarias necesarias para impulsar su viaje filantr\u00f3pico.<\/p>\n<ul>\n<li>Tema de WordPress bellamente dise\u00f1ado con un enfoque en donaciones y caridad<\/li>\n<li>Dise\u00f1o totalmente receptivo que se ve muy bien en todos los dispositivos<\/li>\n<li>Constructor de p\u00e1gina intuitivo para una f\u00e1cil personalizaci\u00f3n del dise\u00f1o y contenido<\/li>\n<li>Opciones de donaci\u00f3n m\u00faltiple que incluyen pasarelas de pago de PayPal, Stripe y personalizados<\/li>\n<li>Sistema de gesti\u00f3n de donaciones incorporado para rastrear y administrar donaciones<\/li>\n<li>Secciones dedicadas para mostrar la misi\u00f3n, el equipo y el impacto de su organizaci\u00f3n<\/li>\n<li>Integraci\u00f3n con complementos populares como Contact Form 7, Yoast SEO y WooCommerce<\/li>\n<li>Importaci\u00f3n de demostraci\u00f3n de un solo clic para una configuraci\u00f3n r\u00e1pida y personalizaci\u00f3n sin esfuerzo<\/li>\n<li>Compatibilidad con complementos populares de WordPress como dar, caritativa y m\u00e1s<\/li>\n<li>Actualizaciones regulares y equipo de soporte dedicado para garantizar que su sitio web se mantenga funcionando sin problemas.<\/li>\n<\/ul>\n","protected":false},"excerpt":{"rendered":"<p>NUSAFE es un tema de WordPress excepcionalmente receptivo que se ha adaptado exclusivamente para sitios web de donaci\u00f3n y caridad, proporcion\u00e1ndoles una plataforma \u00fanica y visualmente atractiva para promover sus nobles causas y demostrar el profundo impacto que tienen en la sociedad. Poseer un dise\u00f1o exquisito y de vanguardia, NUSAFE sin esfuerzo permite a las organizaciones mostrar efectivamente su misi\u00f3n y la influencia significativa que tienen en el mundo que los rodea. Adem\u00e1s, este tema se integra perfectamente con WooCommerce, facilitando as\u00ed el procesamiento suave de las donaciones y garantizando una experiencia de usuario simplificada para los donantes. Adem\u00e1s, NUSAFE se ha optimizado meticulosamente para mejorar su velocidad y lograr una mayor clasificaci\u00f3n de motores de b\u00fasqueda, reforzando a\u00fan m\u00e1s la visibilidad y accesibilidad en l\u00ednea de estas instituciones caritativas. Adem\u00e1s, NUSAFE cuenta con una notable flexibilidad en t\u00e9rminos de personalizaci\u00f3n, lo que permite a los usuarios personalizar sus sitios web de acuerdo con sus requisitos y preferencias \u00fanicas. Con una extensa gama de p\u00e1ginas y caracter\u00edsticas previas a la construcci\u00f3n a su disposici\u00f3n, incluidas las herramientas de gesti\u00f3n de donantes de vanguardia, los calendarios integrales de eventos y las formas voluntarias convenientes, las organizaciones caritativas pueden establecer sin esfuerzo una presencia en l\u00ednea profesional e impactante. En conclusi\u00f3n, NUSAFE sirve como una herramienta indispensable para crear una plataforma en l\u00ednea convincente y eficiente para organizaciones y organizaciones ben\u00e9ficas sin fines de lucro, lo que les permite comunicar de manera efectiva sus objetivos e instigar un cambio positivo en el mundo.<\/p>\n","protected":false},"featured_media":167069,"comment_status":"open","ping_status":"open","template":"","meta":[],"product_brand":[2337],"product_cat":[1267,1237,1238],"product_tag":[1391],"class_list":{"0":"post-113148","1":"product","2":"type-product","3":"status-publish","4":"has-post-thumbnail","6":"product_brand-themeforest","7":"product_cat-creativo","8":"product_cat-temas","9":"product_cat-wordpress-temas","10":"product_tag-themeforest","11":"member-discount","12":"discount-restricted","14":"first","15":"instock","16":"sale","17":"downloadable","18":"virtual","19":"sold-individually","20":"purchasable","21":"product-type-simple"},"_links":{"self":[{"href":"https:\/\/gpl-love.com\/es\/wp-json\/wp\/v2\/product\/113148","targetHints":{"allow":["GET"]}}],"collection":[{"href":"https:\/\/gpl-love.com\/es\/wp-json\/wp\/v2\/product"}],"about":[{"href":"https:\/\/gpl-love.com\/es\/wp-json\/wp\/v2\/types\/product"}],"replies":[{"embeddable":true,"href":"https:\/\/gpl-love.com\/es\/wp-json\/wp\/v2\/comments?post=113148"}],"wp:featuredmedia":[{"embeddable":true,"href":"https:\/\/gpl-love.com\/es\/wp-json\/wp\/v2\/media\/167069"}],"wp:attachment":[{"href":"https:\/\/gpl-love.com\/es\/wp-json\/wp\/v2\/media?parent=113148"}],"wp:term":[{"taxonomy":"product_brand","embeddable":true,"href":"https:\/\/gpl-love.com\/es\/wp-json\/wp\/v2\/product_brand?post=113148"},{"taxonomy":"product_cat","embeddable":true,"href":"https:\/\/gpl-love.com\/es\/wp-json\/wp\/v2\/product_cat?post=113148"},{"taxonomy":"product_tag","embeddable":true,"href":"https:\/\/gpl-love.com\/es\/wp-json\/wp\/v2\/product_tag?post=113148"}],"curies":[{"name":"wp","href":"https:\/\/api.w.org\/{rel}","templated":true}]}}