{"id":113146,"date":"2023-01-13T00:00:00","date_gmt":"2023-01-13T05:00:00","guid":{"rendered":"http:\/\/gpl-love.com\/es\/?post_type=product&#038;p=113146"},"modified":"2026-04-10T11:21:43","modified_gmt":"2026-04-10T16:21:43","slug":"pixzlo-creative-tema-para-professionals","status":"publish","type":"product","link":"https:\/\/gpl-love.com\/es\/producto\/pixzlo-creative-tema-para-professionals\/","title":{"rendered":"Pixzlo Creative Tema para Professionals 1.1.7"},"content":{"rendered":"<h3>Pixzlo Creative Tema para Professionals Caracteristicas<\/h3>\n<p>El tema creativo de Pixzlo para profesionales es un tema de WordPress premium exquisitamente dise\u00f1ado y meticulosamente dise\u00f1ado que se ha adaptado espec\u00edficamente para satisfacer las necesidades y requisitos de los profesionales creativos que buscan establecer una presencia en l\u00ednea cautivadora e impresionante. Con un dise\u00f1o elegante y contempor\u00e1neo que seguramente cautivar\u00e1 y cautivar\u00e1, Pixzlo ofrece una amplia gama de caracter\u00edsticas y opciones personalizables que son manipulables sin esfuerzo, lo que es una opci\u00f3n ideal para empresas, trabajadores independientes y creatistas de todas las persuasiones. Lleno hasta el borde con una abundancia de herramientas y caracter\u00edsticas potentes que seguramente dejar\u00e1n una impresi\u00f3n duradera, Pixzlo est\u00e1 equipado con un dise\u00f1o receptivo que garantiza un rendimiento y usabilidad \u00f3ptimos en una amplia gama de dispositivos y plataformas, mientras que la inclusi\u00f3n de Retina est\u00e1 lista para retina. Los gr\u00e1ficos aseguran que su sitio web exhibir\u00e1 im\u00e1genes incre\u00edblemente n\u00edtidas e impresionantemente detalladas. Adem\u00e1s, el surtido infinito de las opciones de color que Pixzlo proporciona le brinda la oportunidad de desatar su toque creativo y construir un sitio web verdaderamente \u00fanico y distintivo que pueda dejar una impresi\u00f3n duradera en sus visitantes. Independientemente de si proviene de los reinos de dise\u00f1o, fotograf\u00eda o emprendimiento, el tema creativo de Pixzlo para profesionales sirve como la soluci\u00f3n por excelencia para mostrar efectivamente su trabajo y construir una marca en l\u00ednea formidable que est\u00e1 preparada para dejar una marca indelible en su p\u00fablico objetivo.<\/p>\n<ul>\n<li>Tema de alta calidad dise\u00f1ado para profesionales creativos<\/li>\n<li>Adecuado para una amplia gama de usos que incluyen sitios web de cartera, blogs y sitios de comercio electr\u00f3nico<\/li>\n<li>Totalmente personalizable con opciones de dise\u00f1o flexibles y m\u00e1s de 130 plantillas predise\u00f1adas<\/li>\n<li>Compatible con una gama de complementos populares de WordPress para una funcionalidad adicional<\/li>\n<li>El dise\u00f1o amigable para dispositivos m\u00f3viles garantiza una experiencia de usuario perfecta en todos los dispositivos<\/li>\n<li>Construido con las mejores pr\u00e1cticas de SEO en mente para mejorar las clasificaciones de los motores de b\u00fasqueda<\/li>\n<li>Extensa documentaci\u00f3n y actualizaciones regulares garantizan una funcionalidad y soporte a largo plazo<\/li>\n<li>Incluye caracter\u00edsticas premium como un creador de p\u00e1ginas de arrastrar y soltar y un complemento Slider Revolution<\/li>\n<li>Equipo de soporte dedicado disponible para ayudar con cualquier problema o necesidad de personalizaci\u00f3n<\/li>\n<li>Acceso de por vida a todas las actualizaciones y atenci\u00f3n al cliente incluida con la compra<\/li>\n<\/ul>\n","protected":false},"excerpt":{"rendered":"<p>El tema creativo de Pixzlo para profesionales es un tema de WordPress altamente flexible y est\u00e9ticamente agradable que atiende espec\u00edficamente a las personas en el campo creativo. Con un dise\u00f1o optimizado y contempor\u00e1neo, Pixzlo ofrece im\u00e1genes impresionantes y una interfaz de usuario ordenada que seguramente cautivar\u00e1 a su p\u00fablico objetivo. Ideal para presentar su cartera, blog o negocio, este tema ofrece una amplia gama de opciones de personalizaci\u00f3n e integra perfectamente caracter\u00edsticas esenciales como la compatibilidad de WooCommerce, el dise\u00f1o receptivo y los widgets personalizables. Ya sea que se identifique como dise\u00f1ador, fot\u00f3grafo, comercializador o profesional independiente, Pixzlo abarca todos los elementos necesarios para elevar su presencia en l\u00ednea a alturas sin precedentes.<\/p>\n","protected":false},"featured_media":167228,"comment_status":"open","ping_status":"open","template":"","meta":[],"product_brand":[2337],"product_cat":[1239,1237,1238],"product_tag":[1391],"class_list":{"0":"post-113146","1":"product","2":"type-product","3":"status-publish","4":"has-post-thumbnail","6":"product_brand-themeforest","7":"product_cat-de-multiples-fines","8":"product_cat-temas","9":"product_cat-wordpress-temas","10":"product_tag-themeforest","11":"member-discount","12":"discount-restricted","14":"first","15":"instock","16":"sale","17":"downloadable","18":"virtual","19":"sold-individually","20":"purchasable","21":"product-type-simple"},"_links":{"self":[{"href":"https:\/\/gpl-love.com\/es\/wp-json\/wp\/v2\/product\/113146","targetHints":{"allow":["GET"]}}],"collection":[{"href":"https:\/\/gpl-love.com\/es\/wp-json\/wp\/v2\/product"}],"about":[{"href":"https:\/\/gpl-love.com\/es\/wp-json\/wp\/v2\/types\/product"}],"replies":[{"embeddable":true,"href":"https:\/\/gpl-love.com\/es\/wp-json\/wp\/v2\/comments?post=113146"}],"wp:featuredmedia":[{"embeddable":true,"href":"https:\/\/gpl-love.com\/es\/wp-json\/wp\/v2\/media\/167228"}],"wp:attachment":[{"href":"https:\/\/gpl-love.com\/es\/wp-json\/wp\/v2\/media?parent=113146"}],"wp:term":[{"taxonomy":"product_brand","embeddable":true,"href":"https:\/\/gpl-love.com\/es\/wp-json\/wp\/v2\/product_brand?post=113146"},{"taxonomy":"product_cat","embeddable":true,"href":"https:\/\/gpl-love.com\/es\/wp-json\/wp\/v2\/product_cat?post=113146"},{"taxonomy":"product_tag","embeddable":true,"href":"https:\/\/gpl-love.com\/es\/wp-json\/wp\/v2\/product_tag?post=113146"}],"curies":[{"name":"wp","href":"https:\/\/api.w.org\/{rel}","templated":true}]}}