{"id":113140,"date":"2026-01-24T00:00:00","date_gmt":"2026-01-24T05:00:00","guid":{"rendered":"http:\/\/gpl-love.com\/es\/?post_type=product&#038;p=113140"},"modified":"2026-03-13T17:33:42","modified_gmt":"2026-03-13T22:33:42","slug":"yena-beauty-y-cosmetic-woocommerce-theme","status":"publish","type":"product","link":"https:\/\/gpl-love.com\/es\/producto\/yena-beauty-y-cosmetic-woocommerce-theme\/","title":{"rendered":"Yena Beauty y Cosmetic WooCommerce Theme 1.2.9"},"content":{"rendered":"<h3>Yena Beauty y Cosmetic WooCommerce Theme Caracteristicas<\/h3>\n<p>El tema de WooCommerce Cosm\u00e9tica y belleza Yena proporciona una opci\u00f3n excepcional para las personas en busca de establecer una tienda en l\u00ednea para exhibir su mercanc\u00eda de belleza y cosm\u00e9tica. Su dise\u00f1o apunta a la facilidad de uso y la navegaci\u00f3n sin esfuerzo, asegurando que los clientes puedan ubicar y adquirir sin esfuerzo los productos deseados. Adem\u00e1s, el tema cuenta con un dise\u00f1o receptivo, que garantiza una pantalla impecable en cualquier dispositivo. Sus caracter\u00edsticas personalizables permiten a\u00fan m\u00e1s la creaci\u00f3n de un sitio web distintivo y visualmente cautivador que refleja con precisi\u00f3n su marca. Este tema es una soluci\u00f3n ideal para aquellos que desean construir una tienda en l\u00ednea que combine perfectamente la funcionalidad con el atractivo est\u00e9tico.<\/p>\n<ul>\n<li>Tema de WooCommerce bellamente dise\u00f1ado con un enfoque en la industria de la belleza y la cosm\u00e9tica<\/li>\n<li>Responsable m\u00f3vil y optimizado para velocidades de carga de p\u00e1gina r\u00e1pidas<\/li>\n<li>Interfaz f\u00e1cil de usar y configuraciones personalizables para que su tienda en l\u00ednea sea \u00fanica<\/li>\n<li>Viene con p\u00e1ginas preconstruidas para exhibir productos, publicaciones de blog y una p\u00e1gina de contacto<\/li>\n<li>Integraci\u00f3n con pasarelas de pago populares para una experiencia de pago sin problemas para los clientes<\/li>\n<li>Opciones incorporadas para agregar enlaces de redes sociales y compartir botones para ayudar a promocionar sus productos en m\u00faltiples plataformas<\/li>\n<li>Documentaci\u00f3n dedicada y atenci\u00f3n al cliente para ayudarlo a comenzar y resolver cualquier problema que pueda encontrar<\/li>\n<li>Capacidad para agregar caracter\u00edsticas adicionales a trav\u00e9s de las extensiones de WooCommerce<\/li>\n<li>Actualizaciones regulares para mantenerse compatibles con la \u00faltima versi\u00f3n de WordPress y WooCommerce.<\/li>\n<\/ul>\n","protected":false},"excerpt":{"rendered":"<p>Yena Beauty and Cosmetic Wooocommerce, desarrollado exclusivamente para la industria de cosm\u00e9ticos y belleza, se destaca como una plataforma de comercio electr\u00f3nico sofisticada y de vanguardia. Con su notable constructor de p\u00e1ginas de arrastrar y soltar de arrastrar y soltar, la gran cantidad de plantillas de p\u00e1gina de inicio y la capacidad de personalizar el dise\u00f1o para exhibir elegantemente sus productos, este tema realmente eclipsa la competencia. Adem\u00e1s, cuenta con funcionalidades avanzadas de b\u00fasqueda y filtrado, integraci\u00f3n perfecta con varias plataformas de redes sociales y un dise\u00f1o receptivo que garantiza una experiencia de usuario excepcional en todos los dispositivos. Ya sea que se est\u00e9 embarcando en una nueva empresa comercial o que busque mejorar una tienda en l\u00ednea existente, el tema de Yena Beauty and Cosmetic WooCommerce surge como la soluci\u00f3n por excelencia para satisfacer sus requisitos comerciales en l\u00ednea \u00fanicos.<\/p>\n","protected":false},"featured_media":168575,"comment_status":"open","ping_status":"open","template":"","meta":[],"product_brand":[2337],"product_cat":[1263,1469,1237],"product_tag":[1391],"class_list":{"0":"post-113140","1":"product","2":"type-product","3":"status-publish","4":"has-post-thumbnail","6":"product_brand-themeforest","7":"product_cat-comercio-electronico-temas","8":"product_cat-creativo-comercio-electronico-temas","9":"product_cat-temas","10":"product_tag-themeforest","11":"member-discount","12":"discount-restricted","14":"first","15":"instock","16":"sale","17":"downloadable","18":"virtual","19":"sold-individually","20":"purchasable","21":"product-type-simple"},"_links":{"self":[{"href":"https:\/\/gpl-love.com\/es\/wp-json\/wp\/v2\/product\/113140","targetHints":{"allow":["GET"]}}],"collection":[{"href":"https:\/\/gpl-love.com\/es\/wp-json\/wp\/v2\/product"}],"about":[{"href":"https:\/\/gpl-love.com\/es\/wp-json\/wp\/v2\/types\/product"}],"replies":[{"embeddable":true,"href":"https:\/\/gpl-love.com\/es\/wp-json\/wp\/v2\/comments?post=113140"}],"wp:featuredmedia":[{"embeddable":true,"href":"https:\/\/gpl-love.com\/es\/wp-json\/wp\/v2\/media\/168575"}],"wp:attachment":[{"href":"https:\/\/gpl-love.com\/es\/wp-json\/wp\/v2\/media?parent=113140"}],"wp:term":[{"taxonomy":"product_brand","embeddable":true,"href":"https:\/\/gpl-love.com\/es\/wp-json\/wp\/v2\/product_brand?post=113140"},{"taxonomy":"product_cat","embeddable":true,"href":"https:\/\/gpl-love.com\/es\/wp-json\/wp\/v2\/product_cat?post=113140"},{"taxonomy":"product_tag","embeddable":true,"href":"https:\/\/gpl-love.com\/es\/wp-json\/wp\/v2\/product_tag?post=113140"}],"curies":[{"name":"wp","href":"https:\/\/api.w.org\/{rel}","templated":true}]}}