{"id":113138,"date":"2026-03-06T00:00:00","date_gmt":"2026-03-06T05:00:00","guid":{"rendered":"http:\/\/gpl-love.com\/es\/?post_type=product&#038;p=113138"},"modified":"2026-03-09T07:24:56","modified_gmt":"2026-03-09T12:24:56","slug":"crawlomatic-multisite-scraper-post-generator","status":"publish","type":"product","link":"https:\/\/gpl-love.com\/es\/producto\/crawlomatic-multisite-scraper-post-generator\/","title":{"rendered":"Crawlomatic Multisite Scraper Post Generator 2.7.2"},"content":{"rendered":"<h3>Crawlomatic Multisite Scraper Post Generator Caracteristicas<\/h3>\n<p>El Crawlomatic Multisite Scraper Post Generator es una herramienta excepcionalmente poderosa que sirve a fines de la creaci\u00f3n de contenido, la automatizaci\u00f3n y la gesti\u00f3n. Esta herramienta notable permite a los usuarios raspar e importar contenido sin esfuerzo de numerosas fuentes distribuidas en la vasta extensi\u00f3n de Internet, produciendo posteriormente publicaciones de calidad superior para sus sitios web de WordPress. Con su interfaz altamente f\u00e1cil de usar y una variedad de funciones avanzadas a su disposici\u00f3n, se le otorga la capacidad de personalizar la manera en que su contenido se raspa y publica, e incluso llega a la programaci\u00f3n de la publicaci\u00f3n autom\u00e1tica de contenido nuevo. Es innegable que este software es un sue\u00f1o hecho realidad para los bloggers, los vendedores afiliados y las personas que buscan optimizar el proceso de creaci\u00f3n de contenido y al mismo tiempo mejorar su presencia digital. Al adoptar el rastreador rastreador de m\u00faltiples sitios de m\u00faltiples sitios, uno puede ahorrar una gran cantidad de tiempo y esfuerzo, impulsando as\u00ed su sitio web a nuevas alturas de \u00e9xito.<\/p>\n<ul>\n<li>Potente herramienta de raspado web para extraer datos de m\u00faltiples sitios web.<\/li>\n<li><\/li>\n<li>Genera autom\u00e1ticamente contenido de alta calidad basado en los datos extra\u00eddos.<\/li>\n<li><\/li>\n<li>Le permite importar plantillas personalizadas para estructurar sus publicaciones.<\/li>\n<li><\/li>\n<li>Se integra con m\u00faltiples sitios de WordPress para publicar contenido simult\u00e1neamente.<\/li>\n<li><\/li>\n<li>Admite varios tipos de medios, incluidos texto, im\u00e1genes y videos.<\/li>\n<li><\/li>\n<li>Viene con opciones de programaci\u00f3n y personalizaci\u00f3n para automatizar el proceso de publicaci\u00f3n.<\/li>\n<li><\/li>\n<li>Proporciona soluciones confiables y escalables para ayudarlo a generar contenido de alta calidad sin esfuerzo.<\/li>\n<li><\/li>\n<li>Le permite mejorar sus esfuerzos de SEO e impulsar el tr\u00e1fico a sus sitios web.<\/li>\n<li><\/li>\n<li>Proporciona informes detallados y an\u00e1lisis para monitorear el rendimiento de su contenido.<\/li>\n<li><\/li>\n<li>Ofrece una excelente atenci\u00f3n al cliente y actualizaciones continuas para mejorar la funcionalidad del producto.<\/li>\n<\/ul>\n","protected":false},"excerpt":{"rendered":"<p>Descubra la potencia del generador de postes de raspador multisitio Crawlomatic: una herramienta avanzada y vers\u00e1til dise\u00f1ada para blogueros entusiastas y creadores de contenido. Esta herramienta \u00fanica ofrece la capacidad de raspar y publicar contenido en m\u00faltiples sitios con excelente eficiencia y precisi\u00f3n. No solo ahorra tiempo, sino que tambi\u00e9n garantiza la consistencia y la uniformidad en su contenido. Crawlomatic es perfecto para cualquiera que quiera optimizar su proceso de generaci\u00f3n de contenido. Es f\u00e1cil de usar, altamente personalizable y compatible con varias plataformas. Desde blogs personales hasta sitios web profesionales, Crawlomatic es la herramienta esencial que necesita para mantener su contenido fresco, relevante y atractivo. Pruebe hoy el generador de postes de raspador multisitio de Crawlomatic y experimente la diferencia que puede marcar en su proceso de creaci\u00f3n de contenido.<\/p>\n","protected":false},"featured_media":165674,"comment_status":"open","ping_status":"open","template":"","meta":[],"product_brand":[2339],"product_cat":[1232,1206,1211],"product_tag":[1256],"class_list":{"0":"post-113138","1":"product","2":"type-product","3":"status-publish","4":"has-post-thumbnail","6":"product_brand-codecanyon","7":"product_cat-marketing-wordpress-plugins","8":"product_cat-plugins","9":"product_cat-wordpress-plugins","10":"product_tag-codecanyon","11":"member-discount","12":"discount-restricted","14":"first","15":"instock","16":"sale","17":"downloadable","18":"virtual","19":"sold-individually","20":"purchasable","21":"product-type-simple"},"_links":{"self":[{"href":"https:\/\/gpl-love.com\/es\/wp-json\/wp\/v2\/product\/113138","targetHints":{"allow":["GET"]}}],"collection":[{"href":"https:\/\/gpl-love.com\/es\/wp-json\/wp\/v2\/product"}],"about":[{"href":"https:\/\/gpl-love.com\/es\/wp-json\/wp\/v2\/types\/product"}],"replies":[{"embeddable":true,"href":"https:\/\/gpl-love.com\/es\/wp-json\/wp\/v2\/comments?post=113138"}],"wp:featuredmedia":[{"embeddable":true,"href":"https:\/\/gpl-love.com\/es\/wp-json\/wp\/v2\/media\/165674"}],"wp:attachment":[{"href":"https:\/\/gpl-love.com\/es\/wp-json\/wp\/v2\/media?parent=113138"}],"wp:term":[{"taxonomy":"product_brand","embeddable":true,"href":"https:\/\/gpl-love.com\/es\/wp-json\/wp\/v2\/product_brand?post=113138"},{"taxonomy":"product_cat","embeddable":true,"href":"https:\/\/gpl-love.com\/es\/wp-json\/wp\/v2\/product_cat?post=113138"},{"taxonomy":"product_tag","embeddable":true,"href":"https:\/\/gpl-love.com\/es\/wp-json\/wp\/v2\/product_tag?post=113138"}],"curies":[{"name":"wp","href":"https:\/\/api.w.org\/{rel}","templated":true}]}}