{"id":113136,"date":"2026-03-21T00:00:00","date_gmt":"2026-03-21T05:00:00","guid":{"rendered":"http:\/\/gpl-love.com\/es\/?post_type=product&#038;p=113136"},"modified":"2026-03-21T17:16:06","modified_gmt":"2026-03-21T22:16:06","slug":"wp-cost-estimation-y-payment-forms-builder","status":"publish","type":"product","link":"https:\/\/gpl-love.com\/es\/producto\/wp-cost-estimation-y-payment-forms-builder\/","title":{"rendered":"WP Cost Estimation y Payment Forms Builder 10.3.2"},"content":{"rendered":"<h3>WP Cost Estimation y Payment Forms Builder Caracteristicas<\/h3>\n<p>El constructor de formularios de estimaci\u00f3n y pago de costos de WP es una herramienta incre\u00edblemente formidable y efectiva que ayuda enormemente a las empresas y organizaciones en la creaci\u00f3n y personalizaci\u00f3n de la estimaci\u00f3n de costos y los formularios de pago altamente personalizados para sus respectivos sitios web. Este notable complemento permite a los usuarios construir y modificar sin esfuerzo formularios para alinearse perfectamente con sus requisitos espec\u00edficos, desde calculadoras de precios rudimentarias hasta complejas e intrincadas formas de m\u00faltiples pasos. Adem\u00e1s, esta herramienta extraordinaria tambi\u00e9n presenta un amplio espectro de alternativas de pago, que abarca plataformas prominentes como PayPal, Stripe y WooCommerce, lo que facilita a los usuarios para aceptar los pagos perfectamente directamente a trav\u00e9s de sus formularios. Adem\u00e1s, el complemento cuenta con una interfaz de arrastre y ca\u00edda de s\u00ed misma extremadamente f\u00e1cil de usar y que se explica por s\u00ed misma, acompa\u00f1ada de una variedad diversa de plantillas predise\u00f1adas meticulosamente elaboradas que aceleran y aceleran las etapas iniciales del proceso de creaci\u00f3n de forma para los usuarios. Al adoptar las notables capacidades otorgadas por la estimaci\u00f3n de costos de WP y el constructor de formularios de pago, las empresas pueden optimizar sin esfuerzo sus procedimientos de pago y mejorar enormemente su experiencia en l\u00ednea del cliente, en \u00faltima instancia, catapultando su \u00e9xito general y prosperidad a alturas sin precedentes.<\/p>\n<ul>\n<li>Crear formularios de estimaci\u00f3n de costos personalizados para su sitio web<\/li>\n<li>Ofrecer a los clientes una cita precisa para sus productos o servicios.<\/li>\n<li>Incluir varios campos y opciones de personalizaci\u00f3n.<\/li>\n<li>Agregue opciones de pago a sus formularios para optimizar el proceso de compra<\/li>\n<li>Compatible con una amplia gama de pasarelas y proveedores<\/li>\n<li>F\u00e1cil de instalar y configurar con WordPress CMS<\/li>\n<li>Dise\u00f1e los formularios para que coincida con la marca y el estilo de su sitio web<\/li>\n<li>Personalizar los mensajes y notificaciones enviadas a los clientes despu\u00e9s del env\u00edo<\/li>\n<li>Opciones de precios flexibles basadas en cantidad, descuentos o tarifas<\/li>\n<li>Rastrear y administrar pagos y presentaciones de formulario en el tablero de WordPress<\/li>\n<\/ul>\n","protected":false},"excerpt":{"rendered":"<p>La estimaci\u00f3n de costos de WP y los formularios de pago Builder es un complemento incre\u00edblemente robusto que ha sido meticulosamente elaborado para proporcionarle la capacidad de generar r\u00e1pida y sin esfuerzo, estimaci\u00f3n de costos y formularios de pago altamente receptivos. Al aprovechar su interfaz de arrastrar y soltar f\u00e1cilmente f\u00e1cil de usar y altamente intuitiva, puede crear formas intrincadas e intrincadas, incorporando perfectamente l\u00f3gica condicional, campos personalizados y una extensa variedad de opciones de estilo est\u00e9ticamente agradables. Independientemente de si necesita un formulario de solicitud de cotizaci\u00f3n modesta o una calculadora de precios integral y que lo abarque, el constructor de formularios de costos de WP y formularios de pago se ha adaptado meticulosamente para satisfacer todas sus necesidades. Adem\u00e1s, se integra perfectamente con la mayor\u00eda de las pasarelas de pago m\u00e1s ampliamente utilizadas, facilitando as\u00ed la aceptaci\u00f3n perfecta de los pagos directamente dentro de sus formularios meticulosamente dise\u00f1ados. \u00a1No pierda tiempo en aprovechar la oportunidad de experimentar los incre\u00edbles beneficios que el constructor de estimaci\u00f3n de costos de WP y formularios de pago puede aportar a sus procesos de estimaci\u00f3n y pago de costos al probarlo hoy!<\/p>\n","protected":false},"featured_media":168379,"comment_status":"open","ping_status":"open","template":"","meta":[],"product_brand":[2339],"product_cat":[1216,1206,1211],"product_tag":[1256],"class_list":{"0":"post-113136","1":"product","2":"type-product","3":"status-publish","4":"has-post-thumbnail","6":"product_brand-codecanyon","7":"product_cat-formas","8":"product_cat-plugins","9":"product_cat-wordpress-plugins","10":"product_tag-codecanyon","11":"member-discount","12":"discount-restricted","14":"first","15":"instock","16":"sale","17":"downloadable","18":"virtual","19":"sold-individually","20":"purchasable","21":"product-type-simple"},"_links":{"self":[{"href":"https:\/\/gpl-love.com\/es\/wp-json\/wp\/v2\/product\/113136","targetHints":{"allow":["GET"]}}],"collection":[{"href":"https:\/\/gpl-love.com\/es\/wp-json\/wp\/v2\/product"}],"about":[{"href":"https:\/\/gpl-love.com\/es\/wp-json\/wp\/v2\/types\/product"}],"replies":[{"embeddable":true,"href":"https:\/\/gpl-love.com\/es\/wp-json\/wp\/v2\/comments?post=113136"}],"wp:featuredmedia":[{"embeddable":true,"href":"https:\/\/gpl-love.com\/es\/wp-json\/wp\/v2\/media\/168379"}],"wp:attachment":[{"href":"https:\/\/gpl-love.com\/es\/wp-json\/wp\/v2\/media?parent=113136"}],"wp:term":[{"taxonomy":"product_brand","embeddable":true,"href":"https:\/\/gpl-love.com\/es\/wp-json\/wp\/v2\/product_brand?post=113136"},{"taxonomy":"product_cat","embeddable":true,"href":"https:\/\/gpl-love.com\/es\/wp-json\/wp\/v2\/product_cat?post=113136"},{"taxonomy":"product_tag","embeddable":true,"href":"https:\/\/gpl-love.com\/es\/wp-json\/wp\/v2\/product_tag?post=113136"}],"curies":[{"name":"wp","href":"https:\/\/api.w.org\/{rel}","templated":true}]}}