{"id":113132,"date":"2021-05-06T00:00:00","date_gmt":"2021-05-06T05:00:00","guid":{"rendered":"http:\/\/gpl-love.com\/es\/?post_type=product&#038;p=113132"},"modified":"2026-03-13T17:16:06","modified_gmt":"2026-03-13T22:16:06","slug":"autima-car-accessories-tema-para-woocommerce-wordpress","status":"publish","type":"product","link":"https:\/\/gpl-love.com\/es\/producto\/autima-car-accessories-tema-para-woocommerce-wordpress\/","title":{"rendered":"Autima Car Accessories Tema para WooCommerce WordPress 1.0.8"},"content":{"rendered":"<h3>Autima Car Accessories Tema para WooCommerce WordPress Caracteristicas<\/h3>\n<p>El tema de los accesorios de autom\u00f3viles de Autima para WooCommerce es un tema de WordPress extremadamente sofisticado y cargado de WordPress que ha sido dise\u00f1ado espec\u00edficamente para satisfacer las necesidades \u00fanicas de la industria de accesorios para autom\u00f3viles. Con un dise\u00f1o elegante y contempor\u00e1neo, este tema ofrece una experiencia de compra incre\u00edblemente cautivadora e inmersiva para clientes exigentes que buscan accesorios para autom\u00f3viles de primer nivel. Adem\u00e1s, est\u00e1 equipado con una gran cantidad de funcionalidades s\u00f3lidas, como una funci\u00f3n de b\u00fasqueda de productos avanzada, opciones de precios personalizables y un dise\u00f1o receptivo, lo que lo convierte en una opci\u00f3n \u00f3ptima para las empresas de todas las magnitudes. Independientemente de si usted es un incondicional establecido en la industria de accesorios de autom\u00f3viles o si se est\u00e1 embarcando en su viaje empresarial, el tema de los accesorios de autom\u00f3viles de autima sirve como una plataforma asombrosamente vers\u00e1til y potente que est\u00e1 preparada para impulsarlo hacia un triunfo resonante dentro del \u00e1mbito expansivo del \u00e1mbito del \u00e1mbito del \u00e1mbito del reino expansivo del reino expansivo del \u00e1mbito de mercado en l\u00ednea.<\/p>\n<ul>\n<li>Tema premium dise\u00f1ado espec\u00edficamente para tiendas de accesorios automotrices y de autom\u00f3viles.<\/li>\n<li>Personalizaci\u00f3n f\u00e1cil con personalizador de temas en vivo y creador de p\u00e1ginas de arrastrar y soltar.<\/li>\n<li>Incluye p\u00e1ginas predise\u00f1adas como hogar, tienda, sobre nosotros, cont\u00e1ctenos y m\u00e1s.<\/li>\n<li>SEO optimizado para una mejor clasificaci\u00f3n de motores de b\u00fasqueda.<\/li>\n<li>Dise\u00f1o totalmente receptivo y amigable para m\u00f3viles para una experiencia de usuario perfecta.<\/li>\n<li>WooCommerce Compatible para una f\u00e1cil gesti\u00f3n y ventas de tiendas en l\u00ednea.<\/li>\n<li>Integraci\u00f3n con pasarelas de pago populares y m\u00e9todos de env\u00edo.<\/li>\n<li>Admite m\u00faltiples idiomas y monedas para ventas internacionales.<\/li>\n<li>Opciones para filtros de categor\u00eda de productos, zoom de imagen del producto y revisiones de productos.<\/li>\n<li>Documentaci\u00f3n integral y atenci\u00f3n al cliente dedicada para cualquier pregunta o problema.<\/li>\n<\/ul>\n","protected":false},"excerpt":{"rendered":"<p>Descubra el tema de los accesorios de autom\u00f3viles de autima para WooCommerce WordPress, adaptado espec\u00edficamente para tiendas de accesorios para autom\u00f3viles y tiendas de autopartes. Este tema altamente personalizable y f\u00e1cil de usar viene con funciones avanzadas de WooCommerce que le facilitan configurar y administrar su tienda en l\u00ednea. Con Autima, se beneficia de un dise\u00f1o de dise\u00f1o intuitivo que mejora la visibilidad de su producto, lo que impulsa m\u00e1s ventas. Su compatibilidad con WordPress hace que sea f\u00e1cil de instalar y usar. El dise\u00f1o receptivo de Autima garantiza que su tienda en l\u00ednea se vea impresionante y funciona sin problemas en todos los dispositivos. No se pierda este tema si su objetivo es aumentar los accesorios de su autom\u00f3vil y las ventas de auto piezas en l\u00ednea.<\/p>\n","protected":false},"featured_media":165411,"comment_status":"open","ping_status":"open","template":"","meta":[],"product_brand":[2337],"product_cat":[1263,1264,1237],"product_tag":[1391],"class_list":{"0":"post-113132","1":"product","2":"type-product","3":"status-publish","4":"has-post-thumbnail","6":"product_brand-themeforest","7":"product_cat-comercio-electronico-temas","8":"product_cat-negocio","9":"product_cat-temas","10":"product_tag-themeforest","11":"member-discount","12":"discount-restricted","14":"first","15":"instock","16":"sale","17":"downloadable","18":"virtual","19":"sold-individually","20":"purchasable","21":"product-type-simple"},"_links":{"self":[{"href":"https:\/\/gpl-love.com\/es\/wp-json\/wp\/v2\/product\/113132","targetHints":{"allow":["GET"]}}],"collection":[{"href":"https:\/\/gpl-love.com\/es\/wp-json\/wp\/v2\/product"}],"about":[{"href":"https:\/\/gpl-love.com\/es\/wp-json\/wp\/v2\/types\/product"}],"replies":[{"embeddable":true,"href":"https:\/\/gpl-love.com\/es\/wp-json\/wp\/v2\/comments?post=113132"}],"wp:featuredmedia":[{"embeddable":true,"href":"https:\/\/gpl-love.com\/es\/wp-json\/wp\/v2\/media\/165411"}],"wp:attachment":[{"href":"https:\/\/gpl-love.com\/es\/wp-json\/wp\/v2\/media?parent=113132"}],"wp:term":[{"taxonomy":"product_brand","embeddable":true,"href":"https:\/\/gpl-love.com\/es\/wp-json\/wp\/v2\/product_brand?post=113132"},{"taxonomy":"product_cat","embeddable":true,"href":"https:\/\/gpl-love.com\/es\/wp-json\/wp\/v2\/product_cat?post=113132"},{"taxonomy":"product_tag","embeddable":true,"href":"https:\/\/gpl-love.com\/es\/wp-json\/wp\/v2\/product_tag?post=113132"}],"curies":[{"name":"wp","href":"https:\/\/api.w.org\/{rel}","templated":true}]}}