{"id":113130,"date":"2026-03-21T00:00:00","date_gmt":"2026-03-21T05:00:00","guid":{"rendered":"http:\/\/gpl-love.com\/es\/?post_type=product&#038;p=113130"},"modified":"2026-03-21T17:15:14","modified_gmt":"2026-03-21T22:15:14","slug":"blessing-responsive-wordpress-theme","status":"publish","type":"product","link":"https:\/\/gpl-love.com\/es\/producto\/blessing-responsive-wordpress-theme\/","title":{"rendered":"Blessing Responsive WordPress Theme 1.7.10"},"content":{"rendered":"<h3>Blessing Responsive WordPress Theme Caracteristicas<\/h3>\n<p>El tema de WordPress receptivo de bendici\u00f3n se presenta como una opci\u00f3n altamente adecuada para las personas que desean construir un sitio web visualmente atractivo y funcional, mientras evaden las complejidades asociadas con la codificaci\u00f3n. Este tema particular resulta particularmente ventajoso para las iglesias, organizaciones sin fines de lucro y sitios web de naturaleza religiosa. En particular, el tema se caracteriza por su total capacidad de respuesta, adapt\u00e1ndose sin esfuerzo a las dimensiones de la pantalla de todos y cada uno de los dispositivos. Adem\u00e1s, cuenta con una variedad de caracter\u00edsticas impresionantes, incluidos widgets personalizados, un control deslizante receptivo y la capacidad de personalizar los colores y las fuentes. Adem\u00e1s, este tema es excepcionalmente f\u00e1cil de usar, acompa\u00f1ado de documentaci\u00f3n y soporte integral. Con el tema de WordPress receptivo de bendici\u00f3n a su disposici\u00f3n, tiene el poder de fabricar un sitio web realmente asombroso, uno que cautiva y motiva a su p\u00fablico objetivo.<\/p>\n<ul>\n<li>Dise\u00f1o totalmente receptivo para una visualizaci\u00f3n \u00f3ptima en cualquier dispositivo<\/li>\n<li>Flexibilidad definitiva con opciones de dise\u00f1o personalizables<\/li>\n<li>Estilos de cabeza de encabezado y pie de p\u00e1gina para elegir<\/li>\n<li>Men\u00fa de mega incorporado para una f\u00e1cil navegaci\u00f3n<\/li>\n<li>C\u00f3digo amigable para SEO para una mejor visibilidad del motor de b\u00fasqueda<\/li>\n<li>Compatible con complementos populares de WordPress como WooCommerce y el Formulario de contacto 7<\/li>\n<li>Plantillas de p\u00e1gina incorporadas para la creaci\u00f3n de p\u00e1ginas eficiente<\/li>\n<li>Traducci\u00f3n lista con archivo .pot incluido<\/li>\n<li>Integraci\u00f3n de las redes sociales para compartir y promoci\u00f3n<\/li>\n<li>Equipo de apoyo confiable y profesional para ayudar con cualquier pregunta o problema.<\/li>\n<\/ul>\n","protected":false},"excerpt":{"rendered":"<p>El tema de WordPress receptivo de bendici\u00f3n es una soluci\u00f3n moderna, limpia y f\u00e1cil de usar para las necesidades de su sitio web. Este tema es perfectamente adecuado para cualquier tipo de sitio web, desde blogs personales hasta sitios web de negocios profesionales. Su dise\u00f1o receptivo garantiza que su sitio web se vea impresionante y funcione sin problemas en cualquier dispositivo, ya sea un escritorio, computadora port\u00e1til, tableta o tel\u00e9fono inteligente. La bendici\u00f3n viene con una gran cantidad de caracter\u00edsticas personalizables, lo que le permite crear una presencia web \u00fanica y atractiva. Admite una amplia gama de complementos, lo que le brinda la flexibilidad de agregar funcionalidad adicional seg\u00fan sea necesario. El tema tambi\u00e9n proporciona una excelente atenci\u00f3n al cliente, asegurando que tenga la ayuda que necesita para crear un sitio web destacado. Experimente la combinaci\u00f3n perfecta de estilo y funcionalidad con el tema de WordPress receptivo de bendici\u00f3n.<\/p>\n","protected":false},"featured_media":165487,"comment_status":"open","ping_status":"open","template":"","meta":[],"product_brand":[2337],"product_cat":[1267,1237,1238],"product_tag":[1391],"class_list":{"0":"post-113130","1":"product","2":"type-product","3":"status-publish","4":"has-post-thumbnail","6":"product_brand-themeforest","7":"product_cat-creativo","8":"product_cat-temas","9":"product_cat-wordpress-temas","10":"product_tag-themeforest","11":"member-discount","12":"discount-restricted","14":"first","15":"instock","16":"sale","17":"downloadable","18":"virtual","19":"sold-individually","20":"purchasable","21":"product-type-simple"},"_links":{"self":[{"href":"https:\/\/gpl-love.com\/es\/wp-json\/wp\/v2\/product\/113130","targetHints":{"allow":["GET"]}}],"collection":[{"href":"https:\/\/gpl-love.com\/es\/wp-json\/wp\/v2\/product"}],"about":[{"href":"https:\/\/gpl-love.com\/es\/wp-json\/wp\/v2\/types\/product"}],"replies":[{"embeddable":true,"href":"https:\/\/gpl-love.com\/es\/wp-json\/wp\/v2\/comments?post=113130"}],"wp:featuredmedia":[{"embeddable":true,"href":"https:\/\/gpl-love.com\/es\/wp-json\/wp\/v2\/media\/165487"}],"wp:attachment":[{"href":"https:\/\/gpl-love.com\/es\/wp-json\/wp\/v2\/media?parent=113130"}],"wp:term":[{"taxonomy":"product_brand","embeddable":true,"href":"https:\/\/gpl-love.com\/es\/wp-json\/wp\/v2\/product_brand?post=113130"},{"taxonomy":"product_cat","embeddable":true,"href":"https:\/\/gpl-love.com\/es\/wp-json\/wp\/v2\/product_cat?post=113130"},{"taxonomy":"product_tag","embeddable":true,"href":"https:\/\/gpl-love.com\/es\/wp-json\/wp\/v2\/product_tag?post=113130"}],"curies":[{"name":"wp","href":"https:\/\/api.w.org\/{rel}","templated":true}]}}