{"id":113128,"date":"2023-09-16T00:00:00","date_gmt":"2023-09-16T05:00:00","guid":{"rendered":"http:\/\/gpl-love.com\/es\/?post_type=product&#038;p=113128"},"modified":"2026-03-13T17:17:15","modified_gmt":"2026-03-13T22:17:15","slug":"buildpro-business-building-y-construction-theme","status":"publish","type":"product","link":"https:\/\/gpl-love.com\/es\/producto\/buildpro-business-building-y-construction-theme\/","title":{"rendered":"BuildPro Business Building y Construction Theme 1.1.5"},"content":{"rendered":"<h3>BuildPro Business Building y Construction Theme Caracteristicas<\/h3>\n<p>BuildPro es un tema que lo abarca para la construcci\u00f3n y la construcci\u00f3n de negocios, meticulosamente elaborado para satisfacer los requisitos de contratistas, constructores, arquitectos y varios otros profesionales que funcionan dentro de la industria de la construcci\u00f3n y la construcci\u00f3n. Con un dise\u00f1o elegante y contempor\u00e1neo, BuildPro ofrece una variedad de caracter\u00edsticas que facilitan la creaci\u00f3n sin esfuerzo de un sitio web de grado profesional, mostrando efectivamente su trabajo y servicios. Este tema est\u00e1 equipado con una variedad de plantillas predise\u00f1adas y dise\u00f1os de p\u00e1ginas, proporcion\u00e1ndole los medios para dise\u00f1ar un sitio web totalmente personalizado que exude su identidad de marca y estilo personal. Adem\u00e1s, BuildPro es totalmente receptivo, lo que garantiza un atractivo visual \u00f3ptimo en todos los dispositivos. Su Arsenal tambi\u00e9n incluye una multitud de opciones de personalizaci\u00f3n, que le brinda la facilidad y la flexibilidad de ajustar los colores, las fuentes y otras configuraciones para alinearse impecablemente con la est\u00e9tica de su marca. Al aprovechar el poder de BuildPro, tiene el potencial de manifestar un sitio web visualmente detenedor que lo distingue efectivamente de los competidores y atrae con \u00e9xito a nuevas clientela.<\/p>\n<ul>\n<li>Dise\u00f1o de sitios web de negocios y construcci\u00f3n profesionales y modernos<\/li>\n<li>Dise\u00f1o totalmente receptivo y amigable para m\u00f3viles<\/li>\n<li>Personalizable con un constructor de p\u00e1ginas de arrastre y suelto f\u00e1cil de usar<\/li>\n<li>Opciones de color ilimitadas e integraci\u00f3n de fuentes de Google<\/li>\n<li>Documentaci\u00f3n y apoyo integrales<\/li>\n<li>Incluye m\u00faltiples plantillas de p\u00e1gina predise\u00f1adas para una personalizaci\u00f3n r\u00e1pida<\/li>\n<li>Construido con un c\u00f3digo limpio y eficiente para un rendimiento \u00f3ptimo del sitio web<\/li>\n<li>Compatibilidad de WooCommerce y WPML para sitios web de comercio electr\u00f3nico y multiling\u00fces<\/li>\n<li>SEO optimizado para mejorar la clasificaci\u00f3n del motor de b\u00fasqueda<\/li>\n<li>Actualizaciones de temas regulares y soporte continuo de desarrollo.<\/li>\n<\/ul>\n","protected":false},"excerpt":{"rendered":"<p>Dise\u00f1ado espec\u00edficamente para la construcci\u00f3n, las empresas de arquitectura y las empresas de construcci\u00f3n, el tema de construcci\u00f3n y construcci\u00f3n de negocios de BuildPro es una herramienta poderosa que lo ayuda a crear una presencia en l\u00ednea profesional y sofisticada. Este tema est\u00e1 lleno de funciones, con un dise\u00f1o y dise\u00f1o altamente personalizable, lo que le permite exhibir sus servicios, cartera y proyectos de una manera impresionante. Es f\u00e1cil de usar, ofreciendo una navegaci\u00f3n perfecta y una interfaz interactiva para mantener a sus visitantes comprometidos. Adem\u00e1s, incluye caracter\u00edsticas avanzadas como un sistema de gesti\u00f3n de proyectos, un estimador de costos y una funci\u00f3n de reserva de citas que puede optimizar en gran medida sus operaciones. Este tema tambi\u00e9n responde, asegurando un rendimiento \u00f3ptimo y una experiencia de visualizaci\u00f3n en todos los dispositivos. Con BuildPro, no solo est\u00e1 obteniendo un tema, est\u00e1 invirtiendo en una soluci\u00f3n integral para establecer su marca en la industria de la construcci\u00f3n competitiva.<\/p>\n","protected":false},"featured_media":165575,"comment_status":"open","ping_status":"open","template":"","meta":[],"product_brand":[2337],"product_cat":[1307,1237,1238],"product_tag":[1391],"class_list":{"0":"post-113128","1":"product","2":"type-product","3":"status-publish","4":"has-post-thumbnail","6":"product_brand-themeforest","7":"product_cat-negocio-wordpress-temas","8":"product_cat-temas","9":"product_cat-wordpress-temas","10":"product_tag-themeforest","11":"member-discount","12":"discount-restricted","14":"first","15":"instock","16":"sale","17":"downloadable","18":"virtual","19":"sold-individually","20":"purchasable","21":"product-type-simple"},"_links":{"self":[{"href":"https:\/\/gpl-love.com\/es\/wp-json\/wp\/v2\/product\/113128","targetHints":{"allow":["GET"]}}],"collection":[{"href":"https:\/\/gpl-love.com\/es\/wp-json\/wp\/v2\/product"}],"about":[{"href":"https:\/\/gpl-love.com\/es\/wp-json\/wp\/v2\/types\/product"}],"replies":[{"embeddable":true,"href":"https:\/\/gpl-love.com\/es\/wp-json\/wp\/v2\/comments?post=113128"}],"wp:featuredmedia":[{"embeddable":true,"href":"https:\/\/gpl-love.com\/es\/wp-json\/wp\/v2\/media\/165575"}],"wp:attachment":[{"href":"https:\/\/gpl-love.com\/es\/wp-json\/wp\/v2\/media?parent=113128"}],"wp:term":[{"taxonomy":"product_brand","embeddable":true,"href":"https:\/\/gpl-love.com\/es\/wp-json\/wp\/v2\/product_brand?post=113128"},{"taxonomy":"product_cat","embeddable":true,"href":"https:\/\/gpl-love.com\/es\/wp-json\/wp\/v2\/product_cat?post=113128"},{"taxonomy":"product_tag","embeddable":true,"href":"https:\/\/gpl-love.com\/es\/wp-json\/wp\/v2\/product_tag?post=113128"}],"curies":[{"name":"wp","href":"https:\/\/api.w.org\/{rel}","templated":true}]}}