{"id":113126,"date":"2021-05-06T00:00:00","date_gmt":"2021-05-06T05:00:00","guid":{"rendered":"http:\/\/gpl-love.com\/es\/?post_type=product&#038;p=113126"},"modified":"2026-03-13T17:17:49","modified_gmt":"2026-03-13T22:17:49","slug":"clima-responsive-woocommerce-wordpress-theme","status":"publish","type":"product","link":"https:\/\/gpl-love.com\/es\/producto\/clima-responsive-woocommerce-wordpress-theme\/","title":{"rendered":"Clima Responsive WooCommerce WordPress Theme 1.0.4"},"content":{"rendered":"<h3>Clima Responsive WooCommerce WordPress Theme Caracteristicas<\/h3>\n<p>El tema de WordPress de WooCommerce de Clima, con su versatilidad y potencia excepcionales, sirve como una soluci\u00f3n ejemplar de comercio electr\u00f3nico que otorga a los usuarios una experiencia de compra incomparable y personalizable. Este tema de vanguardia exhibe una notable adaptabilidad a varios tama\u00f1os y dispositivos de pantalla, lo que garantiza una apariencia est\u00e9ticamente agradable en todas las plataformas. Al aprovechar el tema Clima, los usuarios pueden forjar sin esfuerzo un sitio web sofisticado y contempor\u00e1neo que ha sido minuciosamente optimizado tanto para la optimizaci\u00f3n de la r\u00e1pida y la optimizaci\u00f3n de motores de b\u00fasqueda. Adem\u00e1s, la integraci\u00f3n perfecta del formidable WooCommerce permite a los usuarios vender sin esfuerzo sus productos al tiempo que proporciona una amplia gama de opciones de personalizaci\u00f3n, facilitando as\u00ed la alineaci\u00f3n meticulosa del sitio web con el estilo y la esencia \u00fanicos de su marca. Con Clima a su disposici\u00f3n, la creaci\u00f3n de una tienda en l\u00ednea verdaderamente profesional y de alto rendimiento espera, una que seguramente cautivar\u00e1 y satisface a su estimada clientela.<\/p>\n<ul>\n<li>Dise\u00f1o profesional y moderno hecho espec\u00edficamente para WooCommerce<\/li>\n<li>Totalmente personalizable con un constructor de p\u00e1ginas visual f\u00e1cil de usar<\/li>\n<li>Se adapta h\u00e1bilmente al clima y las condiciones clim\u00e1ticas para mejorar la experiencia de compra<\/li>\n<li>M\u00faltiples p\u00e1ginas preconstruidas para una f\u00e1cil configuraci\u00f3n y personalizaci\u00f3n<\/li>\n<li>Opciones avanzadas de filtrado de productos para una navegaci\u00f3n m\u00e1s r\u00e1pida y eficiente<\/li>\n<li>SEO optimizado para clasificaciones de motores de b\u00fasqueda m\u00e1s altos<\/li>\n<li>Receptivo m\u00f3vil para compras sin problemas en todos los dispositivos<\/li>\n<li>Instalaci\u00f3n de demostraci\u00f3n de un solo clic para una configuraci\u00f3n sin esfuerzo<\/li>\n<li>Intercambio social incorporado para un mayor compromiso y alcance<\/li>\n<li>Traducci\u00f3n lista para la expansi\u00f3n del mercado global<\/li>\n<li>Actualizaciones regulares y soporte dedicado para una experiencia sin problemas.<\/li>\n<\/ul>\n","protected":false},"excerpt":{"rendered":"<p>Presentamos el tema de WordPress de WooCommerce de Clima Responsivo, un tema de WordPress de vanguardia dise\u00f1ado para capacitar a su tienda en l\u00ednea. Este tema es totalmente receptivo, lo que significa que se adaptar\u00e1 a cualquier tama\u00f1o de pantalla, proporcionando a sus clientes una experiencia de compra perfecta en cualquier dispositivo. Integrado con WooCommerce, Clima le permite configurar su tienda en l\u00ednea con brisa, ofreciendo una gama de caracter\u00edsticas personalizables para que su sitio web sea realmente \u00fanico. El tema tambi\u00e9n es amigable con SEO, ayudando a su tienda a clasificarse m\u00e1s en los resultados de los motores de b\u00fasqueda, llegar a un p\u00fablico m\u00e1s amplio y potencialmente aumentar sus ventas. Ya sea que est\u00e9 vendiendo ropa, electr\u00f3nica o art\u00edculos para el hogar, el tema de WordPress de WooCommerce de Clima es su clave para una tienda en l\u00ednea exitosa.<\/p>\n","protected":false},"featured_media":165635,"comment_status":"open","ping_status":"open","template":"","meta":[],"product_brand":[2337],"product_cat":[1239,1237,1238],"product_tag":[1391],"class_list":{"0":"post-113126","1":"product","2":"type-product","3":"status-publish","4":"has-post-thumbnail","6":"product_brand-themeforest","7":"product_cat-de-multiples-fines","8":"product_cat-temas","9":"product_cat-wordpress-temas","10":"product_tag-themeforest","11":"member-discount","12":"discount-restricted","14":"first","15":"instock","16":"sale","17":"downloadable","18":"virtual","19":"sold-individually","20":"purchasable","21":"product-type-simple"},"_links":{"self":[{"href":"https:\/\/gpl-love.com\/es\/wp-json\/wp\/v2\/product\/113126","targetHints":{"allow":["GET"]}}],"collection":[{"href":"https:\/\/gpl-love.com\/es\/wp-json\/wp\/v2\/product"}],"about":[{"href":"https:\/\/gpl-love.com\/es\/wp-json\/wp\/v2\/types\/product"}],"replies":[{"embeddable":true,"href":"https:\/\/gpl-love.com\/es\/wp-json\/wp\/v2\/comments?post=113126"}],"wp:featuredmedia":[{"embeddable":true,"href":"https:\/\/gpl-love.com\/es\/wp-json\/wp\/v2\/media\/165635"}],"wp:attachment":[{"href":"https:\/\/gpl-love.com\/es\/wp-json\/wp\/v2\/media?parent=113126"}],"wp:term":[{"taxonomy":"product_brand","embeddable":true,"href":"https:\/\/gpl-love.com\/es\/wp-json\/wp\/v2\/product_brand?post=113126"},{"taxonomy":"product_cat","embeddable":true,"href":"https:\/\/gpl-love.com\/es\/wp-json\/wp\/v2\/product_cat?post=113126"},{"taxonomy":"product_tag","embeddable":true,"href":"https:\/\/gpl-love.com\/es\/wp-json\/wp\/v2\/product_tag?post=113126"}],"curies":[{"name":"wp","href":"https:\/\/api.w.org\/{rel}","templated":true}]}}