{"id":113124,"date":"2021-05-06T00:00:00","date_gmt":"2021-05-06T05:00:00","guid":{"rendered":"http:\/\/gpl-love.com\/es\/?post_type=product&#038;p=113124"},"modified":"2026-03-13T17:18:02","modified_gmt":"2026-03-13T22:18:02","slug":"cosmetista-beauty-y-makeup-theme","status":"publish","type":"product","link":"https:\/\/gpl-love.com\/es\/producto\/cosmetista-beauty-y-makeup-theme\/","title":{"rendered":"Cosmetista Beauty y Makeup Theme 1.0.5"},"content":{"rendered":"<h3>Cosmetista Beauty y Makeup Theme Caracteristicas<\/h3>\n<p>El tema Cosmetista Beauty and Makeup sirve como una herramienta excepcional para las personas involucradas en la industria de la belleza, incluidos bloggers de belleza, maquilladores y negocios de cosm\u00e9ticos, que buscan exhibir su amplia gama de productos, servicios y experiencia. Este tema abarca un dise\u00f1o elegante y moderno, que facilita la navegaci\u00f3n sin esfuerzo, complementado con una tipograf\u00eda inmaculada. Adem\u00e1s, presenta esquemas de color personalizables, lo que permite la creaci\u00f3n de una apariencia distinta y personalizada consistente con la marca. Adem\u00e1s, el tema cuenta con una variedad de caracter\u00edsticas dise\u00f1adas para optimizar la experiencia del usuario, como su dise\u00f1o receptivo, gr\u00e1ficos listos para retina y codificaci\u00f3n optimizada, asegurando tiempos de carga r\u00e1pidos. Al aprovechar las capacidades ofrecidas por el tema de la belleza y el maquillaje Cosmetista, los usuarios pueden establecer un sitio web visualmente cautivador y excepcionalmente funcional, fomentando as\u00ed un seguimiento dedicado y efectivamente comprometido con el p\u00fablico objetivo deseado.<\/p>\n<ul>\n<li>Un tema de WordPress bellamente dise\u00f1ado espec\u00edficamente para blogueros y negocios de belleza y maquillaje<\/li>\n<li>Cuenta con secciones de p\u00e1gina de inicio personalizables para mostrar publicaciones, productos y testimonios destacados<\/li>\n<li>Incluye opciones de color ilimitadas y m\u00e1s de 800 fuentes de Google para elegir<\/li>\n<li>La integraci\u00f3n de alimentaci\u00f3n de Instagram incorporada permite una promoci\u00f3n de las redes sociales sin problemas<\/li>\n<li>SEO optimizado para la m\u00e1xima visibilidad en los resultados del motor de b\u00fasqueda<\/li>\n<li>El dise\u00f1o totalmente receptivo garantiza que su sitio web se vea genial en todos los dispositivos<\/li>\n<li>Compatible con complementos populares de WordPress como WooCommerce, Contact Form 7 y m\u00e1s<\/li>\n<li>El panel de opciones de tema f\u00e1cil de usar le permite personalizar su sitio sin tocar ning\u00fan c\u00f3digo<\/li>\n<li>Viene con documentaci\u00f3n detallada y un equipo de soporte dedicado para ayudarlo en cada paso del camino<\/li>\n<\/ul>\n","protected":false},"excerpt":{"rendered":"<p>Desata su gur\u00fa de belleza interior con cosmetista, el mejor tema de belleza y maquillaje. Este hermoso y elegante tema es perfecto para bloggers de belleza, maquilladores y tiendas de cosm\u00e9ticos. Su elegante dise\u00f1o y su interfaz f\u00e1cil de usar mostrar\u00e1n sus productos de la manera m\u00e1s elegante. Con Cosmetista, puede compartir f\u00e1cilmente sus consejos y trucos de belleza, mostrar sus impresionantes transformaciones de maquillaje y promover sus productos de belleza. Adem\u00e1s, est\u00e1 optimizado para aumentar su visibilidad en l\u00ednea. Con su dise\u00f1o receptivo, su sitio se ver\u00e1 perfecto en cualquier dispositivo. \u00a1Obtenga cosmetista ahora y mejore su negocio de belleza!<\/p>\n","protected":false},"featured_media":165665,"comment_status":"open","ping_status":"open","template":"","meta":[],"product_brand":[2337],"product_cat":[1267,1237,1238],"product_tag":[1391],"class_list":{"0":"post-113124","1":"product","2":"type-product","3":"status-publish","4":"has-post-thumbnail","6":"product_brand-themeforest","7":"product_cat-creativo","8":"product_cat-temas","9":"product_cat-wordpress-temas","10":"product_tag-themeforest","11":"member-discount","12":"discount-restricted","14":"first","15":"instock","16":"sale","17":"downloadable","18":"virtual","19":"sold-individually","20":"purchasable","21":"product-type-simple"},"_links":{"self":[{"href":"https:\/\/gpl-love.com\/es\/wp-json\/wp\/v2\/product\/113124","targetHints":{"allow":["GET"]}}],"collection":[{"href":"https:\/\/gpl-love.com\/es\/wp-json\/wp\/v2\/product"}],"about":[{"href":"https:\/\/gpl-love.com\/es\/wp-json\/wp\/v2\/types\/product"}],"replies":[{"embeddable":true,"href":"https:\/\/gpl-love.com\/es\/wp-json\/wp\/v2\/comments?post=113124"}],"wp:featuredmedia":[{"embeddable":true,"href":"https:\/\/gpl-love.com\/es\/wp-json\/wp\/v2\/media\/165665"}],"wp:attachment":[{"href":"https:\/\/gpl-love.com\/es\/wp-json\/wp\/v2\/media?parent=113124"}],"wp:term":[{"taxonomy":"product_brand","embeddable":true,"href":"https:\/\/gpl-love.com\/es\/wp-json\/wp\/v2\/product_brand?post=113124"},{"taxonomy":"product_cat","embeddable":true,"href":"https:\/\/gpl-love.com\/es\/wp-json\/wp\/v2\/product_cat?post=113124"},{"taxonomy":"product_tag","embeddable":true,"href":"https:\/\/gpl-love.com\/es\/wp-json\/wp\/v2\/product_tag?post=113124"}],"curies":[{"name":"wp","href":"https:\/\/api.w.org\/{rel}","templated":true}]}}