{"id":113122,"date":"2023-04-22T00:00:00","date_gmt":"2023-04-22T05:00:00","guid":{"rendered":"http:\/\/gpl-love.com\/es\/?post_type=product&#038;p=113122"},"modified":"2026-03-13T17:19:38","modified_gmt":"2026-03-13T22:19:38","slug":"ecolife-organic-woocommerce-wordpress-theme","status":"publish","type":"product","link":"https:\/\/gpl-love.com\/es\/producto\/ecolife-organic-woocommerce-wordpress-theme\/","title":{"rendered":"Ecolife Organic WooCommerce WordPress Theme 1.0.6"},"content":{"rendered":"<h3>Ecolife Organic WooCommerce WordPress Theme Caracteristicas<\/h3>\n<p>Ecolife Organic, un exquisito tema de WordPress WooCommerce, ha sido meticulosamente dise\u00f1ado para satisfacer espec\u00edficamente las necesidades de los alimentos org\u00e1nicos y las tiendas de comestibles. Este tema cuenta con un dise\u00f1o limpio y minimalista que exuda elegancia y profesionalismo en igual medida. Adem\u00e1s, su interfaz intuitiva y su dise\u00f1o f\u00e1cil de usar facilitan a los propietarios de tiendas para personalizar y administrar f\u00e1cilmente sus tiendas en l\u00ednea. Adem\u00e1s, el tema es totalmente receptivo, garantizando que su sitio web parezca visualmente impresionante en cualquier dispositivo. El notable tema org\u00e1nico de Ecolife le permite mostrar sus productos de una manera hermosa y bien organizada, gracias a su dise\u00f1o de p\u00e1gina de productos excepcionalmente poderoso. Adem\u00e1s, este tema ofrece una gran cantidad de caracter\u00edsticas que incluyen un mega men\u00fa, widgets personalizados y un panel de opci\u00f3n de tema robusto. En general, Ecolife Organic presenta una soluci\u00f3n impecable para las personas interesadas en embarcarse en el viaje de establecer una tienda de comestibles y alimentos org\u00e1nicos en l\u00ednea.<\/p>\n<ul>\n<li>Un tema de WordPress totalmente personalizable dise\u00f1ado para sitios web de comercio electr\u00f3nico.<\/li>\n<li>Construido con las \u00faltimas tecnolog\u00edas web y optimizado para la optimizaci\u00f3n de la velocidad y el motor de b\u00fasqueda (SEO).<\/li>\n<li>Cuenta con un dise\u00f1o limpio y moderno con mucho espacio en blanco para hacer que los productos de navegaci\u00f3n sean muy f\u00e1ciles.<\/li>\n<li>Admite WooCommerce, el complemento de comercio electr\u00f3nico m\u00e1s popular del mundo para WordPress, y viene con una gama de potentes caracter\u00edsticas de comercio electr\u00f3nico de casa.<\/li>\n<li>Incluye una gama de opciones de personalizaci\u00f3n, que incluyen m\u00faltiples dise\u00f1os de encabezado y pie de p\u00e1gina, m\u00e1s de 600 fuentes de Google y esquemas de color ilimitados.<\/li>\n<li>El dise\u00f1o totalmente receptivo garantiza que su sitio web se vea genial en todos los dispositivos, desde escritorios hasta dispositivos m\u00f3viles.<\/li>\n<li>Construido con HTML5 y CSS3, e incluye una gama de c\u00f3digos cortos para facilitar la personalizaci\u00f3n y la creaci\u00f3n de contenido.<\/li>\n<li>Incluye una gama de plantillas de p\u00e1gina preconstruidas, que incluyen p\u00e1ginas de productos, p\u00e1ginas de carritos y p\u00e1ginas de pago.<\/li>\n<li>Compatible con los populares constructores de p\u00e1ginas de WordPress como Elementor y WPbakery para obtener a\u00fan m\u00e1s opciones de personalizaci\u00f3n.<\/li>\n<li>El SEO amigable y optimizado para tiempos de carga de p\u00e1gina r\u00e1pidos, lo que ayuda a que su sitio web sea f\u00e1cil de encontrar y usar.<\/li>\n<\/ul>\n","protected":false},"excerpt":{"rendered":"<p>Ecolife Organic, un tema de WordPress de WooCommerce, ha sido meticulosamente elaborado para empresas ecol\u00f3gicas que se especializan en la venta de productos org\u00e1nicos. Este tema cuenta con un dise\u00f1o elegante y contempor\u00e1neo, lo que le permite exhibir sus productos de una manera est\u00e9ticamente agradable. Adem\u00e1s, est\u00e1 repleto de una variedad de caracter\u00edsticas impresionantes, como una p\u00e1gina de inicio altamente personalizable, diversos dise\u00f1os de productos y tiendas, una gran cantidad de estilos de encabezado y mucho m\u00e1s. Adem\u00e1s, la inclusi\u00f3n de un s\u00f3lido constructor de p\u00e1ginas asegura que puedas que puedas hacer un esfuerzo a las p\u00e1ginas y dise\u00f1os de moda sin esfuerzo sin experiencia en codificaci\u00f3n. Es de destacar que Ecolife Organic ha sido optimizado diligentemente tanto para la velocidad como para el SEO, garantizando que su sitio web operar\u00e1 a velocidades r\u00e1pidas y alcanzar\u00e1 una clasificaci\u00f3n elevada en motores de b\u00fasqueda prominentes. Abrace el potencial incomparable del tema de WordPress de WooCommerce Ecolife Ecolife y se embarca en su viaje de ventas de productos org\u00e1nicos en l\u00ednea.<\/p>\n","protected":false},"featured_media":165903,"comment_status":"open","ping_status":"open","template":"","meta":[],"product_brand":[2337],"product_cat":[1646,1237,1238],"product_tag":[1391],"class_list":{"0":"post-113122","1":"product","2":"type-product","3":"status-publish","4":"has-post-thumbnail","6":"product_brand-themeforest","7":"product_cat-alimentacion-y-restaurante","8":"product_cat-temas","9":"product_cat-wordpress-temas","10":"product_tag-themeforest","11":"member-discount","12":"discount-restricted","14":"first","15":"instock","16":"sale","17":"downloadable","18":"virtual","19":"sold-individually","20":"purchasable","21":"product-type-simple"},"_links":{"self":[{"href":"https:\/\/gpl-love.com\/es\/wp-json\/wp\/v2\/product\/113122","targetHints":{"allow":["GET"]}}],"collection":[{"href":"https:\/\/gpl-love.com\/es\/wp-json\/wp\/v2\/product"}],"about":[{"href":"https:\/\/gpl-love.com\/es\/wp-json\/wp\/v2\/types\/product"}],"replies":[{"embeddable":true,"href":"https:\/\/gpl-love.com\/es\/wp-json\/wp\/v2\/comments?post=113122"}],"wp:featuredmedia":[{"embeddable":true,"href":"https:\/\/gpl-love.com\/es\/wp-json\/wp\/v2\/media\/165903"}],"wp:attachment":[{"href":"https:\/\/gpl-love.com\/es\/wp-json\/wp\/v2\/media?parent=113122"}],"wp:term":[{"taxonomy":"product_brand","embeddable":true,"href":"https:\/\/gpl-love.com\/es\/wp-json\/wp\/v2\/product_brand?post=113122"},{"taxonomy":"product_cat","embeddable":true,"href":"https:\/\/gpl-love.com\/es\/wp-json\/wp\/v2\/product_cat?post=113122"},{"taxonomy":"product_tag","embeddable":true,"href":"https:\/\/gpl-love.com\/es\/wp-json\/wp\/v2\/product_tag?post=113122"}],"curies":[{"name":"wp","href":"https:\/\/api.w.org\/{rel}","templated":true}]}}