{"id":113114,"date":"2021-05-06T00:00:00","date_gmt":"2021-05-06T05:00:00","guid":{"rendered":"http:\/\/gpl-love.com\/es\/?post_type=product&#038;p=113114"},"modified":"2026-04-10T11:19:48","modified_gmt":"2026-04-10T16:19:48","slug":"nolez-education-wordpress-theme","status":"publish","type":"product","link":"https:\/\/gpl-love.com\/es\/producto\/nolez-education-wordpress-theme\/","title":{"rendered":"Nolez Education WordPress Theme 1.0"},"content":{"rendered":"<h3>Nolez Education WordPress Theme Caracteristicas<\/h3>\n<p>El tema de WordPress de Nolez Education es una excelente opci\u00f3n para instituciones educativas y plataformas de aprendizaje en l\u00ednea que desean un dise\u00f1o de sitio web que sea profesional y contempor\u00e1neo. Ofrece una variedad diversa de caracter\u00edsticas que sirven para resaltar efectivamente sus cursos y programas, al tiempo que le brinda la oportunidad de personalizar y navegar f\u00e1cilmente por la plataforma. En particular, este tema le otorga la capacidad de dise\u00f1ar un sitio web distinto y de alto calibre que encarna con precisi\u00f3n su marca \u00fanica, utilizando contenido multimedia, testimonios y componentes personalizables. Adem\u00e1s, Nolez Education se construye utilizando tecnolog\u00eda de punta, lo que garantiza que est\u00e9 optimizado para los motores de b\u00fasqueda y funcione sin problemas en todos los dispositivos. Es igualmente adecuado para aquellos que buscan anunciar su instituci\u00f3n educativa, establecer un mercado de cursos o simplemente lanzar una plataforma de aprendizaje en l\u00ednea. Sin lugar a dudas, el tema de WordPress de Nolez Education es la mejor opci\u00f3n para satisfacer sus necesidades en este \u00e1mbito.<\/p>\n<ul>\n<li>Dise\u00f1o elegante y moderno con opciones personalizables<\/li>\n<li>Totalmente receptivo para dispositivos m\u00f3viles y de tabletas<\/li>\n<li>Incluye plantillas de p\u00e1gina predise\u00f1adas para una f\u00e1cil configuraci\u00f3n<\/li>\n<li>Compatible con complementos populares de WordPress para una funcionalidad adicional<\/li>\n<li>Integrado con las caracter\u00edsticas de intercambio de redes sociales y comentarios<\/li>\n<li>Tipograf\u00eda avanzada y opciones de color para la marca mejorada<\/li>\n<li>Soporte incorporado para cursos de aprendizaje electr\u00f3nico y aulas en l\u00ednea<\/li>\n<li>Builder de p\u00e1gina de arrastrar y soltar f\u00e1ciles de usar para la personalizaci\u00f3n<\/li>\n<li>Documentaci\u00f3n integral y equipo de atenci\u00f3n al cliente dedicado.<\/li>\n<\/ul>\n","protected":false},"excerpt":{"rendered":"<p>El tema de WordPress de Nolez Education es un tema altamente sofisticado y meticulosamente elaborado que se ha adaptado espec\u00edficamente para satisfacer las necesidades de educadores, escuelas y universidades. Su dise\u00f1o impecable y su funcionalidad perfecta lo convierten en una mejor opci\u00f3n para aquellos que buscan mostrar sus cursos, eventos y miembros de la facultad de una manera visualmente impresionante y atractiva. Adem\u00e1s, la interfaz intuitiva y f\u00e1cil de usar del tema de Nolez asegura que los usuarios tengan una experiencia sin problemas y agradable mientras navegan a trav\u00e9s del sitio web. Adem\u00e1s, su capacidad de respuesta garantiza que su sitio web se ver\u00e1 impecable y funcionar\u00e1 sin problemas en todos los dispositivos, ya sea un escritorio, una tableta o un tel\u00e9fono m\u00f3vil. Adem\u00e1s, el tema de Nolez se integra perfectamente con complementos populares como Contact Form 7 y WooCommerce, lo que lo permite administrar y monetizar sin esfuerzo sus recursos educativos. Adem\u00e1s, el tema ofrece una amplia gama de opciones de personalizaci\u00f3n, lo que le permite personalizarlo de acuerdo con sus preferencias y requisitos \u00fanicos. En consecuencia, independientemente de si representa un peque\u00f1o centro de aprendizaje o una universidad prestigiosa, el tema de WordPress de Nolez Education se presenta como la soluci\u00f3n definitiva para cumplir con todos sus requisitos de educaci\u00f3n en l\u00ednea.<\/p>\n","protected":false},"featured_media":167058,"comment_status":"open","ping_status":"open","template":"","meta":[],"product_brand":[2337],"product_cat":[1267,1237,1238],"product_tag":[1391],"class_list":{"0":"post-113114","1":"product","2":"type-product","3":"status-publish","4":"has-post-thumbnail","6":"product_brand-themeforest","7":"product_cat-creativo","8":"product_cat-temas","9":"product_cat-wordpress-temas","10":"product_tag-themeforest","11":"member-discount","12":"discount-restricted","14":"first","15":"instock","16":"sale","17":"downloadable","18":"virtual","19":"sold-individually","20":"purchasable","21":"product-type-simple"},"_links":{"self":[{"href":"https:\/\/gpl-love.com\/es\/wp-json\/wp\/v2\/product\/113114","targetHints":{"allow":["GET"]}}],"collection":[{"href":"https:\/\/gpl-love.com\/es\/wp-json\/wp\/v2\/product"}],"about":[{"href":"https:\/\/gpl-love.com\/es\/wp-json\/wp\/v2\/types\/product"}],"replies":[{"embeddable":true,"href":"https:\/\/gpl-love.com\/es\/wp-json\/wp\/v2\/comments?post=113114"}],"wp:featuredmedia":[{"embeddable":true,"href":"https:\/\/gpl-love.com\/es\/wp-json\/wp\/v2\/media\/167058"}],"wp:attachment":[{"href":"https:\/\/gpl-love.com\/es\/wp-json\/wp\/v2\/media?parent=113114"}],"wp:term":[{"taxonomy":"product_brand","embeddable":true,"href":"https:\/\/gpl-love.com\/es\/wp-json\/wp\/v2\/product_brand?post=113114"},{"taxonomy":"product_cat","embeddable":true,"href":"https:\/\/gpl-love.com\/es\/wp-json\/wp\/v2\/product_cat?post=113114"},{"taxonomy":"product_tag","embeddable":true,"href":"https:\/\/gpl-love.com\/es\/wp-json\/wp\/v2\/product_tag?post=113114"}],"curies":[{"name":"wp","href":"https:\/\/api.w.org\/{rel}","templated":true}]}}