{"id":113112,"date":"2024-02-06T00:00:00","date_gmt":"2024-02-06T05:00:00","guid":{"rendered":"http:\/\/gpl-love.com\/es\/?post_type=product&#038;p=113112"},"modified":"2026-03-13T17:23:50","modified_gmt":"2026-03-13T22:23:50","slug":"lukani-plant-store-tema-para-woocommerce-wordpress","status":"publish","type":"product","link":"https:\/\/gpl-love.com\/es\/producto\/lukani-plant-store-tema-para-woocommerce-wordpress\/","title":{"rendered":"Lukani Plant Store Tema para WooCommerce WordPress 1.1.5"},"content":{"rendered":"<h3>Lukani Plant Store Tema para WooCommerce WordPress Caracteristicas<\/h3>\n<p>\u00bfEst\u00e1 buscando un tema impecable que pueda llevar el sitio web de su tienda de plantas a nuevas alturas? Su b\u00fasqueda termina aqu\u00ed con el notable tema de la tienda de plantas Lukani para WooCommerce WordPress. Hecho a mano con tecnolog\u00eda de WooCommerce de vanguardia, este tema garantiza una experiencia de compra perfecta e inigualable para sus estimados clientes. Lo que distingue a este tema es su multitud de opciones personalizables que le permiten crear una tienda de plantas extraordinaria y cautivadora que resuene con la esencia de su marca. Adem\u00e1s, este tema cuenta con una gran cantidad de caracter\u00edsticas que racionalizan la gesti\u00f3n de inventario, el seguimiento de pedidos y el procesamiento seguro de pagos. Con el tema de la tienda de plantas Lukani para WooCommerce WordPress, tiene la capacidad de establecer una tienda de plantas visualmente impresionante y centrada en el usuario que realmente se destaca en medio de la competencia.<\/p>\n<ul>\n<li>Tema de la tienda de plantas bellamente dise\u00f1ada y totalmente receptiva para WooCommerce WordPress.<\/li>\n<li>M\u00faltiples dise\u00f1os de p\u00e1gina de inicio personalizables para elegir para representar su marca.<\/li>\n<li>Integraci\u00f3n suave con la funcionalidad de WooCommerce para un f\u00e1cil procesamiento de ventas en l\u00ednea y pagos.<\/li>\n<li>Simplemente usar y personalizar con una interfaz intuitiva de arrastrar y soltar.<\/li>\n<li>Construido con la optimizaci\u00f3n de SEO en mente para ayudar a su tienda a clasificar m\u00e1s alto en los motores de b\u00fasqueda.<\/li>\n<li>Viene con una variedad de p\u00e1ginas preconstruidas, incluidas una p\u00e1gina sobre nosotros, contacto y tienda.<\/li>\n<li>Un extenso conjunto de opciones de personalizaci\u00f3n para adaptar el tema a las necesidades de su marca.<\/li>\n<li>El soporte premium y las actualizaciones regulares aseguran que su tienda siempre funcione sin problemas.<\/li>\n<li>Dise\u00f1ado con un enfoque m\u00f3vil primero, asegurando que su tienda se vea genial en cualquier dispositivo.<\/li>\n<\/ul>\n","protected":false},"excerpt":{"rendered":"<p>El tema de la tienda de plantas de Lukani es un tema excepcional de WordPress de WooCommerce que est\u00e1 dise\u00f1ado exclusivamente para tiendas de plantas y negocios de vivero. Con su interfaz exquisita y f\u00e1cil de usar, este tema muestra sin esfuerzo sus productos y servicios de una manera visualmente cautivadora, garantizando que sus clientes puedan navegar sin esfuerzo y completar las compras. Adem\u00e1s, es totalmente receptivo, asegurando que su tienda en l\u00ednea mantenga su apariencia impecable en todos los dispositivos, y tambi\u00e9n est\u00e1 equipado con una gran cantidad de caracter\u00edsticas avanzadas y opciones de personalizaci\u00f3n que satisfacen todas las necesidades comerciales. Por lo tanto, si est\u00e1 buscando impulsar su tienda de plantas a mayores alturas, el tema de la tienda de plantas Lukani sirve como la soluci\u00f3n ideal para mejorar la presencia de su negocio en l\u00ednea.<\/p>\n","protected":false},"featured_media":166638,"comment_status":"open","ping_status":"open","template":"","meta":[],"product_brand":[2337],"product_cat":[1263,1469,1237],"product_tag":[1391],"class_list":{"0":"post-113112","1":"product","2":"type-product","3":"status-publish","4":"has-post-thumbnail","6":"product_brand-themeforest","7":"product_cat-comercio-electronico-temas","8":"product_cat-creativo-comercio-electronico-temas","9":"product_cat-temas","10":"product_tag-themeforest","11":"member-discount","12":"discount-restricted","14":"first","15":"instock","16":"sale","17":"downloadable","18":"virtual","19":"sold-individually","20":"purchasable","21":"product-type-simple"},"_links":{"self":[{"href":"https:\/\/gpl-love.com\/es\/wp-json\/wp\/v2\/product\/113112","targetHints":{"allow":["GET"]}}],"collection":[{"href":"https:\/\/gpl-love.com\/es\/wp-json\/wp\/v2\/product"}],"about":[{"href":"https:\/\/gpl-love.com\/es\/wp-json\/wp\/v2\/types\/product"}],"replies":[{"embeddable":true,"href":"https:\/\/gpl-love.com\/es\/wp-json\/wp\/v2\/comments?post=113112"}],"wp:featuredmedia":[{"embeddable":true,"href":"https:\/\/gpl-love.com\/es\/wp-json\/wp\/v2\/media\/166638"}],"wp:attachment":[{"href":"https:\/\/gpl-love.com\/es\/wp-json\/wp\/v2\/media?parent=113112"}],"wp:term":[{"taxonomy":"product_brand","embeddable":true,"href":"https:\/\/gpl-love.com\/es\/wp-json\/wp\/v2\/product_brand?post=113112"},{"taxonomy":"product_cat","embeddable":true,"href":"https:\/\/gpl-love.com\/es\/wp-json\/wp\/v2\/product_cat?post=113112"},{"taxonomy":"product_tag","embeddable":true,"href":"https:\/\/gpl-love.com\/es\/wp-json\/wp\/v2\/product_tag?post=113112"}],"curies":[{"name":"wp","href":"https:\/\/api.w.org\/{rel}","templated":true}]}}