{"id":113110,"date":"2024-02-07T00:00:00","date_gmt":"2024-02-07T05:00:00","guid":{"rendered":"http:\/\/gpl-love.com\/es\/?post_type=product&#038;p=113110"},"modified":"2026-04-10T11:24:56","modified_gmt":"2026-04-10T16:24:56","slug":"skudmart-clean-minimal-woocommerce-theme","status":"publish","type":"product","link":"https:\/\/gpl-love.com\/es\/producto\/skudmart-clean-minimal-woocommerce-theme\/","title":{"rendered":"Skudmart Clean Minimal WooCommerce Theme 1.2.5"},"content":{"rendered":"<h3>Skudmart Clean Minimal WooCommerce Theme Caracteristicas<\/h3>\n<p>Skudmart Clean WooCommerce Minimal WooCommerce, con un dise\u00f1o contempor\u00e1neo y simplificado, es el ep\u00edtome de la perfecci\u00f3n cuando se trata de establecer una tienda en l\u00ednea. Su extensa gama de caracter\u00edsticas lo equipa con las herramientas necesarias para personalizar su sitio, lo que lo convierte en un solo tipo. Con su est\u00e9tica pr\u00edstina y simplista, navegar sin esfuerzo a trav\u00e9s del tema es muy f\u00e1cil, lo que permite a los clientes localizar sin esfuerzo los productos deseados. La capacidad de respuesta de este tema garantiza una experiencia de compra perfecta y encantadora en varios dispositivos. Adem\u00e1s, presenta una gran cantidad de opciones de personalizaci\u00f3n, como una multitud de esquemas de color, fuentes y opciones de dise\u00f1o, junto con la integraci\u00f3n con una variedad de plataformas de redes sociales. En resumen, el tema de WooCommerce m\u00ednimo de Skudmart Clean representa una opci\u00f3n excepcional para las personas que buscan crear una tienda de comercio electr\u00f3nico que exude un encanto visual mientras sigue siendo f\u00e1cil de usar.<\/p>\n<ul>\n<li>Dise\u00f1o limpio y m\u00ednimo para una tienda en l\u00ednea moderna y sofisticada<\/li>\n<li>Dise\u00f1ado para su uso con WooCommerce, una plataforma de comercio electr\u00f3nico confiable y confiable<\/li>\n<li>P\u00e1ginas de carga r\u00e1pida para una experiencia de usuario perfecta<\/li>\n<li>Dise\u00f1o totalmente receptivo optimizado para dispositivos m\u00f3viles<\/li>\n<li>Opciones personalizables de encabezado y pie de p\u00e1gina para una apariencia \u00fanica<\/li>\n<li>M\u00faltiples dise\u00f1os de la p\u00e1gina de inicio para elegir, incluido un estilo minimalista y una opci\u00f3n de banner de ancho completo<\/li>\n<li>Compatible con m\u00faltiples complementos populares, como WPML y el Formulario de contacto 7<\/li>\n<li>F\u00e1cil de usar y personalizable con el personalizador de WordPress<\/li>\n<li>Incluye plantillas de p\u00e1gina preconstruidas para una f\u00e1cil configuraci\u00f3n, incluida una p\u00e1gina de blog y una p\u00e1gina sobre nosotros<\/li>\n<li>Actualizado y compatible regularmente por el equipo de Skudmart, asegurando la compatibilidad continua con las actualizaciones de WordPress y WooCommerce<\/li>\n<\/ul>\n","protected":false},"excerpt":{"rendered":"<p>El tema de WooCommerce m\u00ednimo Skudmart Clean Clean es una plataforma de comercio electr\u00f3nico contempor\u00e1nea y exquisitamente dise\u00f1ada que ofrece una notable facilidad en la personalizaci\u00f3n y la utilizaci\u00f3n. Con una est\u00e9tica minimalista, este tema muy buscado es una opci\u00f3n impecable para las personas que anhelan una apariencia pr\u00edstina y sin complicaciones para su escaparate virtual. Diversas funcionalidades se integran perfectamente en este tema, incluidos los controles deslizantes de productos, los widgets hechos a medida y una gran cantidad de alternativas de dise\u00f1o. Al adoptar el tema Skudmart, su tienda en l\u00ednea exudar\u00e1 un nivel incomparable de profesionalismo y garantizar\u00e1 una navegaci\u00f3n sin esfuerzo para su estimada clientela.<\/p>\n","protected":false},"featured_media":167500,"comment_status":"open","ping_status":"open","template":"","meta":[],"product_brand":[2337],"product_cat":[1263,1469,1237],"product_tag":[1391],"class_list":{"0":"post-113110","1":"product","2":"type-product","3":"status-publish","4":"has-post-thumbnail","6":"product_brand-themeforest","7":"product_cat-comercio-electronico-temas","8":"product_cat-creativo-comercio-electronico-temas","9":"product_cat-temas","10":"product_tag-themeforest","11":"member-discount","12":"discount-restricted","14":"first","15":"instock","16":"sale","17":"downloadable","18":"virtual","19":"sold-individually","20":"purchasable","21":"product-type-simple"},"_links":{"self":[{"href":"https:\/\/gpl-love.com\/es\/wp-json\/wp\/v2\/product\/113110","targetHints":{"allow":["GET"]}}],"collection":[{"href":"https:\/\/gpl-love.com\/es\/wp-json\/wp\/v2\/product"}],"about":[{"href":"https:\/\/gpl-love.com\/es\/wp-json\/wp\/v2\/types\/product"}],"replies":[{"embeddable":true,"href":"https:\/\/gpl-love.com\/es\/wp-json\/wp\/v2\/comments?post=113110"}],"wp:featuredmedia":[{"embeddable":true,"href":"https:\/\/gpl-love.com\/es\/wp-json\/wp\/v2\/media\/167500"}],"wp:attachment":[{"href":"https:\/\/gpl-love.com\/es\/wp-json\/wp\/v2\/media?parent=113110"}],"wp:term":[{"taxonomy":"product_brand","embeddable":true,"href":"https:\/\/gpl-love.com\/es\/wp-json\/wp\/v2\/product_brand?post=113110"},{"taxonomy":"product_cat","embeddable":true,"href":"https:\/\/gpl-love.com\/es\/wp-json\/wp\/v2\/product_cat?post=113110"},{"taxonomy":"product_tag","embeddable":true,"href":"https:\/\/gpl-love.com\/es\/wp-json\/wp\/v2\/product_tag?post=113110"}],"curies":[{"name":"wp","href":"https:\/\/api.w.org\/{rel}","templated":true}]}}