{"id":113108,"date":"2023-11-15T00:00:00","date_gmt":"2023-11-15T05:00:00","guid":{"rendered":"http:\/\/gpl-love.com\/es\/?post_type=product&#038;p=113108"},"modified":"2026-03-13T17:29:09","modified_gmt":"2026-03-13T22:29:09","slug":"silvertech-creative-wordpress-theme","status":"publish","type":"product","link":"https:\/\/gpl-love.com\/es\/producto\/silvertech-creative-wordpress-theme\/","title":{"rendered":"Silvertech Creative WordPress Theme 1.13"},"content":{"rendered":"<h3>Silvertech Creative WordPress Theme Caracteristicas<\/h3>\n<p>El tema creativo de WordPress de Silvertech, una plantilla espec\u00edficamente dise\u00f1ada para creativos y trabajadores independientes que pretenden exhibir su trabajo en l\u00ednea, posee un poder y versatilidad excepcionales. Este tema, con capacidad de respuesta completa, cuenta con un dise\u00f1o contempor\u00e1neo y elegante que no solo cautiva la atenci\u00f3n sino que tambi\u00e9n brinda funcionalidad. Al ofrecer una gran cantidad de opciones de personalizaci\u00f3n, los usuarios pueden personalizar sin esfuerzo el tema para alinearse con sus necesidades y preferencias espec\u00edficas. Adem\u00e1s, este tema se ha optimizado para la optimizaci\u00f3n de motores de b\u00fasqueda (SEO) y la carga r\u00e1pida, garantizando tiempos de carga de sitios web r\u00e1pidos y clasificaciones favorables de motores de b\u00fasqueda. Armado con una variedad de plantillas y dise\u00f1os predise\u00f1ados, los usuarios pueden fabricar p\u00e1ginas sorprendentes que muestran prominentemente sus mejores creaciones. Adem\u00e1s, el tema de Silvertech Creative WordPress acomoda sin esfuerzo una variedad de complementos populares, simplificando el proceso de integrar las funcionalidades deseadas en su sitio web. En general, este tema sirve como una opci\u00f3n sobresaliente para las personas que buscan construir un sitio web pulido y cautivador que acent\u00fae efectivamente sus habilidades y talentos excepcionales.<\/p>\n<ul>\n<li>Un tema de WordPress premium, moderno y elegante con \u00e9nfasis en la creatividad y la profesionalidad.<\/li>\n<li>Dise\u00f1ado espec\u00edficamente para personas creativas, trabajadores independientes, agencias y empresas que desean mostrar su cartera, trabajo y servicios de una manera llamativa e innovadora.<\/li>\n<li>Viene con un dise\u00f1o receptivo que est\u00e1 optimizado para todos los dispositivos, asegurando una experiencia de usuario perfecta en escritorio, tabletas y dispositivos m\u00f3viles.<\/li>\n<li>Construido con las \u00faltimas tecnolog\u00edas HTML5, CSS3 y JavaScript, asegurando una experiencia de sitio web r\u00e1pida y segura para sus visitantes.<\/li>\n<li>Incluye una gama de opciones de personalizaci\u00f3n, lo que le permite personalizar completamente el dise\u00f1o y la funcionalidad de su sitio web para que coincida con su marca, estilo y objetivos.<\/li>\n<li>Cuenta con un constructor de p\u00e1ginas de arrastrar y soltar incorporado, lo que facilita la creaci\u00f3n de p\u00e1ginas atractivas y din\u00e1micas con un esfuerzo m\u00ednimo y no se requiere conocimiento de codificaci\u00f3n.<\/li>\n<li>Ofrece una amplia compatibilidad con complementos y extensiones populares como WooCommerce, Contact Form 7 y Yoast SEO, lo que le permite agregar f\u00e1cilmente funcionalidad avanzada a su sitio web.<\/li>\n<li>Incluye documentaci\u00f3n integral y atenci\u00f3n al cliente dedicada, asegurando que tenga toda la informaci\u00f3n y la asistencia que necesita para aprovechar al m\u00e1ximo su tema.<\/li>\n<\/ul>\n","protected":false},"excerpt":{"rendered":"<p>Cons\u00edguete en la brillantez del tema creativo de WordPress de Silvertech, una verdadera encarnaci\u00f3n del dise\u00f1o contempor\u00e1neo que cautiva sin esfuerzo a su audiencia. Con su dise\u00f1o simplificado y refinado, junto con una variedad de caracter\u00edsticas de vanguardia y una interfaz de usuario sin problemas, este tema se destaca como el ep\u00edtome de la perfecci\u00f3n para personas creativas, empresas y trabajadores independientes por igual. Sum\u00e9rgete en un mundo de posibilidades ilimitadas a medida que aprovechas el poder de numerosas opciones de personalizaci\u00f3n, lo que te permite crear un sitio web que exude originalidad y encanto de la manera m\u00e1s fascinante concebible. Independientemente de si se destaca en los \u00e1mbitos de la fotograf\u00eda, el dise\u00f1o, la escritura o cualquier otra b\u00fasqueda art\u00edstica, el tema creativo de WordPress de Silvertech impulsar\u00e1 sin duda su presencia en l\u00ednea a alturas sin precedentes de profesionalismo y sofisticaci\u00f3n.<\/p>\n","protected":false},"featured_media":167488,"comment_status":"open","ping_status":"open","template":"","meta":[],"product_brand":[2337],"product_cat":[1267,1237,1238],"product_tag":[1391],"class_list":{"0":"post-113108","1":"product","2":"type-product","3":"status-publish","4":"has-post-thumbnail","6":"product_brand-themeforest","7":"product_cat-creativo","8":"product_cat-temas","9":"product_cat-wordpress-temas","10":"product_tag-themeforest","11":"member-discount","12":"discount-restricted","14":"first","15":"instock","16":"sale","17":"downloadable","18":"virtual","19":"sold-individually","20":"purchasable","21":"product-type-simple"},"_links":{"self":[{"href":"https:\/\/gpl-love.com\/es\/wp-json\/wp\/v2\/product\/113108","targetHints":{"allow":["GET"]}}],"collection":[{"href":"https:\/\/gpl-love.com\/es\/wp-json\/wp\/v2\/product"}],"about":[{"href":"https:\/\/gpl-love.com\/es\/wp-json\/wp\/v2\/types\/product"}],"replies":[{"embeddable":true,"href":"https:\/\/gpl-love.com\/es\/wp-json\/wp\/v2\/comments?post=113108"}],"wp:featuredmedia":[{"embeddable":true,"href":"https:\/\/gpl-love.com\/es\/wp-json\/wp\/v2\/media\/167488"}],"wp:attachment":[{"href":"https:\/\/gpl-love.com\/es\/wp-json\/wp\/v2\/media?parent=113108"}],"wp:term":[{"taxonomy":"product_brand","embeddable":true,"href":"https:\/\/gpl-love.com\/es\/wp-json\/wp\/v2\/product_brand?post=113108"},{"taxonomy":"product_cat","embeddable":true,"href":"https:\/\/gpl-love.com\/es\/wp-json\/wp\/v2\/product_cat?post=113108"},{"taxonomy":"product_tag","embeddable":true,"href":"https:\/\/gpl-love.com\/es\/wp-json\/wp\/v2\/product_tag?post=113108"}],"curies":[{"name":"wp","href":"https:\/\/api.w.org\/{rel}","templated":true}]}}