{"id":113098,"date":"2021-11-24T00:00:00","date_gmt":"2021-11-24T05:00:00","guid":{"rendered":"http:\/\/gpl-love.com\/es\/producto\/dhwclayout-woocommerce-products-layouts\/"},"modified":"2026-03-09T07:27:02","modified_gmt":"2026-03-09T12:27:02","slug":"dhwclayout-woocommerce-products-layouts","status":"publish","type":"product","link":"https:\/\/gpl-love.com\/es\/producto\/dhwclayout-woocommerce-products-layouts\/","title":{"rendered":"DHWC Layout Woocommerce Products Layouts 3.1.22"},"content":{"rendered":"<h3>DHWC Layout Woocommerce Products Layouts Caracteristicas<\/h3>\n<p>Los dise\u00f1os de productos DHWC WooCommerce son una herramienta incre\u00edblemente potente y efectiva que brinda asistencia invaluable a los propietarios de tiendas en l\u00ednea en su b\u00fasqueda para construir dise\u00f1os de productos visualmente impresionantes y totalmente \u00fanicos para sus sitios web. Equipado con una interfaz de arrastre y ca\u00edda incre\u00edblemente f\u00e1cil de usar, el dise\u00f1o DHWC permite a los usuarios adaptar sin esfuerzo y sin problemas la apariencia y el ambiente de sus p\u00e1ginas de productos. La extensa gama de dise\u00f1os predise\u00f1ados que est\u00e1n a su disposici\u00f3n, junto con la opci\u00f3n de dise\u00f1ar su propio dise\u00f1o a medida, asegura que el dise\u00f1o de DHWC atienda todas sus necesidades y preferencias individuales. Adem\u00e1s, es importante tener en cuenta que el dise\u00f1o de DHWC se integra sin esfuerzo con todos los temas de WordPress y apoya sin esfuerzo todos los tipos de productos de WooCommerce. Este notable complemento sirve para optimizar su flujo de trabajo y minimiza el esfuerzo y el tiempo incurrido para supervisar el dise\u00f1o de sus p\u00e1ginas de productos. Ahora es m\u00e1s f\u00e1cil que nunca exhibir su mercanc\u00eda de una manera atractiva y cautivadora, atrayendo y atrapando a un n\u00famero a\u00fan mayor de clientes.<\/p>\n<ul>\n<li>Permite a los usuarios personalizar sus dise\u00f1os de productos de WooCommerce sin ning\u00fan conocimiento de codificaci\u00f3n<\/li>\n<li>Viene con una gama de plantillas predise\u00f1adas para que los usuarios elijan<\/li>\n<li>Administrar f\u00e1cilmente m\u00faltiples dise\u00f1os para diferentes categor\u00edas de productos o tipos de p\u00e1ginas<\/li>\n<li>Interfaz f\u00e1cil de usar para una f\u00e1cil personalizaci\u00f3n de arrastrar y soltar de los elementos del producto<\/li>\n<li>Funci\u00f3n de vista previa en vivo para ver cambios en tiempo real antes de publicar<\/li>\n<li>Funciona sin problemas con cualquier tema de WordPress y versi\u00f3n de WooCommerce<\/li>\n<li>Mejora la experiencia del usuario para los clientes mostrando productos de manera visualmente atractiva y organizada<\/li>\n<li>Aumenta las tasas de conversi\u00f3n optimizando los dise\u00f1os de productos para adaptarse a audiencias y productos objetivo espec\u00edficos.<\/li>\n<\/ul>\n","protected":false},"excerpt":{"rendered":"<p>Los dise\u00f1os de productos DHWC WooCommerce son una herramienta de primer nivel que ofrece una forma revolucionaria de mostrar sus productos en su tienda en l\u00ednea. Este complemento de WooCommerce presenta dise\u00f1os din\u00e1micos y personalizables, con la flexibilidad de presentar productos en cualquier configuraci\u00f3n que desee. Ya sea que est\u00e9 exhibiendo un solo producto o una variedad de art\u00edculos, nuestras cuadr\u00edculas, mesas, carruseles y dise\u00f1o de mamposter\u00eda har\u00e1 brillar sus productos.<\/p>\n<p>Adem\u00e1s de la est\u00e9tica atractiva, los dise\u00f1os de productos DHWC Layout WooCommerce ayudan a aumentar la funcionalidad de su tienda. El complemento presenta una integraci\u00f3n perfecta con su plataforma WooCommerce existente, lo que permite operaciones suaves. Impresionantemente, este complemento tambi\u00e9n tiene un dise\u00f1o receptivo, asegurando que sus dise\u00f1os se vean perfectos en cualquier dispositivo, mejorando la experiencia y la satisfacci\u00f3n del usuario.<\/p>\n<p>Finalmente, con las opciones de personalizaci\u00f3n disponibles, puede adaptar f\u00e1cilmente los dise\u00f1os de su producto para que coincida con su marca y estilo. Esto significa que puede crear una apariencia \u00fanica para diferenciar su tienda de los competidores, potencialmente atraer a m\u00e1s clientes y aumentar sus ventas.<\/p>\n<p>En resumen, dise\u00f1o de DHWC<\/p>\n","protected":false},"featured_media":165766,"comment_status":"open","ping_status":"open","template":"","meta":[],"product_brand":[2339],"product_cat":[1207,1248,1206],"product_tag":[1256],"class_list":{"0":"post-113098","1":"product","2":"type-product","3":"status-publish","4":"has-post-thumbnail","6":"product_brand-codecanyon","7":"product_cat-comercio-electronico-plugins","8":"product_cat-personalizacion-comercio-electronico-plugins","9":"product_cat-plugins","10":"product_tag-codecanyon","11":"member-discount","12":"discount-restricted","14":"first","15":"instock","16":"sale","17":"downloadable","18":"virtual","19":"sold-individually","20":"purchasable","21":"product-type-simple"},"_links":{"self":[{"href":"https:\/\/gpl-love.com\/es\/wp-json\/wp\/v2\/product\/113098","targetHints":{"allow":["GET"]}}],"collection":[{"href":"https:\/\/gpl-love.com\/es\/wp-json\/wp\/v2\/product"}],"about":[{"href":"https:\/\/gpl-love.com\/es\/wp-json\/wp\/v2\/types\/product"}],"replies":[{"embeddable":true,"href":"https:\/\/gpl-love.com\/es\/wp-json\/wp\/v2\/comments?post=113098"}],"wp:featuredmedia":[{"embeddable":true,"href":"https:\/\/gpl-love.com\/es\/wp-json\/wp\/v2\/media\/165766"}],"wp:attachment":[{"href":"https:\/\/gpl-love.com\/es\/wp-json\/wp\/v2\/media?parent=113098"}],"wp:term":[{"taxonomy":"product_brand","embeddable":true,"href":"https:\/\/gpl-love.com\/es\/wp-json\/wp\/v2\/product_brand?post=113098"},{"taxonomy":"product_cat","embeddable":true,"href":"https:\/\/gpl-love.com\/es\/wp-json\/wp\/v2\/product_cat?post=113098"},{"taxonomy":"product_tag","embeddable":true,"href":"https:\/\/gpl-love.com\/es\/wp-json\/wp\/v2\/product_tag?post=113098"}],"curies":[{"name":"wp","href":"https:\/\/api.w.org\/{rel}","templated":true}]}}