{"id":113096,"date":"2021-08-15T00:00:00","date_gmt":"2021-08-15T05:00:00","guid":{"rendered":"http:\/\/gpl-love.com\/es\/producto\/envision-responsive-retina-multi-purpose-theme\/"},"modified":"2026-03-13T17:20:32","modified_gmt":"2026-03-13T22:20:32","slug":"envision-responsive-retina-multi-purpose-theme","status":"publish","type":"product","link":"https:\/\/gpl-love.com\/es\/producto\/envision-responsive-retina-multi-purpose-theme\/","title":{"rendered":"Envision Responsive Retina Multi-Purpose Theme 3.7.0"},"content":{"rendered":"<h3>Envision Responsive Retina Multi-Purpose Theme Caracteristicas<\/h3>\n<p>El tema multiprop\u00f3sito de Retina receptivo de visualizaci\u00f3n posee un notable nivel de versatilidad y dinamismo, lo que lo convierte en una opci\u00f3n ideal tanto para empresas como para personas que buscan crear un sitio web visualmente llamativo. Este tema cuenta con una variedad de funcionalidades avanzadas y un dise\u00f1o personalizable, lo que le permite adaptarse perfectamente a cualquier industria o nicho. Adem\u00e1s, su compatibilidad con Retina muestra garant\u00edas de que su sitio web exudar\u00e1 una apariencia impresionante en cualquier dispositivo, mientras que su dise\u00f1o receptivo garantiza su accesibilidad desde pr\u00e1cticamente en cualquier lugar. Independientemente de si su objetivo es establecer un sitio web corporativo, una tienda en l\u00ednea, una cartera o cualquier otro tipo de sitio web, el tema de uso multiprop\u00f3sito de Retina receptivo se compone como una selecci\u00f3n impecable para usted.<\/p>\n<ul>\n<li>Tema altamente personalizable para sitios web<\/li>\n<li>Dise\u00f1ado con tecnolog\u00eda receptiva y lista para retina para una visualizaci\u00f3n \u00f3ptima en todos los dispositivos<\/li>\n<li>Se puede utilizar para m\u00faltiples prop\u00f3sitos, como cartera, blog o sitio de comercio electr\u00f3nico<\/li>\n<li>Ofrece una variedad de plantillas y dise\u00f1os de p\u00e1ginas prefabricados para elegir<\/li>\n<li>Incluye el constructor de p\u00e1ginas de arrastre y soldado incorporado para una f\u00e1cil personalizaci\u00f3n<\/li>\n<li>Ofrece una f\u00e1cil integraci\u00f3n con complementos populares como WooCommerce y el Formulario de contacto 7<\/li>\n<li>Listo en varios idiomas con soporte para el complemento WPML<\/li>\n<li>Cuenta con la optimizaci\u00f3n de SEO para una mejor clasificaci\u00f3n de motores de b\u00fasqueda<\/li>\n<li>Sincronizaciones con Google Fonts para una amplia variedad de opciones de tipograf\u00eda<\/li>\n<li>Viene con actualizaciones de por vida y atenci\u00f3n al cliente dedicada.<\/li>\n<\/ul>\n","protected":false},"excerpt":{"rendered":"<p>Envision, un tema de WordPress optimizado para pantallas de retina, es una opci\u00f3n incre\u00edblemente vers\u00e1til y receptiva. Ofrece una amplia gama de opciones de personalizaci\u00f3n, lo que lo hace ideal para elaborar un sitio web visualmente impresionante y pulido adaptado a cualquier nicho. Con Imvision, puede importar y personalizar los dise\u00f1os de demostraci\u00f3n previamente construidos, simplificando el proceso de lanzar su nuevo sitio web. Su dise\u00f1o receptivo garantiza una aparici\u00f3n excepcional en cualquier dispositivo, mientras que su conjunto robusto de caracter\u00edsticas y herramientas le permite personalizar y optimizar sin problemas su contenido, asegurando un rendimiento \u00f3ptimo. Independientemente de si est\u00e1 construyendo un blog, cartera o tienda de comercio electr\u00f3nico, Envision est\u00e1 equipado con todos los componentes necesarios para crear sin esfuerzo un sitio web de calidad profesional.<\/p>\n","protected":false},"featured_media":166017,"comment_status":"open","ping_status":"open","template":"","meta":[],"product_brand":[2337],"product_cat":[1239,1237,1238],"product_tag":[1391],"class_list":{"0":"post-113096","1":"product","2":"type-product","3":"status-publish","4":"has-post-thumbnail","6":"product_brand-themeforest","7":"product_cat-de-multiples-fines","8":"product_cat-temas","9":"product_cat-wordpress-temas","10":"product_tag-themeforest","11":"member-discount","12":"discount-restricted","14":"first","15":"instock","16":"sale","17":"downloadable","18":"virtual","19":"sold-individually","20":"purchasable","21":"product-type-simple"},"_links":{"self":[{"href":"https:\/\/gpl-love.com\/es\/wp-json\/wp\/v2\/product\/113096","targetHints":{"allow":["GET"]}}],"collection":[{"href":"https:\/\/gpl-love.com\/es\/wp-json\/wp\/v2\/product"}],"about":[{"href":"https:\/\/gpl-love.com\/es\/wp-json\/wp\/v2\/types\/product"}],"replies":[{"embeddable":true,"href":"https:\/\/gpl-love.com\/es\/wp-json\/wp\/v2\/comments?post=113096"}],"wp:featuredmedia":[{"embeddable":true,"href":"https:\/\/gpl-love.com\/es\/wp-json\/wp\/v2\/media\/166017"}],"wp:attachment":[{"href":"https:\/\/gpl-love.com\/es\/wp-json\/wp\/v2\/media?parent=113096"}],"wp:term":[{"taxonomy":"product_brand","embeddable":true,"href":"https:\/\/gpl-love.com\/es\/wp-json\/wp\/v2\/product_brand?post=113096"},{"taxonomy":"product_cat","embeddable":true,"href":"https:\/\/gpl-love.com\/es\/wp-json\/wp\/v2\/product_cat?post=113096"},{"taxonomy":"product_tag","embeddable":true,"href":"https:\/\/gpl-love.com\/es\/wp-json\/wp\/v2\/product_tag?post=113096"}],"curies":[{"name":"wp","href":"https:\/\/api.w.org\/{rel}","templated":true}]}}