{"id":113094,"date":"2026-03-14T00:00:00","date_gmt":"2026-03-14T05:00:00","guid":{"rendered":"http:\/\/gpl-love.com\/es\/producto\/houzez-real-estate-wordpress-theme\/"},"modified":"2026-03-14T17:15:28","modified_gmt":"2026-03-14T22:15:28","slug":"houzez-real-estate-wordpress-theme","status":"publish","type":"product","link":"https:\/\/gpl-love.com\/es\/producto\/houzez-real-estate-wordpress-theme\/","title":{"rendered":"Houzez Real Estate WordPress Theme 4.3.2"},"content":{"rendered":"<h3>Houzez Real Estate WordPress Theme Caracteristicas<\/h3>\n<p>El tema de WordPress de bienes ra\u00edces Houzez, caracterizado por su inmenso poder y espec\u00edficamente adaptado para sitios web de bienes ra\u00edces, sirve como una herramienta notable en este dominio. Con una interfaz que exuda una sensaci\u00f3n innata de intuici\u00f3n y facilidad de uso, Houzez ayuda sin esfuerzo a los agentes inmobiliarios a mostrar sus propiedades a su m\u00e1ximo potencial y forjar conexiones con posibles clientes. Este tema abarca una impresionante variedad de plantillas y widgets personalizables, lo que otorga a los usuarios la autonom\u00eda para dise\u00f1ar un sitio web que no solo sea distintivo sino que tambi\u00e9n sea innegablemente profesional, todo al tiempo que obvia la necesidad de cualquier experiencia de codificaci\u00f3n. Adem\u00e1s, Houzez proporciona a los usuarios acceso a herramientas robustas de b\u00fasqueda y filtrado que facilitan la exploraci\u00f3n perfecta de las propiedades, permitiendo efectivamente a los visitantes identificar sin esfuerzo las propiedades exactas que se alinean con sus preferencias espec\u00edficas. Con la combinaci\u00f3n de sus funcionalidades de vanguardia y su dise\u00f1o elegante, se hace cada vez m\u00e1s evidente que el tema de WordPress de bienes ra\u00edces Houzez sirve como la soluci\u00f3n por excelencia para cualquier profesional de bienes ra\u00edces que anhele impulsar su sitio web a nuevas alturas.<\/p>\n<ul>\n<li>Tema de WordPress inmobiliario totalmente personalizable<\/li>\n<li>Dise\u00f1ado para agentes inmobiliarios, agencias y sitios web de listados de propiedades<\/li>\n<li>Viene con demostraciones predise\u00f1adas para una f\u00e1cil configuraci\u00f3n<\/li>\n<li>Caracter\u00edsticas de b\u00fasqueda avanzadas para ayudar a los usuarios a encontrar su propiedad ideal<\/li>\n<li>Mapa de propiedades interactivas para que los usuarios puedan encontrar r\u00e1pidamente propiedades en ubicaciones espec\u00edficas<\/li>\n<li>Integraci\u00f3n con pasarelas de pago populares para un f\u00e1cil procesamiento de pagos<\/li>\n<li>Optimizado para la velocidad y el SEO para mejorar las clasificaciones de los motores de b\u00fasqueda<\/li>\n<li>Dise\u00f1o amigable para dispositivos m\u00f3viles para una gran experiencia de usuario en cualquier dispositivo<\/li>\n<li>Formulario de presentaci\u00f3n de propiedades front-end f\u00e1cil de usar para agentes y propietarios<\/li>\n<li>Sistema de revisi\u00f3n y calificaci\u00f3n incorporado para mostrar experiencias de usuario con propiedades<\/li>\n<li>Opciones de membres\u00eda y suscripci\u00f3n flexible para la monetizaci\u00f3n<\/li>\n<\/ul>\n","protected":false},"excerpt":{"rendered":"<p>El tema de WordPress de Houzez Real Estate es un tema incre\u00edblemente robusto y altamente personalizable que ha sido dise\u00f1ado espec\u00edficamente para satisfacer las necesidades \u00fanicas de los agentes inmobiliarios, agencias y sitios web de la lista de propiedades. Con una variedad de caracter\u00edsticas avanzadas y una interfaz extremadamente f\u00e1cil de usar, este tema ofrece a los usuarios la capacidad de generar sin esfuerzo listados de bienes ra\u00edces de grado profesional, implementar funciones de b\u00fasqueda y filtrado de propiedades e integrar herramientas integrales de administraci\u00f3n de propiedades. Adem\u00e1s, su dise\u00f1o de respuesta m\u00f3vil garantiza experiencias de visualizaci\u00f3n \u00f3ptimas en varios dispositivos, mientras que sus opciones de personalizaci\u00f3n f\u00e1cilmente configurables lo convierten en una opci\u00f3n ideal para las personas en niveles de competencia de nivel de entrada y avanzado. Ya sea que se encuentre operando como un agente inmobiliario, un administrador de propiedades o incluso un desarrollador en busca de construir un sitio web de la lista de propiedades de primer nivel, confiar sus necesidades al tema de WordPress de bienes ra\u00edces Houzez ser\u00e1 una soluci\u00f3n excepcionalmente adecuada.<\/p>\n","protected":false},"featured_media":166435,"comment_status":"open","ping_status":"open","template":"","meta":[],"product_brand":[2337],"product_cat":[1381,1237,1238],"product_tag":[1391],"class_list":{"0":"post-113094","1":"product","2":"type-product","3":"status-publish","4":"has-post-thumbnail","6":"product_brand-themeforest","7":"product_cat-bienes-raices","8":"product_cat-temas","9":"product_cat-wordpress-temas","10":"product_tag-themeforest","11":"member-discount","12":"discount-restricted","14":"first","15":"instock","16":"sale","17":"downloadable","18":"virtual","19":"sold-individually","20":"purchasable","21":"product-type-simple"},"_links":{"self":[{"href":"https:\/\/gpl-love.com\/es\/wp-json\/wp\/v2\/product\/113094","targetHints":{"allow":["GET"]}}],"collection":[{"href":"https:\/\/gpl-love.com\/es\/wp-json\/wp\/v2\/product"}],"about":[{"href":"https:\/\/gpl-love.com\/es\/wp-json\/wp\/v2\/types\/product"}],"replies":[{"embeddable":true,"href":"https:\/\/gpl-love.com\/es\/wp-json\/wp\/v2\/comments?post=113094"}],"wp:featuredmedia":[{"embeddable":true,"href":"https:\/\/gpl-love.com\/es\/wp-json\/wp\/v2\/media\/166435"}],"wp:attachment":[{"href":"https:\/\/gpl-love.com\/es\/wp-json\/wp\/v2\/media?parent=113094"}],"wp:term":[{"taxonomy":"product_brand","embeddable":true,"href":"https:\/\/gpl-love.com\/es\/wp-json\/wp\/v2\/product_brand?post=113094"},{"taxonomy":"product_cat","embeddable":true,"href":"https:\/\/gpl-love.com\/es\/wp-json\/wp\/v2\/product_cat?post=113094"},{"taxonomy":"product_tag","embeddable":true,"href":"https:\/\/gpl-love.com\/es\/wp-json\/wp\/v2\/product_tag?post=113094"}],"curies":[{"name":"wp","href":"https:\/\/api.w.org\/{rel}","templated":true}]}}