{"id":113092,"date":"2021-12-03T00:00:00","date_gmt":"2021-12-03T05:00:00","guid":{"rendered":"http:\/\/gpl-love.com\/es\/producto\/iguru-education-y-courses-wordpress-theme\/"},"modified":"2026-03-13T17:22:30","modified_gmt":"2026-03-13T22:22:30","slug":"iguru-education-y-courses-wordpress-theme","status":"publish","type":"product","link":"https:\/\/gpl-love.com\/es\/producto\/iguru-education-y-courses-wordpress-theme\/","title":{"rendered":"iGuru Education y Courses WordPress Theme 1.2.6"},"content":{"rendered":"<h3>iGuru Education y Courses WordPress Theme Caracteristicas<\/h3>\n<p>El tema de WordPress de Educaci\u00f3n y Cursos de Iguru es una herramienta excepcionalmente impresionante que atiende a las personas que buscan establecer un sitio web din\u00e1mico y cautivador para mostrar sus innumerables ofertas educativas. Este tema, que ha sido dise\u00f1ado espec\u00edficamente para las industrias de la educaci\u00f3n y los cursos en l\u00ednea, est\u00e1 equipado con una extensa variedad de caracter\u00edsticas que son indispensables para construir un sitio web totalmente funcional que no solo es visualmente atractivo sino tambi\u00e9n f\u00e1cil de usar. En virtud de su amplia gama de opciones personalizables y plantillas predise\u00f1adas, el tema de WordPress de Educaci\u00f3n y Cursos de Iguru simplifica considerablemente el proceso de crear un sitio web que es un verdadero reflejo de su marca y tiene la capacidad de atraer a los clientes potenciales. Ya sea que sea un instructor individual, una estimada instituci\u00f3n educativa o una plataforma vers\u00e1til de aprendizaje electr\u00f3nico, este tema representa la soluci\u00f3n por excelencia para elevar su presencia en l\u00ednea a alturas sin precedentes.<\/p>\n<ul>\n<li>Dise\u00f1o totalmente receptivo y personalizable<\/li>\n<li>Construido con Elementor Page Builder para facilitar la personalizaci\u00f3n de arrastre y ca\u00edda<\/li>\n<li>M\u00faltiples dise\u00f1os de demostraci\u00f3n predise\u00f1ados para diferentes nichos de educaci\u00f3n<\/li>\n<li>Creaci\u00f3n y gesti\u00f3n de cursos f\u00e1ciles con Integraci\u00f3n LearnDash LMS<\/li>\n<li>Sistema avanzado de gesti\u00f3n de eventos para programar y promover eventos educativos<\/li>\n<li>Integraci\u00f3n de pagos en l\u00ednea con pasarelas de pago populares como PayPal y Stripe<\/li>\n<li>Un sistema de blogs integral para compartir ideas educativas y noticias<\/li>\n<li>Codificaci\u00f3n optimizada por SEO para una mejor visibilidad y clasificaci\u00f3n del sitio web<\/li>\n<li>Instalaci\u00f3n de demostraci\u00f3n de un solo clic para configuraci\u00f3n r\u00e1pida y lanzamiento del sitio web<\/li>\n<li>Atenci\u00f3n al cliente dedicada y actualizaciones de temas regulares<\/li>\n<\/ul>\n","protected":false},"excerpt":{"rendered":"<p>El tema de WordPress de Educaci\u00f3n y Cursos de Iguru se presenta como un tema muy robusto y adaptable que ha sido elaborado con precisi\u00f3n con la intenci\u00f3n de atender los requisitos \u00fanicos de educadores y creadores de cursos. Su dise\u00f1o est\u00e9ticamente agradable, combinado con su interfaz intuitivamente navegable, proporciona a los usuarios un medio sin esfuerzo para dise\u00f1ar y comercializar cursos en l\u00ednea, supervisar eficientemente las inscripciones de los estudiantes y establecer una floreciente empresa educativa en l\u00ednea. Independientemente de si se clasifica como instructor, mentor o empresario, Iguru abarca una variedad de caracter\u00edsticas y herramientas que lo abarca que lo capacitar\u00e1 para construir un sitio web impecablemente profesional y cultivar una audiencia digital cada vez mayor. Por lo tanto, \u00bfpor qu\u00e9 demorarse? \u00a1Tome medidas hoy y obtenga Iguru para iniciar la construcci\u00f3n de su propio reino educativo en la esfera en l\u00ednea!<\/p>\n","protected":false},"featured_media":166455,"comment_status":"open","ping_status":"open","template":"","meta":[],"product_brand":[2337],"product_cat":[1267,1237,1238],"product_tag":[1391],"class_list":{"0":"post-113092","1":"product","2":"type-product","3":"status-publish","4":"has-post-thumbnail","6":"product_brand-themeforest","7":"product_cat-creativo","8":"product_cat-temas","9":"product_cat-wordpress-temas","10":"product_tag-themeforest","11":"member-discount","12":"discount-restricted","14":"first","15":"instock","16":"sale","17":"downloadable","18":"virtual","19":"sold-individually","20":"purchasable","21":"product-type-simple"},"_links":{"self":[{"href":"https:\/\/gpl-love.com\/es\/wp-json\/wp\/v2\/product\/113092","targetHints":{"allow":["GET"]}}],"collection":[{"href":"https:\/\/gpl-love.com\/es\/wp-json\/wp\/v2\/product"}],"about":[{"href":"https:\/\/gpl-love.com\/es\/wp-json\/wp\/v2\/types\/product"}],"replies":[{"embeddable":true,"href":"https:\/\/gpl-love.com\/es\/wp-json\/wp\/v2\/comments?post=113092"}],"wp:featuredmedia":[{"embeddable":true,"href":"https:\/\/gpl-love.com\/es\/wp-json\/wp\/v2\/media\/166455"}],"wp:attachment":[{"href":"https:\/\/gpl-love.com\/es\/wp-json\/wp\/v2\/media?parent=113092"}],"wp:term":[{"taxonomy":"product_brand","embeddable":true,"href":"https:\/\/gpl-love.com\/es\/wp-json\/wp\/v2\/product_brand?post=113092"},{"taxonomy":"product_cat","embeddable":true,"href":"https:\/\/gpl-love.com\/es\/wp-json\/wp\/v2\/product_cat?post=113092"},{"taxonomy":"product_tag","embeddable":true,"href":"https:\/\/gpl-love.com\/es\/wp-json\/wp\/v2\/product_tag?post=113092"}],"curies":[{"name":"wp","href":"https:\/\/api.w.org\/{rel}","templated":true}]}}