{"id":113090,"date":"2024-01-07T00:00:00","date_gmt":"2024-01-07T05:00:00","guid":{"rendered":"http:\/\/gpl-love.com\/es\/producto\/lets-review-wordpress-plugin-with-affiliate-options\/"},"modified":"2026-03-09T07:46:46","modified_gmt":"2026-03-09T12:46:46","slug":"lets-review-wordpress-plugin-with-affiliate-options","status":"publish","type":"product","link":"https:\/\/gpl-love.com\/es\/producto\/lets-review-wordpress-plugin-with-affiliate-options\/","title":{"rendered":"Let\u2019s Review WordPress Plugin With Affiliate Options 3.4.3"},"content":{"rendered":"<h3>Let\u2019s Review WordPress Plugin With Affiliate Options Caracteristicas<\/h3>\n<p>Perm\u00edtanme presentarle el notable complemento de WordPress de Let&#8217;s WordPress con opciones de afiliados, una herramienta altamente vers\u00e1til dise\u00f1ada para proporcionar a los usuarios una oportunidad \u00fanica para generar ingresos promocionando productos afiliados en su sitio de WordPress. Este complemento excepcional est\u00e1 equipado con una extensa gama de caracter\u00edsticas y opciones de personalizaci\u00f3n, lo que permite a los usuarios crear campa\u00f1as de afiliados optimizadas visualmente y optimizadas visualmente cautivadoras visualmente. Adem\u00e1s, el complemento cuenta con una interfaz f\u00e1cil de usar que atiende a individuos de todos los niveles de habilidad, asegurando una configuraci\u00f3n perfecta y una gesti\u00f3n eficiente de sus programas afiliados. Para mejorar a\u00fan m\u00e1s su funcionalidad excepcional, revisemos el complemento de WordPress se integra perfectamente con redes afiliadas de renombre como Amazon y Shareasale, otorgando a los usuarios acceso a una extensa colecci\u00f3n de productos de primer nivel para promover. Teniendo en cuenta estos atributos sobresalientes, es innegable que revisemos el complemento de WordPress con opciones de afiliaci\u00f3n es una soluci\u00f3n estelar para cualquier persona que busque monetizar su sitio de WordPress a trav\u00e9s del reino lucrativo del marketing de afiliados.<\/p>\n<ul>\n<li>Un poderoso complemento de WordPress que le permite crear revisiones de productos de manera r\u00e1pida y f\u00e1cil.<\/li>\n<li>Incluye opciones de afiliaci\u00f3n incorporadas, lo que facilita la monetizaci\u00f3n de sus rese\u00f1as<\/li>\n<li>Plantillas y dise\u00f1os personalizables para que coincidan con el dise\u00f1o de su sitio web<\/li>\n<li>Interfaz de usuario intuitiva, lo que facilita incluso a los principiantes usar<\/li>\n<li>Sistemas de calificaci\u00f3n m\u00faltiple, incluidas las clasificaciones de estrellas y las calificaciones porcentuales<\/li>\n<li>Soporte de idiomas m\u00faltiples, lo que lo hace accesible para los usuarios de todo el mundo<\/li>\n<li>Botones integrados de intercambio social para ayudar a promover sus rese\u00f1as en las redes sociales<\/li>\n<li>Funci\u00f3n de resumen de revisi\u00f3n automatizada para que sus rese\u00f1as sean m\u00e1s concisas y f\u00e1ciles de leer<\/li>\n<li>Panel de an\u00e1lisis de an\u00e1lisis integral para rastrear clics, vistas y otras m\u00e9tricas importantes<\/li>\n<li>Actualizaciones y soporte regulares para mantener el complemento funcionando sin problemas y al d\u00eda con las \u00faltimas tendencias de WordPress.<\/li>\n<\/ul>\n","protected":false},"excerpt":{"rendered":"<p>El complemento Let&#8217;s WordPress Let&#8217;s Revise, una herramienta inmensamente potente utilizada para elaborar revisiones completas de productos en su sitio web, cuenta con una variedad de caracter\u00edsticas que lo convierten en una opci\u00f3n ideal. Entre sus atributos m\u00e1s destacados se encuentran las opciones de afiliaci\u00f3n que ofrece, lo que permite la inclusi\u00f3n sin esfuerzo de enlaces de afiliados y la posterior acumulaci\u00f3n de comisiones en productos recomendados. Este complemento atiende a la perfecci\u00f3n las necesidades y aspiraciones de bloggers, afiliados e personas que buscan monetizar sus cr\u00edticas. Con una interfaz intuitiva y una flexibilidad completa en la personalizaci\u00f3n, los usuarios pueden dise\u00f1ar sin esfuerzo revisiones de productos visualmente impresionantes e intelectualmente enriquecedoras que impulsen las conversiones de manera efectiva.<\/p>\n","protected":false},"featured_media":166608,"comment_status":"open","ping_status":"open","template":"","meta":[],"product_brand":[2339],"product_cat":[1214,1206,1211],"product_tag":[1256],"class_list":{"0":"post-113090","1":"product","2":"type-product","3":"status-publish","4":"has-post-thumbnail","6":"product_brand-codecanyon","7":"product_cat-personalizacion","8":"product_cat-plugins","9":"product_cat-wordpress-plugins","10":"product_tag-codecanyon","11":"member-discount","12":"discount-restricted","14":"first","15":"instock","16":"sale","17":"downloadable","18":"virtual","19":"sold-individually","20":"purchasable","21":"product-type-simple"},"_links":{"self":[{"href":"https:\/\/gpl-love.com\/es\/wp-json\/wp\/v2\/product\/113090","targetHints":{"allow":["GET"]}}],"collection":[{"href":"https:\/\/gpl-love.com\/es\/wp-json\/wp\/v2\/product"}],"about":[{"href":"https:\/\/gpl-love.com\/es\/wp-json\/wp\/v2\/types\/product"}],"replies":[{"embeddable":true,"href":"https:\/\/gpl-love.com\/es\/wp-json\/wp\/v2\/comments?post=113090"}],"wp:featuredmedia":[{"embeddable":true,"href":"https:\/\/gpl-love.com\/es\/wp-json\/wp\/v2\/media\/166608"}],"wp:attachment":[{"href":"https:\/\/gpl-love.com\/es\/wp-json\/wp\/v2\/media?parent=113090"}],"wp:term":[{"taxonomy":"product_brand","embeddable":true,"href":"https:\/\/gpl-love.com\/es\/wp-json\/wp\/v2\/product_brand?post=113090"},{"taxonomy":"product_cat","embeddable":true,"href":"https:\/\/gpl-love.com\/es\/wp-json\/wp\/v2\/product_cat?post=113090"},{"taxonomy":"product_tag","embeddable":true,"href":"https:\/\/gpl-love.com\/es\/wp-json\/wp\/v2\/product_tag?post=113090"}],"curies":[{"name":"wp","href":"https:\/\/api.w.org\/{rel}","templated":true}]}}