{"id":113086,"date":"2021-05-03T00:00:00","date_gmt":"2021-05-03T05:00:00","guid":{"rendered":"http:\/\/gpl-love.com\/es\/producto\/seoaal-seo-y-digital-marketing-wordpress-theme\/"},"modified":"2026-04-10T11:24:23","modified_gmt":"2026-04-10T16:24:23","slug":"seoaal-seo-y-digital-marketing-wordpress-theme","status":"publish","type":"product","link":"https:\/\/gpl-love.com\/es\/producto\/seoaal-seo-y-digital-marketing-wordpress-theme\/","title":{"rendered":"Seoaal SEO y Digital Marketing WordPress Theme 1.0.7"},"content":{"rendered":"<h3>Seoaal SEO y Digital Marketing WordPress Theme Caracteristicas<\/h3>\n<p>Seoaal, un tema de WordPress excepcionalmente poderoso, ha sido meticulosamente elaborado para vendedores digitales y profesionales de SEO que buscan mejorar su presencia en l\u00ednea. Empleando las tecnolog\u00edas web m\u00e1s de vanguardia, SEOAAL cuenta con un impresionante grado de capacidad de respuesta y personalizaci\u00f3n, ofreciendo una amplia gama de caracter\u00edsticas que est\u00e1n garantizadas para impulsar su sitio web a nuevas alturas. Con su dise\u00f1o elegante y contempor\u00e1neo, Seoaal imbuye su sitio web con un aire de profesionalismo y sofisticaci\u00f3n. Este tema ha sido optimizado por expertos tanto para SEO como para la velocidad, lo que garantiza que su sitio web no solo cargue de manera expedita sino que tambi\u00e9n alcance clasificaciones m\u00e1s altas en los motores de b\u00fasqueda. Adem\u00e1s de eso, SeoAal est\u00e1 incluido con una variedad de dise\u00f1os de p\u00e1ginas de inicio predise\u00f1ados, p\u00e1ginas internas y plantillas que son totalmente personalizables para satisfacer sus requisitos \u00fanicos. Adem\u00e1s, este tema viene equipado con una variedad de complementos premium, como Visual Composer, Slider Revolution y WooCommerce, lo que le permite crear p\u00e1ginas visuales sin esfuerzo y comercializar sus productos de manera efectiva. Si est\u00e1 en busca de un tema que impulse su negocio en l\u00ednea a alturas sin precedentes, SEOAAL se presenta como la soluci\u00f3n definitiva.<\/p>\n<ul>\n<li>SeoAal es un tema profesional y moderno dise\u00f1ado para sitios web de marketing digital y SEO.<\/li>\n<li>El tema es totalmente receptivo y amigable con los dispositivos m\u00f3viles, lo que garantiza una gran experiencia de usuario en todos los dispositivos.<\/li>\n<li>SEOAAL viene con un poderoso panel de opciones de temas que le permite personalizar todos los aspectos del tema, desde colores y fuentes hasta dise\u00f1o y dise\u00f1o.<\/li>\n<li>El tema incluye m\u00faltiples dise\u00f1os de p\u00e1ginas de inicio y p\u00e1ginas internas, lo que facilita la creaci\u00f3n de un sitio web \u00fanico y profesional que se destaque entre la multitud.<\/li>\n<li>SEOAAL es totalmente compatible con complementos populares de WordPress como Yoast SEO, Contact Form 7 y WooCommerce, lo que facilita agregar funcionalidades y caracter\u00edsticas a su sitio web.<\/li>\n<li>El tema est\u00e1 construido con SEO en mente, utilizando un c\u00f3digo limpio y optimizado que ayuda a su sitio web a clasificarse m\u00e1s alto en los motores de b\u00fasqueda.<\/li>\n<li>SEOAAL tambi\u00e9n incluye una gama de plantillas de p\u00e1gina preconstruidas, lo que facilita la creaci\u00f3n de p\u00e1ginas de destino, publicaciones de blog y m\u00e1s.<\/li>\n<li>El tema est\u00e1 completamente documentado y viene con un apoyo dedicado de los desarrolladores de temas, asegurando que obtenga la ayuda que necesita para crear un sitio web profesional y efectivo.<\/li>\n<\/ul>\n","protected":false},"excerpt":{"rendered":"<p>El tema de WordPress SEOAAL SEO y el marketing digital presenta una respuesta meticulosamente elaborada y supremamente eficiente para las empresas que buscan presentar su existencia virtual. Al incorporar las funcionalidades de optimizaci\u00f3n de SEO que son alternativas de dise\u00f1o inherentes y personalizables, este tema es una opci\u00f3n ideal para las empresas que se esfuerzan por amplificar su prominencia virtual y atraer una base de clientes aumentadas. Adem\u00e1s, este tema est\u00e1 equipado con potentes utilidades de marketing, que abarca botones de llamado a acci\u00f3n, formularios de suscripci\u00f3n de correo electr\u00f3nico e integraci\u00f3n de redes sociales, lo que hace que el proceso de promoci\u00f3n de la marca en plataformas digitales sea m\u00e1s aerodin\u00e1mica y sin esfuerzo que nunca. Independientemente de si est\u00e1 supervisando una startup diminuta o una corporaci\u00f3n colosal, SEOAAL abarca todos los componentes necesarios requeridos para el triunfo en el reino ferozmente competitivo del marketing digital.<\/p>\n","protected":false},"featured_media":167456,"comment_status":"open","ping_status":"open","template":"","meta":[],"product_brand":[2337],"product_cat":[1267,1237,1238],"product_tag":[1391],"class_list":{"0":"post-113086","1":"product","2":"type-product","3":"status-publish","4":"has-post-thumbnail","6":"product_brand-themeforest","7":"product_cat-creativo","8":"product_cat-temas","9":"product_cat-wordpress-temas","10":"product_tag-themeforest","11":"member-discount","12":"discount-restricted","14":"first","15":"instock","16":"sale","17":"downloadable","18":"virtual","19":"sold-individually","20":"purchasable","21":"product-type-simple"},"_links":{"self":[{"href":"https:\/\/gpl-love.com\/es\/wp-json\/wp\/v2\/product\/113086","targetHints":{"allow":["GET"]}}],"collection":[{"href":"https:\/\/gpl-love.com\/es\/wp-json\/wp\/v2\/product"}],"about":[{"href":"https:\/\/gpl-love.com\/es\/wp-json\/wp\/v2\/types\/product"}],"replies":[{"embeddable":true,"href":"https:\/\/gpl-love.com\/es\/wp-json\/wp\/v2\/comments?post=113086"}],"wp:featuredmedia":[{"embeddable":true,"href":"https:\/\/gpl-love.com\/es\/wp-json\/wp\/v2\/media\/167456"}],"wp:attachment":[{"href":"https:\/\/gpl-love.com\/es\/wp-json\/wp\/v2\/media?parent=113086"}],"wp:term":[{"taxonomy":"product_brand","embeddable":true,"href":"https:\/\/gpl-love.com\/es\/wp-json\/wp\/v2\/product_brand?post=113086"},{"taxonomy":"product_cat","embeddable":true,"href":"https:\/\/gpl-love.com\/es\/wp-json\/wp\/v2\/product_cat?post=113086"},{"taxonomy":"product_tag","embeddable":true,"href":"https:\/\/gpl-love.com\/es\/wp-json\/wp\/v2\/product_tag?post=113086"}],"curies":[{"name":"wp","href":"https:\/\/api.w.org\/{rel}","templated":true}]}}