{"id":113084,"date":"2021-06-29T00:00:00","date_gmt":"2021-06-29T05:00:00","guid":{"rendered":"http:\/\/gpl-love.com\/es\/producto\/talemy-lms-education-wordpress-theme\/"},"modified":"2026-04-10T11:27:10","modified_gmt":"2026-04-10T16:27:10","slug":"talemy-lms-education-wordpress-theme","status":"publish","type":"product","link":"https:\/\/gpl-love.com\/es\/producto\/talemy-lms-education-wordpress-theme\/","title":{"rendered":"Talemy LMS Education WordPress Theme 1.2.7"},"content":{"rendered":"<h3>Talemy LMS Education WordPress Theme Caracteristicas<\/h3>\n<p>Talemy LMS Education WordPress El tema es una herramienta muy robusta, espec\u00edficamente adaptada para satisfacer las necesidades de las instituciones educativas que buscan establecer un entorno de aprendizaje en l\u00ednea vibrante. Este tema ofrece una amplia gama de caracter\u00edsticas, que abarca dise\u00f1os de cursos personalizables, capacidades eficientes de gesti\u00f3n de lecciones y planes de membres\u00eda vers\u00e1tiles. Adem\u00e1s, el tema cuenta con una interfaz de arrastre y ca\u00edda incre\u00edblemente intuitiva, meticulosamente dise\u00f1ada para facilitar la personalizaci\u00f3n perfecta. Adem\u00e1s, su dise\u00f1o receptivo garantiza que su sitio web exhiba un atractivo visual incomparable en todos los dispositivos. En particular, el tema de WordPress de la educaci\u00f3n de Talemy LMS se integra perfectamente con complementos populares como WooCommerce y BuddyPress, lo que le permite construir sin esfuerzo una plataforma integral de aprendizaje electr\u00f3nico, proporcionando una experiencia educativa que lo abarca todo para sus estudiantes estimados. Surgi\u00f3 como una elecci\u00f3n excepcional, este tema atiende efectivamente a los requisitos de cualquier persona que aspire a embarcarse en un viaje de desarrollo y entrega de cursos en l\u00ednea.<\/p>\n<ul>\n<li>Un tema de WordPress de educaci\u00f3n moderno y personalizable dise\u00f1ado para sistemas de gesti\u00f3n de aprendizaje (LMS)<\/li>\n<li>Dise\u00f1o receptivo asegurando que su sitio se vea genial en todos los dispositivos<\/li>\n<li>M\u00faltiples demostraciones y dise\u00f1os predise\u00f1ados para elegir<\/li>\n<li>Caracter\u00edsticas de gesti\u00f3n de cursos incorporados que le permiten crear, administrar y vender cursos en l\u00ednea<\/li>\n<li>Compatible con complementos LMS populares como LearnDash, Sensei y Lifterlms<\/li>\n<li>Funcionalidad avanzada de prueba y evaluaci\u00f3n para probar y calificar a los estudiantes<\/li>\n<li>Panel de tablero de estudiantes integral que permite a los estudiantes realizar un seguimiento de sus progresos y calificaciones<\/li>\n<li>Caracter\u00edsticas comunitarias fuertes con foros de discusi\u00f3n, grupos y alimentos de actividad<\/li>\n<li>Instalaci\u00f3n de un solo clic que le permite comenzar de manera r\u00e1pida y f\u00e1cil<\/li>\n<li>Soporte profesional para ayudarlo con cualquier pregunta o necesidad de personalizaci\u00f3n.<\/li>\n<\/ul>\n","protected":false},"excerpt":{"rendered":"<p>El tema de WordPress de Educaci\u00f3n Talemy LMS cuenta con capacidades impresionantes y adaptabilidad como un sistema de gesti\u00f3n de aprendizaje, lo que permite a los educadores construir efectivamente los cursos en l\u00ednea y supervisar efectivamente el avance de los estudiantes. Equipado con una interfaz de usuario intuitiva y una variedad de herramientas integradas que facilitan la creaci\u00f3n del contenido y las evaluaciones del curso, este tema facilita sin esfuerzo la provisi\u00f3n de experiencias educativas excepcionales a los alumnos en cualquier nivel de competencia. Ya sea que uno asumiera el papel de un maestro, instructor o entrenador, Talemy LMS surge como la soluci\u00f3n ideal para dispensar material educativo a los estudiantes, asegurando una eficacia y eficiencia \u00f3ptimas.<\/p>\n","protected":false},"featured_media":167685,"comment_status":"open","ping_status":"open","template":"","meta":[],"product_brand":[2337],"product_cat":[1267,1237,1238],"product_tag":[1391],"class_list":{"0":"post-113084","1":"product","2":"type-product","3":"status-publish","4":"has-post-thumbnail","6":"product_brand-themeforest","7":"product_cat-creativo","8":"product_cat-temas","9":"product_cat-wordpress-temas","10":"product_tag-themeforest","11":"member-discount","12":"discount-restricted","14":"first","15":"instock","16":"sale","17":"downloadable","18":"virtual","19":"sold-individually","20":"purchasable","21":"product-type-simple"},"_links":{"self":[{"href":"https:\/\/gpl-love.com\/es\/wp-json\/wp\/v2\/product\/113084","targetHints":{"allow":["GET"]}}],"collection":[{"href":"https:\/\/gpl-love.com\/es\/wp-json\/wp\/v2\/product"}],"about":[{"href":"https:\/\/gpl-love.com\/es\/wp-json\/wp\/v2\/types\/product"}],"replies":[{"embeddable":true,"href":"https:\/\/gpl-love.com\/es\/wp-json\/wp\/v2\/comments?post=113084"}],"wp:featuredmedia":[{"embeddable":true,"href":"https:\/\/gpl-love.com\/es\/wp-json\/wp\/v2\/media\/167685"}],"wp:attachment":[{"href":"https:\/\/gpl-love.com\/es\/wp-json\/wp\/v2\/media?parent=113084"}],"wp:term":[{"taxonomy":"product_brand","embeddable":true,"href":"https:\/\/gpl-love.com\/es\/wp-json\/wp\/v2\/product_brand?post=113084"},{"taxonomy":"product_cat","embeddable":true,"href":"https:\/\/gpl-love.com\/es\/wp-json\/wp\/v2\/product_cat?post=113084"},{"taxonomy":"product_tag","embeddable":true,"href":"https:\/\/gpl-love.com\/es\/wp-json\/wp\/v2\/product_tag?post=113084"}],"curies":[{"name":"wp","href":"https:\/\/api.w.org\/{rel}","templated":true}]}}