{"id":113082,"date":"2023-09-22T00:00:00","date_gmt":"2023-09-22T05:00:00","guid":{"rendered":"http:\/\/gpl-love.com\/es\/producto\/pinterest-automatic-wordpress-plugin\/"},"modified":"2026-04-10T11:21:37","modified_gmt":"2026-04-10T16:21:37","slug":"pinterest-automatic-wordpress-plugin","status":"publish","type":"product","link":"https:\/\/gpl-love.com\/es\/producto\/pinterest-automatic-wordpress-plugin\/","title":{"rendered":"Pinterest Automatic Pin WordPress Plugin 4.16.0"},"content":{"rendered":"<h3>Pinterest Automatic Pin WordPress Plugin Caracteristicas<\/h3>\n<p>El complemento Pinterest Automatic WordPress es una herramienta incre\u00edblemente robusta y altamente eficiente que otorga a los usuarios la incre\u00edble capacidad de transmitir y propagar y propagar sus im\u00e1genes cuidadosamente cultivadas y meticulosamente elaboradas, obtenidas de su estimado y estimado blog de WordPress, hasta su estimado y estimado cuenta de Pinterest Pinterest. . Este complemento, que ha sido ingeniosamente ideado y dise\u00f1ado ingeniosamente, sirve para simplificar y facilitar enormemente el proceso complicado y arduo de transmisi\u00f3n de dientes y h\u00e1bilmente y propagando el contenido atesorado a trav\u00e9s de una mir\u00edada de plataformas dispares y distintas, lo que otorga a los usuarios la boon invaluable de ahorrando una cantidad considerable de su precioso e irremplazable tiempo, todo mientras se expanden y aumenta simult\u00e1neamente y aumenta su alcance estimado y estimado. En virtud de sus caracter\u00edsticas m\u00faltiples y m\u00faltiples, como su capacidad incomparable e incomparable para detectar y discernir im\u00e1genes sin esfuerzo, su capacidad asombrosa para mapear de manera h\u00e1bil y experta en campos de im\u00e1genes personalizados, y su capacidad inigualable para establecer y establecer h\u00e1bilmente intervalos para establecer y establecer intervalos de manera h\u00e1bil para que La inserci\u00f3n h\u00e1bil y \u00e1gil de los pines, este complemento se considera un ep\u00edtome indiscutible e incontrovertible de la facilidad de uso y la facilidad de uso, lo que permite y capacita a los usuarios para que los usuarios se hagan cargo sin esfuerzo y sin problemas, ejercer un control total y total sobre sus queridos y acreditados. Presencia de Pinterest. Atentivamente y cuidadosamente elaborado y meticulosamente y minuciosamente dise\u00f1ado con el prop\u00f3sito expreso y el objetivo final de atender, satisfacer y satisfacer las necesidades y requisitos \u00fanicos y peculiares de los bloggers, vendedores y todos los que albergan y poseen un inter\u00e9s ferviente y apasionado en Al expandir y extender su preciada y apreciada presencia de las redes sociales, el complemento de Wordpress autom\u00e1tico de Pinterest, sin duda, ocupa un deseo y un deseo indudablemente una herramienta indispensable e indispensable para uno y todos los que poseen un deseo ardiente y profundo de agilizar y optimizar su CHERITED SU CHERED y un flujo de trabajo apreciado, as\u00ed como ampliamente amplificando y aumentan su estimada y estimada visibilidad en l\u00ednea.<\/p>\n<ul>\n<li>Permite a los usuarios publicar autom\u00e1ticamente sus pines Pinterest en su sitio web de WordPress.<\/li>\n<li>Ahorra tiempo y esfuerzo eliminando la necesidad de cargar manualmente pines en el sitio web.<\/li>\n<li>Aumenta el tr\u00e1fico del sitio web mostrando una exhibici\u00f3n visualmente atractiva de Pinterest Pins.<\/li>\n<li>La interfaz f\u00e1cil de usar facilita que los principiantes usen sin ning\u00fan conocimiento de codificaci\u00f3n.<\/li>\n<li>Ofrece a los usuarios la capacidad de personalizar la apariencia de los pines de Pinterest que se muestran en el sitio web.<\/li>\n<li>Admite diferentes tipos de contenido de Pinterest, como tableros, perfiles y pines espec\u00edficos.<\/li>\n<li>Actualiza autom\u00e1ticamente los pines en el sitio web cuando se realizan cambios en la cuenta Pinterest del usuario.<\/li>\n<li>Compatible con las \u00faltimas versiones y temas de WordPress.<\/li>\n<li>Precios asequibles con un pago \u00fanico y acceso de por vida a actualizaciones y atenci\u00f3n al cliente.<\/li>\n<\/ul>\n","protected":false},"excerpt":{"rendered":"<p>El complemento Pinterest Automatic WordPress, una herramienta notable, posee la notable capacidad para optimizar el proceso de fijar el contenido desde su sitio web a Pinterest. Al utilizar este complemento ingenioso, tiene la capacidad sin esfuerzo para difundir sin esfuerzo las publicaciones de su blog, im\u00e1genes y otras formas de contenido en su cuenta de Pinterest, lo que le permite recostarse y observar la afluencia de tr\u00e1fico y compromiso que se genera. Adem\u00e1s, este complemento muestra configuraciones altamente sofisticadas que le proporcionan el poder de manipular c\u00f3mo, cu\u00e1ndo y d\u00f3nde los aspectos de la difusi\u00f3n de su contenido, proporcion\u00e1ndole la autoridad integral sobre su estrategia de marketing de Pinterest. Independientemente de si se identifica como blogger, vendedor en l\u00ednea o propietario de un negocio, el complemento de WordPress autom\u00e1tico de Pinterest es absolutamente indispensable para expandir su alcance y avanzar en la promoci\u00f3n de su marca en esta plataforma visual extremadamente popular.<\/p>\n","protected":false},"featured_media":167219,"comment_status":"open","ping_status":"open","template":"","meta":[],"product_brand":[2339],"product_cat":[1232,1206,1211],"product_tag":[1256],"class_list":{"0":"post-113082","1":"product","2":"type-product","3":"status-publish","4":"has-post-thumbnail","6":"product_brand-codecanyon","7":"product_cat-marketing-wordpress-plugins","8":"product_cat-plugins","9":"product_cat-wordpress-plugins","10":"product_tag-codecanyon","11":"member-discount","12":"discount-restricted","14":"first","15":"instock","16":"sale","17":"downloadable","18":"virtual","19":"sold-individually","20":"purchasable","21":"product-type-simple"},"_links":{"self":[{"href":"https:\/\/gpl-love.com\/es\/wp-json\/wp\/v2\/product\/113082","targetHints":{"allow":["GET"]}}],"collection":[{"href":"https:\/\/gpl-love.com\/es\/wp-json\/wp\/v2\/product"}],"about":[{"href":"https:\/\/gpl-love.com\/es\/wp-json\/wp\/v2\/types\/product"}],"replies":[{"embeddable":true,"href":"https:\/\/gpl-love.com\/es\/wp-json\/wp\/v2\/comments?post=113082"}],"wp:featuredmedia":[{"embeddable":true,"href":"https:\/\/gpl-love.com\/es\/wp-json\/wp\/v2\/media\/167219"}],"wp:attachment":[{"href":"https:\/\/gpl-love.com\/es\/wp-json\/wp\/v2\/media?parent=113082"}],"wp:term":[{"taxonomy":"product_brand","embeddable":true,"href":"https:\/\/gpl-love.com\/es\/wp-json\/wp\/v2\/product_brand?post=113082"},{"taxonomy":"product_cat","embeddable":true,"href":"https:\/\/gpl-love.com\/es\/wp-json\/wp\/v2\/product_cat?post=113082"},{"taxonomy":"product_tag","embeddable":true,"href":"https:\/\/gpl-love.com\/es\/wp-json\/wp\/v2\/product_tag?post=113082"}],"curies":[{"name":"wp","href":"https:\/\/api.w.org\/{rel}","templated":true}]}}