{"id":113069,"date":"2025-10-28T00:00:00","date_gmt":"2025-10-28T05:00:00","guid":{"rendered":"http:\/\/gpl-love.com\/es\/producto\/woocommerce-vouchers-pdf-plugin\/"},"modified":"2026-03-09T08:23:57","modified_gmt":"2026-03-09T13:23:57","slug":"woocommerce-vouchers-pdf-plugin","status":"publish","type":"product","link":"https:\/\/gpl-love.com\/es\/producto\/woocommerce-vouchers-pdf-plugin\/","title":{"rendered":"WooCommerce PDF Vouchers Plugin 5.2.3"},"content":{"rendered":"<h3>WooCommerce PDF Vouchers Plugin Caracteristicas<\/h3>\n<p>El complemento de cupones PDF de WooCommerce, una herramienta altamente eficiente y f\u00e1cil de usar, est\u00e1 dise\u00f1ado para facilitar la generaci\u00f3n y administraci\u00f3n de cupones PDF para su tienda en l\u00ednea. Este complemento notable no solo le permite crear y personalizar cupones sin esfuerzo, sino que tambi\u00e9n permite su utilizaci\u00f3n para diversos fines, abarcar tarjetas de regalo, cupones de descuento y ofertas promocionales. Equipado con una interfaz intuitiva y configuraciones vers\u00e1tiles, puede establecer y supervisar sin problemas sus campa\u00f1as de cupones, monitoreando diligentemente sus fechas de uso y vencimiento. Adem\u00e1s, el complemento facilita la conveniencia de entregar directamente estos cupones atractivos a su estimada clientela por correo electr\u00f3nico. Sin lugar a dudas, este complemento indispensable es una inversi\u00f3n imperativa para cualquier empresa de comercio electr\u00f3nico que aspira a mejorar las ventas y forjar relaciones m\u00e1s fuertes de los clientes, ofreciendo cupones a medida y visualmente atractivos que son sin esfuerzo para redimir y trazables convenientemente.<\/p>\n<ul>\n<li>Habilita la creaci\u00f3n y distribuci\u00f3n de cupones PDF para las tiendas WooCommerce<\/li>\n<li>Permite la personalizaci\u00f3n del dise\u00f1o y el contenido del cup\u00f3n<\/li>\n<li>Admite m\u00faltiples tipos de cupones que incluyen tarjetas de regalo de un solo uso, cupones de descuento y m\u00e1s<\/li>\n<li>Se integra con varias pasarelas de pago y m\u00e9todos de env\u00edo<\/li>\n<li>Proceso de redenci\u00f3n de cupones f\u00e1cil para clientes con c\u00f3digos de cupones \u00fanicos<\/li>\n<li>Sistema de informes integral para el uso de comprobantes y ventas de cupones<\/li>\n<li>Limitaciones autom\u00e1ticas de vencimiento y uso de comprobantes<\/li>\n<li>Soporte multiling\u00fce para clientes internacionales<\/li>\n<li>Compatible con una amplia gama de temas y complementos de WooCommerce<\/li>\n<li>Actualizaciones regulares y atenci\u00f3n al cliente proporcionadas<\/li>\n<\/ul>\n","protected":false},"excerpt":{"rendered":"<p>El complemento de cupones PDF de WooCommerce sirve como la resoluci\u00f3n por excelencia y m\u00e1s \u00f3ptima para la creaci\u00f3n y venta de cupones, certificados de regalo y cupones adaptables dentro del \u00e1mbito de su emporio digital. Al utilizar este complemento ingenioso, se le otorga la capacidad perfecta para generar sin esfuerzo cupones PDF que poseen el potencial de ser redimido en la tienda o a trav\u00e9s de plataformas en l\u00ednea, al tiempo que le permite adaptar el dise\u00f1o y el dise\u00f1o de cada comprobante de una manera que es a medida con la identidad de su marca. Esta notable herramienta le otorga una variedad de caracter\u00edsticas, que incluyen, entre otros, los c\u00f3digos de cupones personalizados, una gran cantidad de diversas plantillas de cupones y la capacidad invaluable para monitorear y supervisar meticulosamente la utilizaci\u00f3n de cupones, lo que hace que la gesti\u00f3n de sus comprobantes sea una tarea Eso carece de ardua. En \u00faltima instancia, la integraci\u00f3n del complemento de cupones PDF de WooCommerce en su establecimiento en l\u00ednea sirve como un medio excepcionalmente eficaz para aumentar sus cifras de ventas y fomentar la inquebrantable lealtad de los clientes.<\/p>\n","protected":false},"featured_media":168204,"comment_status":"open","ping_status":"open","template":"","meta":[],"product_brand":[2339],"product_cat":[1207,1225,1206],"product_tag":[1256],"class_list":{"0":"post-113069","1":"product","2":"type-product","3":"status-publish","4":"has-post-thumbnail","6":"product_brand-codecanyon","7":"product_cat-comercio-electronico-plugins","8":"product_cat-marketing","9":"product_cat-plugins","10":"product_tag-codecanyon","11":"member-discount","12":"discount-restricted","14":"first","15":"instock","16":"sale","17":"downloadable","18":"virtual","19":"sold-individually","20":"purchasable","21":"product-type-simple"},"_links":{"self":[{"href":"https:\/\/gpl-love.com\/es\/wp-json\/wp\/v2\/product\/113069","targetHints":{"allow":["GET"]}}],"collection":[{"href":"https:\/\/gpl-love.com\/es\/wp-json\/wp\/v2\/product"}],"about":[{"href":"https:\/\/gpl-love.com\/es\/wp-json\/wp\/v2\/types\/product"}],"replies":[{"embeddable":true,"href":"https:\/\/gpl-love.com\/es\/wp-json\/wp\/v2\/comments?post=113069"}],"wp:featuredmedia":[{"embeddable":true,"href":"https:\/\/gpl-love.com\/es\/wp-json\/wp\/v2\/media\/168204"}],"wp:attachment":[{"href":"https:\/\/gpl-love.com\/es\/wp-json\/wp\/v2\/media?parent=113069"}],"wp:term":[{"taxonomy":"product_brand","embeddable":true,"href":"https:\/\/gpl-love.com\/es\/wp-json\/wp\/v2\/product_brand?post=113069"},{"taxonomy":"product_cat","embeddable":true,"href":"https:\/\/gpl-love.com\/es\/wp-json\/wp\/v2\/product_cat?post=113069"},{"taxonomy":"product_tag","embeddable":true,"href":"https:\/\/gpl-love.com\/es\/wp-json\/wp\/v2\/product_tag?post=113069"}],"curies":[{"name":"wp","href":"https:\/\/api.w.org\/{rel}","templated":true}]}}