{"id":113067,"date":"2025-11-06T00:00:00","date_gmt":"2025-11-06T05:00:00","guid":{"rendered":"http:\/\/gpl-love.com\/es\/producto\/request-a-quote-para-woocommerce\/"},"modified":"2026-04-10T11:23:06","modified_gmt":"2026-04-10T16:23:06","slug":"request-a-quote-para-woocommerce","status":"publish","type":"product","link":"https:\/\/gpl-love.com\/es\/producto\/request-a-quote-para-woocommerce\/","title":{"rendered":"Request a Quote para WooCommerce 2.9.0"},"content":{"rendered":"<h3>Request a Quote para WooCommerce Caracteristicas<\/h3>\n<p>La solicitud de una cotizaci\u00f3n para WooCommerce es una herramienta indispensable para las empresas que buscan proporcionar a sus clientes la oportunidad de solicitar una cotizaci\u00f3n antes de finalizar una compra. Este notable complemento simplifica considerablemente el proceso de solicitud de cotizaci\u00f3n generando ingeniosamente un bot\u00f3n designado en la p\u00e1gina del producto. Al utilizar esta caracter\u00edstica, los clientes est\u00e1n facultados para incluir sin esfuerzo el producto deseado en su lista de cotizaciones meticulosamente seleccionadas, que posteriormente presentan para una evaluaci\u00f3n exhaustiva. Posteriormente, al propietario de la tienda astuta se le notifica de inmediato a dicha solicitud y se le otorga la capacidad de responder r\u00e1pidamente con una cotizaci\u00f3n meticulosamente personalizada, que abarca consideraciones que abarca todo, como env\u00edo, impuestos y cualquier gravaci\u00f3n adicional. Adem\u00e1s, las opciones de personalizaci\u00f3n incomparables de este complemento generan un nivel de flexibilidad incomparable, lo que permite a los propietarios de tiendas moldear h\u00e1bilmente el proceso de solicitud de cotizaci\u00f3n para adaptarse meticulosamente a sus requisitos idiosincr\u00e1ticos. En consecuencia, este complemento ofrece una experiencia de compra notablemente perfecta para los clientes, al tiempo que acelera y agiliza todo el proceso de ventas para las empresas.<\/p>\n<ul>\n<li>Permite a los clientes solicitar f\u00e1cilmente una cotizaci\u00f3n para productos en su tienda WooCommerce<\/li>\n<li>Agiliza el proceso de cotizaci\u00f3n tanto para clientes como para propietarios de tiendas<\/li>\n<li>Campos y configuraciones de formulario personalizables para satisfacer las necesidades de su negocio<\/li>\n<li>Proporciona notificaciones de correo electr\u00f3nico automatizadas tanto a los clientes como a los propietarios de tiendas<\/li>\n<li>Integraci\u00f3n con pasarelas de pago populares para aceptar dep\u00f3sitos para pedidos personalizados<\/li>\n<li>Ahorra tiempo permitiendo a los clientes enviar solicitudes de cotizaci\u00f3n en lugar de crear pedidos personalizados manualmente<\/li>\n<li>Ayuda a aumentar las ventas al convertir a los clientes vacilantes en clientes potenciales<\/li>\n<li>Admite m\u00faltiples idiomas y monedas para tiendas internacionales<\/li>\n<li>Interfaz f\u00e1cil de usar que facilita a los clientes solicitar una cotizaci\u00f3n<\/li>\n<li>Compatible con una amplia gama de temas y complementos de WooCommerce<\/li>\n<\/ul>\n","protected":false},"excerpt":{"rendered":"<p>\u00bfEst\u00e1 buscando una manera de optimizar su proceso de ventas y proporcionar una experiencia de compra perfecta para sus clientes? \u00a1No busque m\u00e1s que solicitar una cotizaci\u00f3n para WooCommerce! Esta poderosa herramienta est\u00e1 dise\u00f1ada para optimizar su proceso de ventas al permitir a los clientes solicitar comillas convenientemente para sus productos deseados directamente a trav\u00e9s de la plataforma WooCommerce. Atr\u00e1s quedaron los d\u00edas de las interminables negociaciones de ida y vuelta y confusi\u00f3n sobre los precios y las cantidades. Con la solicitud de una cotizaci\u00f3n para WooCommerce, los clientes pueden solicitar y negociar sin esfuerzo precios y cantidades para productos antes de realizar su compra final, asegurando una experiencia de compra m\u00e1s personalizada y eficiente. Pero eso no es todo: este complemento tambi\u00e9n ofrece formularios de cotizaci\u00f3n personalizables y notificaciones por correo electr\u00f3nico, por lo que es muy f\u00e1cil para que las empresas administren y rastreen las solicitudes de cotizaci\u00f3n. Diga adi\u00f3s a los procesos manuales y hola a mayores ventas y una mayor satisfacci\u00f3n del cliente con solicitar una cotizaci\u00f3n para WooCommerce. Es la soluci\u00f3n perfecta para las empresas que buscan llevar sus ventas al siguiente nivel.<\/p>\n","protected":false},"featured_media":167344,"comment_status":"open","ping_status":"open","template":"","meta":[],"product_brand":[2344],"product_cat":[1207,1248,1206],"product_tag":[1423],"class_list":{"0":"post-113067","1":"product","2":"type-product","3":"status-publish","4":"has-post-thumbnail","6":"product_brand-woocommerce","7":"product_cat-comercio-electronico-plugins","8":"product_cat-personalizacion-comercio-electronico-plugins","9":"product_cat-plugins","10":"product_tag-woocommerce","11":"member-discount","12":"discount-restricted","14":"first","15":"instock","16":"sale","17":"downloadable","18":"virtual","19":"sold-individually","20":"purchasable","21":"product-type-simple"},"_links":{"self":[{"href":"https:\/\/gpl-love.com\/es\/wp-json\/wp\/v2\/product\/113067","targetHints":{"allow":["GET"]}}],"collection":[{"href":"https:\/\/gpl-love.com\/es\/wp-json\/wp\/v2\/product"}],"about":[{"href":"https:\/\/gpl-love.com\/es\/wp-json\/wp\/v2\/types\/product"}],"replies":[{"embeddable":true,"href":"https:\/\/gpl-love.com\/es\/wp-json\/wp\/v2\/comments?post=113067"}],"wp:featuredmedia":[{"embeddable":true,"href":"https:\/\/gpl-love.com\/es\/wp-json\/wp\/v2\/media\/167344"}],"wp:attachment":[{"href":"https:\/\/gpl-love.com\/es\/wp-json\/wp\/v2\/media?parent=113067"}],"wp:term":[{"taxonomy":"product_brand","embeddable":true,"href":"https:\/\/gpl-love.com\/es\/wp-json\/wp\/v2\/product_brand?post=113067"},{"taxonomy":"product_cat","embeddable":true,"href":"https:\/\/gpl-love.com\/es\/wp-json\/wp\/v2\/product_cat?post=113067"},{"taxonomy":"product_tag","embeddable":true,"href":"https:\/\/gpl-love.com\/es\/wp-json\/wp\/v2\/product_tag?post=113067"}],"curies":[{"name":"wp","href":"https:\/\/api.w.org\/{rel}","templated":true}]}}