{"id":113065,"date":"2025-09-13T00:00:00","date_gmt":"2025-09-13T05:00:00","guid":{"rendered":"http:\/\/gpl-love.com\/es\/producto\/gifting-para-woocommerce-subscriptions\/"},"modified":"2026-03-09T07:37:53","modified_gmt":"2026-03-09T12:37:53","slug":"gifting-para-woocommerce-subscriptions","status":"publish","type":"product","link":"https:\/\/gpl-love.com\/es\/producto\/gifting-para-woocommerce-subscriptions\/","title":{"rendered":"Gifting para WooCommerce Subscriptions 2.9.1"},"content":{"rendered":"<h3>Gifting para WooCommerce Subscriptions Caracteristicas<\/h3>\n<p>Regalar las suscripciones de WooCommerce es un complemento extremadamente formidable y altamente adaptable que le confiere la capacidad de ofrecer suscripciones de regalo a sus estimados clientes. Con la ayuda de este complemento excepcional, puede generar y adaptar sin esfuerzo opciones de regalo que permitan a los clientes obtener suscripciones en nombre de sus apreciados amigos, familiares apreciados o seres queridos. Posee la autoridad para ejercer control sobre los precios, la duraci\u00f3n y la frecuencia de la suscripci\u00f3n de regalos, e incluso dispensar descuentos y promociones a sus clientes leales. El complemento se amalgama sin problemas con su tienda WooCommerce, asegurando as\u00ed un proceso de configuraci\u00f3n sin problemas y facilitando transacciones sin problemas. Ya sea que su objetivo final gire en torno a aumentar su flujo de ingresos o otorgar a sus clientes una experiencia de regalos verdaderamente incomparable, tenga la seguridad de que los regalos para suscripciones de WooCommerce son la clave para desbloquear la soluci\u00f3n perfecta.<\/p>\n<ul>\n<li>Simplifica el proceso de regalos para suscripciones de WooCommerce<\/li>\n<li>Permite a los clientes comprar f\u00e1cilmente y regalar productos de suscripci\u00f3n.<\/li>\n<li>Proporciona una experiencia sin costuras y sin problemas tanto para el comprador como para el receptor<\/li>\n<li>Ofrece opciones de regalos flexibles, que incluyen plantillas de tarjetas de regalo y mensajes personalizados<\/li>\n<li>Permite a los clientes programar entregas de regalos para fechas futuras o enviarlas instant\u00e1neamente<\/li>\n<li>Interfaz intuitiva y f\u00e1cil de usar tanto para clientes como para propietarios de tiendas<\/li>\n<li>Ahorra tiempo y recursos para los propietarios de tiendas automatizando el proceso de entrega de regalos<\/li>\n<li>Aumenta la satisfacci\u00f3n y la lealtad del cliente ofreciendo una soluci\u00f3n de regalos conveniente<\/li>\n<li>Compatible con todas las pasarelas de pago principales y temas de WooCommerce<\/li>\n<li>Actualizado regularmente con nuevas caracter\u00edsticas y mejoras basadas en comentarios de los clientes.<\/li>\n<\/ul>\n","protected":false},"excerpt":{"rendered":"<p>El complemento de regalos de suscripciones de WooCommerce es una excelente soluci\u00f3n para las empresas que buscan proporcionar a sus clientes la opci\u00f3n de comprar productos de suscripci\u00f3n como obsequios para otros. Permite a los clientes seleccionar y comprar productos de suscripci\u00f3n sin esfuerzo para sus seres queridos, lo que lo convierte en una opci\u00f3n ideal para ocasiones como cumplea\u00f1os, vacaciones y otros eventos importantes. Adem\u00e1s, este complemento se integra perfectamente con WooCommerce, lo que permite a las empresas administrar eficientemente sus productos de suscripci\u00f3n y compras de regalos a trav\u00e9s de un tablero f\u00e1cil de usar. Adem\u00e1s, los regalos para suscripciones de WooCommerce ofrecen una amplia gama de opciones de personalizaci\u00f3n, capacitando a las empresas para seleccionar productos de suscripci\u00f3n espec\u00edficos para su inclusi\u00f3n en su programa de regalos, establecer opciones de precios e incorporar mensajes e im\u00e1genes personalizadas en el proceso de regalos. Al utilizar los regalos para suscripciones de WooCommerce, las empresas pueden proporcionar a sus clientes una experiencia de regalos conveniente y personalizada que seguramente dejar\u00e1 una impresi\u00f3n duradera.<\/p>\n","protected":false},"featured_media":166223,"comment_status":"open","ping_status":"open","template":"","meta":[],"product_brand":[2344],"product_cat":[1208,1207,1206],"product_tag":[1423],"class_list":{"0":"post-113065","1":"product","2":"type-product","3":"status-publish","4":"has-post-thumbnail","6":"product_brand-woocommerce","7":"product_cat-administracion","8":"product_cat-comercio-electronico-plugins","9":"product_cat-plugins","10":"product_tag-woocommerce","11":"member-discount","12":"discount-restricted","14":"first","15":"instock","16":"sale","17":"downloadable","18":"virtual","19":"sold-individually","20":"purchasable","21":"product-type-simple"},"_links":{"self":[{"href":"https:\/\/gpl-love.com\/es\/wp-json\/wp\/v2\/product\/113065","targetHints":{"allow":["GET"]}}],"collection":[{"href":"https:\/\/gpl-love.com\/es\/wp-json\/wp\/v2\/product"}],"about":[{"href":"https:\/\/gpl-love.com\/es\/wp-json\/wp\/v2\/types\/product"}],"replies":[{"embeddable":true,"href":"https:\/\/gpl-love.com\/es\/wp-json\/wp\/v2\/comments?post=113065"}],"wp:featuredmedia":[{"embeddable":true,"href":"https:\/\/gpl-love.com\/es\/wp-json\/wp\/v2\/media\/166223"}],"wp:attachment":[{"href":"https:\/\/gpl-love.com\/es\/wp-json\/wp\/v2\/media?parent=113065"}],"wp:term":[{"taxonomy":"product_brand","embeddable":true,"href":"https:\/\/gpl-love.com\/es\/wp-json\/wp\/v2\/product_brand?post=113065"},{"taxonomy":"product_cat","embeddable":true,"href":"https:\/\/gpl-love.com\/es\/wp-json\/wp\/v2\/product_cat?post=113065"},{"taxonomy":"product_tag","embeddable":true,"href":"https:\/\/gpl-love.com\/es\/wp-json\/wp\/v2\/product_tag?post=113065"}],"curies":[{"name":"wp","href":"https:\/\/api.w.org\/{rel}","templated":true}]}}