{"id":113061,"date":"2021-09-14T00:00:00","date_gmt":"2021-09-14T05:00:00","guid":{"rendered":"http:\/\/gpl-love.com\/es\/producto\/super-store-finder-para-wordpress\/"},"modified":"2026-04-10T11:26:53","modified_gmt":"2026-04-10T16:26:53","slug":"super-store-finder-para-wordpress","status":"publish","type":"product","link":"https:\/\/gpl-love.com\/es\/producto\/super-store-finder-para-wordpress\/","title":{"rendered":"Super Store Finder para WordPress 6.6"},"content":{"rendered":"<h3>Super Store Finder para WordPress Caracteristicas<\/h3>\n<p>Super Store Finder para WordPress es un complemento incre\u00edblemente robusto y altamente efectivo que otorga a los usuarios la capacidad perfecta de exhibir sin esfuerzo sus diversas ubicaciones de tiendas en un mapa visualmente atractivo. Con su interfaz notablemente f\u00e1cil de usar y caracter\u00edsticas personalizables incre\u00edblemente vers\u00e1tiles, este revolucionario complemento faculta a los usuarios incorporar un n\u00famero indefinido de ubicaciones de tiendas, cada una enriquecida meticulosamente con una variedad de detalles intrincados, im\u00e1genes cautivadoras y una variedad de filtros de b\u00fasqueda convenientes. Adem\u00e1s, esta herramienta excepcional ofrece a los usuarios la capacidad invaluable de importar ubicaciones de tiendas sin esfuerzo de archivos CSV, al tiempo que extiende su soporte inquebrantable para una amplia gama de idiomas y estilos de mapas personalizados. Ejemplificando el brillantez sin igual, este complemento extraordinario es inequ\u00edvocamente la soluci\u00f3n definitiva para las empresas que aspiran a elevar y optimizar la experiencia de sus clientes al ofrecer un medio perfecto y sin esfuerzo para acceder a sus diversas tiendas. Adem\u00e1s, es un activo indispensable para cualquier sitio web que tenga como objetivo mostrar impecablemente sus establecimientos de ladrillo y mortero a los ojos exigentes de su estimada clientela.<\/p>\n<ul>\n<li>Pantalla de mapa interactiva y personalizable<\/li>\n<li>Funci\u00f3n de b\u00fasqueda avanzada con varias opciones de filtro<\/li>\n<li>Panel de administraci\u00f3n f\u00e1cil de usar para administrar ubicaciones y datos de tiendas<\/li>\n<li>Soporte para m\u00faltiples ubicaciones y categor\u00edas de tiendas<\/li>\n<li>Compatibilidad con todos los temas de WordPress<\/li>\n<li>Dise\u00f1o de respuesta m\u00f3vil para una experiencia de usuario \u00f3ptima en cualquier dispositivo<\/li>\n<li>Integraci\u00f3n con la API de Google Maps para informaci\u00f3n de ubicaci\u00f3n precisa y actualizada<\/li>\n<li>Marcadores e iconos personalizables para cada ubicaci\u00f3n de la tienda<\/li>\n<li>Capacidad para mostrar informaci\u00f3n de la tienda, como horarios de apertura, datos de contacto y revisiones.<\/li>\n<li>Interfaz f\u00e1cil de usar para que los clientes encuentren y navegen para almacenar ubicaciones con facilidad<\/li>\n<\/ul>\n","protected":false},"excerpt":{"rendered":"<p>Super Store Finder para WordPress ofrece una soluci\u00f3n incomparable para la creaci\u00f3n de un localizador de tiendas preciso y f\u00e1cil de usar en su sitio web de WordPress. Su integraci\u00f3n con Google Maps y la disponibilidad de filtros de b\u00fasqueda personalizables hacen que sea f\u00e1cil para los usuarios localizar su tienda m\u00e1s cercana o cualquier ubicaci\u00f3n deseada con un esfuerzo m\u00ednimo. Adem\u00e1s, este impresionante complemento proporciona la conveniencia de cargar ubicaciones sin esfuerzo y admite la inclusi\u00f3n de m\u00faltiples ubicaciones para un solo usuario. Con un dise\u00f1o elegante y contempor\u00e1neo, Super Store Finder for WordPress es inequ\u00edvocamente la selecci\u00f3n \u00f3ptima para cualquier negocio que busque proporcionar a sus clientes una experiencia de localizaci\u00f3n de tiendas conveniente y simplificada.<\/p>\n","protected":false},"featured_media":167660,"comment_status":"open","ping_status":"open","template":"","meta":[],"product_brand":[2339],"product_cat":[1214,1206,1211],"product_tag":[1256],"class_list":{"0":"post-113061","1":"product","2":"type-product","3":"status-publish","4":"has-post-thumbnail","6":"product_brand-codecanyon","7":"product_cat-personalizacion","8":"product_cat-plugins","9":"product_cat-wordpress-plugins","10":"product_tag-codecanyon","11":"member-discount","12":"discount-restricted","14":"first","15":"instock","16":"sale","17":"downloadable","18":"virtual","19":"sold-individually","20":"purchasable","21":"product-type-simple"},"_links":{"self":[{"href":"https:\/\/gpl-love.com\/es\/wp-json\/wp\/v2\/product\/113061","targetHints":{"allow":["GET"]}}],"collection":[{"href":"https:\/\/gpl-love.com\/es\/wp-json\/wp\/v2\/product"}],"about":[{"href":"https:\/\/gpl-love.com\/es\/wp-json\/wp\/v2\/types\/product"}],"replies":[{"embeddable":true,"href":"https:\/\/gpl-love.com\/es\/wp-json\/wp\/v2\/comments?post=113061"}],"wp:featuredmedia":[{"embeddable":true,"href":"https:\/\/gpl-love.com\/es\/wp-json\/wp\/v2\/media\/167660"}],"wp:attachment":[{"href":"https:\/\/gpl-love.com\/es\/wp-json\/wp\/v2\/media?parent=113061"}],"wp:term":[{"taxonomy":"product_brand","embeddable":true,"href":"https:\/\/gpl-love.com\/es\/wp-json\/wp\/v2\/product_brand?post=113061"},{"taxonomy":"product_cat","embeddable":true,"href":"https:\/\/gpl-love.com\/es\/wp-json\/wp\/v2\/product_cat?post=113061"},{"taxonomy":"product_tag","embeddable":true,"href":"https:\/\/gpl-love.com\/es\/wp-json\/wp\/v2\/product_tag?post=113061"}],"curies":[{"name":"wp","href":"https:\/\/api.w.org\/{rel}","templated":true}]}}