{"id":113035,"date":"2021-11-09T00:00:00","date_gmt":"2021-11-09T05:00:00","guid":{"rendered":"http:\/\/gpl-love.com\/es\/?post_type=product&#038;p=113035"},"modified":"2026-03-09T08:27:16","modified_gmt":"2026-03-09T13:27:16","slug":"wordpress-country-selector","status":"publish","type":"product","link":"https:\/\/gpl-love.com\/es\/producto\/wordpress-country-selector\/","title":{"rendered":"WordPress Country Selector 1.6.4"},"content":{"rendered":"<h3>WordPress Country Selector Caracteristicas<\/h3>\n<p>El selector de WordPress Country se destaca como un complemento incre\u00edblemente robusto meticulosamente elaborado para capacitar a los visitantes de su sitio web con la capacidad de designar sin esfuerzo su pa\u00eds de origen. Este complemento otorga a sus usuarios una extensa variedad de funcionalidades, incluidos, entre otros, men\u00fas desplegables personalizables que albergan una extensa selecci\u00f3n de pa\u00edses, un ingenioso mecanismo autom\u00e1tico de detecci\u00f3n y redirecci\u00f3n de IP, as\u00ed como la opci\u00f3n de personalizar las banderas que representan cada pa\u00eds. Al emplear el selector de pa\u00eds de WordPress, obtiene la capacidad de configurar meticulosamente su sitio web para mostrar contenido personalizado que atiende espec\u00edficamente a los pa\u00edses o regiones designados, ofreciendo as\u00ed una experiencia profundamente personalizada e impecable a sus estimados visitantes. Adem\u00e1s, este complemento cuenta con un proceso de instalaci\u00f3n sin esfuerzo y una interfaz f\u00e1cil de usar, lo que en consecuencia lo convierte en un activo incomparable para cualquier sitio web que aspire a elevar su experiencia de usuario a alturas sin precedentes.<\/p>\n<ul>\n<li>Permite a los usuarios seleccionar f\u00e1cilmente su pa\u00eds en un sitio web de WordPress<\/li>\n<li>Permite a las empresas proporcionar contenido y promociones espec\u00edficos basados \u200b\u200ben la ubicaci\u00f3n de un usuario<\/li>\n<li>Ofrece una interfaz f\u00e1cil de usar y una f\u00e1cil integraci\u00f3n con los temas existentes de WordPress<\/li>\n<li>Se puede personalizar para adaptarse a la marca y el dise\u00f1o de un sitio web<\/li>\n<li>Admite m\u00faltiples idiomas y pa\u00edses<\/li>\n<li>Proporciona detecci\u00f3n autom\u00e1tica y redirecci\u00f3n a la p\u00e1gina del pa\u00eds apropiado<\/li>\n<li>Ayuda a mejorar la experiencia del usuario y a aumentar las tasas de conversi\u00f3n<\/li>\n<li>Compatible con cualquier versi\u00f3n de WordPress desde -0 y superior<\/li>\n<li>Ofrece soporte y actualizaciones regulares para un rendimiento confiable<\/li>\n<\/ul>\n","protected":false},"excerpt":{"rendered":"<p>El selector de pa\u00eds de WordPress, un complemento muy robusto, proporciona la capacidad de aumentar la funcionalidad de su sitio web integrando un selector de pa\u00edses personalizado y ajustable. Al aprovechar esta herramienta de vanguardia, los visitantes de su sitio tendr\u00e1n poder para elegir sin esfuerzo su pa\u00eds preferido, facilitando as\u00ed la funci\u00f3n de redirecci\u00f3n autom\u00e1tica del complemento, lo que lleva a los usuarios a la versi\u00f3n m\u00e1s apropiada de su sitio web. Esta valiosa funcionalidad no solo eleva la experiencia general del usuario, sino que tambi\u00e9n juega un papel fundamental en el fomento de niveles elevados de compromiso y conversiones. El proceso de instalaci\u00f3n para el selector de pa\u00edses de WordPress es incre\u00edblemente f\u00e1cil de usar, y cuenta con una variedad de caracter\u00edsticas impresionantes, incluida la capacidad de personalizar las banderas y automatizar la detecci\u00f3n de IP. En consecuencia, este complemento resulta indispensable para cualquier sitio de WordPress, ya sea uno con un alcance global o uno que busca dirigirse espec\u00edficamente a regiones geogr\u00e1ficas distintas.<\/p>\n","protected":false},"featured_media":168343,"comment_status":"open","ping_status":"open","template":"","meta":[],"product_brand":[2339],"product_cat":[1214,1206,1211],"product_tag":[1256],"class_list":{"0":"post-113035","1":"product","2":"type-product","3":"status-publish","4":"has-post-thumbnail","6":"product_brand-codecanyon","7":"product_cat-personalizacion","8":"product_cat-plugins","9":"product_cat-wordpress-plugins","10":"product_tag-codecanyon","11":"member-discount","12":"discount-restricted","14":"first","15":"instock","16":"sale","17":"downloadable","18":"virtual","19":"sold-individually","20":"purchasable","21":"product-type-simple"},"_links":{"self":[{"href":"https:\/\/gpl-love.com\/es\/wp-json\/wp\/v2\/product\/113035","targetHints":{"allow":["GET"]}}],"collection":[{"href":"https:\/\/gpl-love.com\/es\/wp-json\/wp\/v2\/product"}],"about":[{"href":"https:\/\/gpl-love.com\/es\/wp-json\/wp\/v2\/types\/product"}],"replies":[{"embeddable":true,"href":"https:\/\/gpl-love.com\/es\/wp-json\/wp\/v2\/comments?post=113035"}],"wp:featuredmedia":[{"embeddable":true,"href":"https:\/\/gpl-love.com\/es\/wp-json\/wp\/v2\/media\/168343"}],"wp:attachment":[{"href":"https:\/\/gpl-love.com\/es\/wp-json\/wp\/v2\/media?parent=113035"}],"wp:term":[{"taxonomy":"product_brand","embeddable":true,"href":"https:\/\/gpl-love.com\/es\/wp-json\/wp\/v2\/product_brand?post=113035"},{"taxonomy":"product_cat","embeddable":true,"href":"https:\/\/gpl-love.com\/es\/wp-json\/wp\/v2\/product_cat?post=113035"},{"taxonomy":"product_tag","embeddable":true,"href":"https:\/\/gpl-love.com\/es\/wp-json\/wp\/v2\/product_tag?post=113035"}],"curies":[{"name":"wp","href":"https:\/\/api.w.org\/{rel}","templated":true}]}}