{"id":113031,"date":"2025-12-15T00:00:00","date_gmt":"2025-12-15T05:00:00","guid":{"rendered":"http:\/\/gpl-love.com\/es\/producto\/oxygen-gutenberg-integration\/"},"modified":"2026-03-09T07:58:47","modified_gmt":"2026-03-09T12:58:47","slug":"oxygen-gutenberg-integration","status":"publish","type":"product","link":"https:\/\/gpl-love.com\/es\/producto\/oxygen-gutenberg-integration\/","title":{"rendered":"Oxygen Gutenberg Integration 1.4.6"},"content":{"rendered":"<h3>Oxygen Gutenberg Integration Caracteristicas<\/h3>\n<p>Oxygen Gutenberg Integration es una herramienta de software notablemente f\u00e1cil de usar que ofrece a los usuarios la incre\u00edble capacidad de integrar a la perfecci\u00f3n sus sitios web de ox\u00edgeno con el aclamado editor de Gutenberg en WordPress. Este complemento extremadamente robusto va m\u00e1s all\u00e1, facilitando una transici\u00f3n perfecta de ox\u00edgeno a Gutenberg, dotando as\u00ed a los usuarios con un dominio incomparable sobre el dise\u00f1o y el dise\u00f1o de su sitio web. En virtud de la integraci\u00f3n de ox\u00edgeno Gutenberg, los usuarios est\u00e1n equipados con la capacidad sin esfuerzo a los bloques y plantillas personalizados sin esfuerzo, enmendan sin esfuerzo el contenido de su sitio web y manipulan sin esfuerzo el dise\u00f1o de su sitio web. Incontestablemente, este producto impresionante es absolutamente esencial para los dise\u00f1adores y desarrolladores de sitios web que anhelan aumentar la funcionalidad de su sitio web y elevar la experiencia del usuario a alturas sin precedentes, mientras que conservan un grado de autoridad excepcionalmente elevado sobre el dise\u00f1o de su sitio web. Incre\u00edblemente, la integraci\u00f3n de ox\u00edgeno Gutenberg representa una herramienta indispensable para cada individuo con aspiraciones de impulsar el dise\u00f1o de su sitio web al cenit del \u00e9xito.<\/p>\n<ul>\n<li>Integra sin problemas el constructor de ox\u00edgeno con el editor de Gutenberg<\/li>\n<li>Permite una mayor flexibilidad y personalizaci\u00f3n en el dise\u00f1o del sitio web.<\/li>\n<li>Permite a los usuarios agregar f\u00e1cilmente bloques de gutenberg personalizados dentro de ox\u00edgeno<\/li>\n<li>Proporciona un flujo de trabajo m\u00e1s simplificado para la creaci\u00f3n de sitios web<\/li>\n<li>Ayuda a reducir la necesidad de complementos o codificaci\u00f3n adicionales<\/li>\n<li>Se puede usar con cualquier tema de WordPress compatible con Oxygen Builder<\/li>\n<li>Proporciona una experiencia m\u00e1s f\u00e1cil de usar para dise\u00f1adores y desarrolladores de sitios web<\/li>\n<li>Ayuda a ahorrar tiempo eliminando la necesidad de cambiar entre diferentes editores<\/li>\n<li>Aumenta el potencial de dise\u00f1os de sitios web \u00fanicos y creativos<\/li>\n<li>Proporciona acceso a una gran biblioteca de bloques y plantillas de Gutenberg.<\/li>\n<\/ul>\n","protected":false},"excerpt":{"rendered":"<p>La integraci\u00f3n de ox\u00edgeno Gutenberg, una herramienta incre\u00edblemente potente desarrollada meticulosamente para aumentar las funcionalidades del editor de Gutenberg dentro de WordPress, ofrece una integraci\u00f3n excepcional y perfecta con ox\u00edgeno. Esta integraci\u00f3n faculta a los usuarios para fabricar dise\u00f1os y dise\u00f1os visualmente llamativos, aprovechando las caracter\u00edsticas de arrastrar y soltar f\u00e1ciles de usar inherentes al editor de Gutenberg. Al incorporar la integraci\u00f3n de ox\u00edgeno Gutenberg en su plataforma, puede impulsar sin esfuerzo su sitio web a nuevas alturas creando dise\u00f1os exquisitos y altamente receptivos, todo sin la necesidad de ninguna experiencia de codificaci\u00f3n. Esta notable soluci\u00f3n es personalizada para individuos en los \u00e1mbitos del dise\u00f1o, el desarrollo y la creaci\u00f3n de contenido, proporcion\u00e1ndoles una avenida notable para elevar su proceso de creaci\u00f3n de contenido dentro del ecosistema de WordPress.<\/p>\n","protected":false},"featured_media":167126,"comment_status":"open","ping_status":"open","template":"","meta":[],"product_brand":[2520],"product_cat":[1214,1206,1211],"product_tag":[1346],"class_list":{"0":"post-113031","1":"product","2":"type-product","3":"status-publish","4":"has-post-thumbnail","6":"product_brand-oxygen","7":"product_cat-personalizacion","8":"product_cat-plugins","9":"product_cat-wordpress-plugins","10":"product_tag-oxygen","11":"member-discount","12":"discount-restricted","14":"first","15":"instock","16":"sale","17":"downloadable","18":"virtual","19":"sold-individually","20":"purchasable","21":"product-type-simple"},"_links":{"self":[{"href":"https:\/\/gpl-love.com\/es\/wp-json\/wp\/v2\/product\/113031","targetHints":{"allow":["GET"]}}],"collection":[{"href":"https:\/\/gpl-love.com\/es\/wp-json\/wp\/v2\/product"}],"about":[{"href":"https:\/\/gpl-love.com\/es\/wp-json\/wp\/v2\/types\/product"}],"replies":[{"embeddable":true,"href":"https:\/\/gpl-love.com\/es\/wp-json\/wp\/v2\/comments?post=113031"}],"wp:featuredmedia":[{"embeddable":true,"href":"https:\/\/gpl-love.com\/es\/wp-json\/wp\/v2\/media\/167126"}],"wp:attachment":[{"href":"https:\/\/gpl-love.com\/es\/wp-json\/wp\/v2\/media?parent=113031"}],"wp:term":[{"taxonomy":"product_brand","embeddable":true,"href":"https:\/\/gpl-love.com\/es\/wp-json\/wp\/v2\/product_brand?post=113031"},{"taxonomy":"product_cat","embeddable":true,"href":"https:\/\/gpl-love.com\/es\/wp-json\/wp\/v2\/product_cat?post=113031"},{"taxonomy":"product_tag","embeddable":true,"href":"https:\/\/gpl-love.com\/es\/wp-json\/wp\/v2\/product_tag?post=113031"}],"curies":[{"name":"wp","href":"https:\/\/api.w.org\/{rel}","templated":true}]}}