{"id":113029,"date":"2025-12-15T00:00:00","date_gmt":"2025-12-15T05:00:00","guid":{"rendered":"http:\/\/gpl-love.com\/es\/producto\/oxygen-elements-para-woocommerce\/"},"modified":"2026-03-09T07:58:45","modified_gmt":"2026-03-09T12:58:45","slug":"oxygen-elements-para-woocommerce","status":"publish","type":"product","link":"https:\/\/gpl-love.com\/es\/producto\/oxygen-elements-para-woocommerce\/","title":{"rendered":"Oxygen Elements para WooCommerce 2.0.2"},"content":{"rendered":"<h3>Oxygen Elements para WooCommerce Caracteristicas<\/h3>\n<p>Los elementos de ox\u00edgeno para WooCommerce, un complemento muy robusto, amplifica de manera efectiva la funcionalidad de cualquier tienda WooCommerce al proporcionar a los usuarios un rico conjunto de caracter\u00edsticas. Con su interfaz f\u00e1cil de usar, este complemento permite a los usuarios incorporar a la perfecci\u00f3n los campos personalizados en sus productos, facilitando as\u00ed la recopilaci\u00f3n de informaci\u00f3n complementaria relacionada con los elementos respectivos. Adem\u00e1s, los elementos de ox\u00edgeno para WooCommerce van un paso m\u00e1s all\u00e1 al ofrecer capacidades de b\u00fasqueda avanzadas, lo que permite a los clientes identificar sin esfuerzo los productos espec\u00edficos que desean. Adem\u00e1s, este complemento abarca una variedad diversa de caracter\u00edsticas valiosas, incluida la capacidad de construir plantillas personalizadas para p\u00e1ginas de productos y la opci\u00f3n de habilitar o deshabilitar selectivamente campos de productos espec\u00edficos. En resumen, los elementos de ox\u00edgeno para WooCommerce son una herramienta excepcional, preparada para elevar la funcionalidad general de cualquier tienda de WooCommerce.<\/p>\n<ul>\n<li>Los elementos de ox\u00edgeno para WooCommerce es una herramienta poderosa para maximizar el rendimiento de su tienda en l\u00ednea.<\/li>\n<li>Se integra sin problemas con WooCommerce, la plataforma de comercio electr\u00f3nico l\u00edder.<\/li>\n<li>Dise\u00f1ado para mejorar las tasas de conversi\u00f3n, aumentar las ventas y mejorar la experiencia del cliente.<\/li>\n<li>Cuenta con un conjunto de elementos personalizables y f\u00e1ciles de usar, que incluyen cuadr\u00edculas de productos, temporizadores de cuenta regresiva, pancartas y m\u00e1s.<\/li>\n<li>El dise\u00f1o receptivo asegura que su tienda se vea genial en todos los dispositivos, desde escritorio hasta dispositivos m\u00f3viles.<\/li>\n<li>Construido con un enfoque en la velocidad y el rendimiento, asegurando tiempos de carga r\u00e1pidos y un procesamiento eficiente.<\/li>\n<li>Compatible con WordPress -0 y superior, asegurando la compatibilidad con los \u00faltimos est\u00e1ndares de seguridad y codificaci\u00f3n.<\/li>\n<li>Viene con documentaci\u00f3n y apoyo integrales, lo que lo ayuda a aprovechar al m\u00e1ximo la herramienta.<\/li>\n<li>La soluci\u00f3n perfecta para los propietarios de tiendas que buscan optimizar sus ventas en l\u00ednea y crear una experiencia de cliente perfecta.<\/li>\n<\/ul>\n","protected":false},"excerpt":{"rendered":"<p>Los elementos de ox\u00edgeno para WooCommerce es un complemento excepcionalmente robusto e influyente que amplifica el atractivo est\u00e9tico de su tienda en l\u00ednea al incorporar una gran cantidad de caracter\u00edsticas de dise\u00f1o impresionantes, como cuadr\u00edculas CSS, dise\u00f1o receptivo, animaciones cautivadoras y mucho m\u00e1s. Esta extensi\u00f3n innovadora se ha creado meticulosamente para integrarse sin problemas con WooCommerce, dot\u00e1ndole de una autoridad incomparable sobre la manifestaci\u00f3n visual de su plataforma de comercio electr\u00f3nico. En virtud de los elementos de ox\u00edgeno para WooCommerce, posee la capacidad de personalizar meticulosamente todas las facetas de su sitio web, que van desde la exposici\u00f3n de productos hasta la presentaci\u00f3n de p\u00e1ginas de carreras comerciales, en consecuencia fomentando una experiencia de compra sin paralelo y famosa para su clientela estimada. Independientemente de su nivel de competencia, ya sea un ne\u00f3fito o un programador experimentado, elementos de ox\u00edgeno para WooCommerce simplifica y racionaliza el proceso de crear una tienda en l\u00ednea visualmente llamativa y extremadamente eficiente que se distingue inequ\u00edvocamente de sus competidores.<\/p>\n","protected":false},"featured_media":167125,"comment_status":"open","ping_status":"open","template":"","meta":[],"product_brand":[2520],"product_cat":[1207,1248,1206],"product_tag":[1346],"class_list":{"0":"post-113029","1":"product","2":"type-product","3":"status-publish","4":"has-post-thumbnail","6":"product_brand-oxygen","7":"product_cat-comercio-electronico-plugins","8":"product_cat-personalizacion-comercio-electronico-plugins","9":"product_cat-plugins","10":"product_tag-oxygen","11":"member-discount","12":"discount-restricted","14":"first","15":"instock","16":"sale","17":"downloadable","18":"virtual","19":"sold-individually","20":"purchasable","21":"product-type-simple"},"_links":{"self":[{"href":"https:\/\/gpl-love.com\/es\/wp-json\/wp\/v2\/product\/113029","targetHints":{"allow":["GET"]}}],"collection":[{"href":"https:\/\/gpl-love.com\/es\/wp-json\/wp\/v2\/product"}],"about":[{"href":"https:\/\/gpl-love.com\/es\/wp-json\/wp\/v2\/types\/product"}],"replies":[{"embeddable":true,"href":"https:\/\/gpl-love.com\/es\/wp-json\/wp\/v2\/comments?post=113029"}],"wp:featuredmedia":[{"embeddable":true,"href":"https:\/\/gpl-love.com\/es\/wp-json\/wp\/v2\/media\/167125"}],"wp:attachment":[{"href":"https:\/\/gpl-love.com\/es\/wp-json\/wp\/v2\/media?parent=113029"}],"wp:term":[{"taxonomy":"product_brand","embeddable":true,"href":"https:\/\/gpl-love.com\/es\/wp-json\/wp\/v2\/product_brand?post=113029"},{"taxonomy":"product_cat","embeddable":true,"href":"https:\/\/gpl-love.com\/es\/wp-json\/wp\/v2\/product_cat?post=113029"},{"taxonomy":"product_tag","embeddable":true,"href":"https:\/\/gpl-love.com\/es\/wp-json\/wp\/v2\/product_tag?post=113029"}],"curies":[{"name":"wp","href":"https:\/\/api.w.org\/{rel}","templated":true}]}}