{"id":113027,"date":"2025-06-13T00:00:00","date_gmt":"2025-06-13T05:00:00","guid":{"rendered":"http:\/\/gpl-love.com\/es\/producto\/oxy-toolbox\/"},"modified":"2026-04-10T11:20:35","modified_gmt":"2026-04-10T16:20:35","slug":"oxy-toolbox","status":"publish","type":"product","link":"https:\/\/gpl-love.com\/es\/producto\/oxy-toolbox\/","title":{"rendered":"Oxy Toolbox 1.6.2"},"content":{"rendered":"<h3>Oxy Toolbox Caracteristicas<\/h3>\n<p>La caja de herramientas Oxy, que es una herramienta incre\u00edblemente vers\u00e1til e indispensable, se adapta espec\u00edficamente a las personas involucradas en el manejo y mantenimiento de tanques de ox\u00edgeno, reguladores y otros equipos asociados. Con una variedad de caracter\u00edsticas, esta extraordinaria caja de herramientas est\u00e1 orientada a facilitar la gesti\u00f3n segura y eficiente de su equipo. Con su inclusi\u00f3n de una llave reguladora, herramienta de extracci\u00f3n de v\u00e1lvulas, llave del cilindro y medidor de presi\u00f3n, la caja de herramientas Oxy realmente va m\u00e1s all\u00e1 para garantizar que se satisfagan todas sus necesidades. Hecho a partir de materiales duraderos, esta caja de herramientas no solo est\u00e1 construida para durar, sino que tambi\u00e9n est\u00e1 ingeniosamente dise\u00f1ada para ser compacta y convenientemente port\u00e1til, lo que le hace la mejor opci\u00f3n para los profesionales que se encuentran constantemente en movimiento, transportando su equipo de un trabajo a otro. Independientemente de si cae en la categor\u00eda de un t\u00e9cnico, un respondedor de emergencia o incluso a un simple aficionado, la caja de herramientas Oxy es inequ\u00edvocamente el accesorio por excelencia que lo ayudar\u00e1 indudablemente a lograr sus tareas con la mayor precisi\u00f3n y excelencia.<\/p>\n<ul>\n<li>Conjunto completo de herramientas y caracter\u00edsticas para el mantenimiento y soluci\u00f3n de problemas de concentraci\u00f3n de ox\u00edgeno<\/li>\n<li>Incluye llaves, destornilladores, alicates y otras herramientas de uso com\u00fan para reparaciones y mantenimiento<\/li>\n<li>Compatible con la mayor\u00eda de los modelos de concentradores y marcas<\/li>\n<li>Incluye un medidor de pureza de ox\u00edgeno para lecturas precisas<\/li>\n<li>Compacto y liviano para un f\u00e1cil transporte y almacenamiento<\/li>\n<li>Construcci\u00f3n duradera para uso duradero<\/li>\n<li>Dise\u00f1o f\u00e1cil de usar para facilitar la operaci\u00f3n y uso<\/li>\n<li>Proporciona una soluci\u00f3n rentable para reparaciones y mantenimiento de bricolaje<\/li>\n<li>Mejora la eficiencia y la vida \u00fatil de su concentrador de ox\u00edgeno<\/li>\n<li>Ahorra tiempo y dinero evitando costosas tarifas de reparaci\u00f3n y tiempo de inactividad<\/li>\n<li>Una herramienta esencial para profesionales de la salud y pacientes con oxigenerapia por igual.<\/li>\n<\/ul>\n","protected":false},"excerpt":{"rendered":"<p>Oxy Toolbox, un recurso incre\u00edblemente robusto y eficiente, sirve como un activo invaluable para supervisar y optimizar de manera efectiva todos sus flujos de trabajo del editor XML de ox\u00edgeno. Empaquetado con una extensa variedad de caracter\u00edsticas y capacidades impresionantes, esta caja de herramientas excepcional atiende a las necesidades y preferencias tanto de los desarrolladores como de los creadores de contenido. Al adoptar esta notable herramienta, tiene la oportunidad \u00fanica de mejorar significativamente su productividad a trav\u00e9s de la automatizaci\u00f3n perfecta de tareas mon\u00f3tonas, la simplificaci\u00f3n de la gesti\u00f3n de documentos XML, la garant\u00eda de la consistencia, la preservaci\u00f3n de la calidad y una gran cantidad de otras funcionalidades ventajosas. Con Oxy Toolbox a su disposici\u00f3n, puede maximizar sin esfuerzo el potencial de su editor XML de ox\u00edgeno, lo que le permite lograr sus objetivos sin esfuerzo de una manera m\u00e1s conveniente y eficiente.<\/p>\n","protected":false},"featured_media":167122,"comment_status":"open","ping_status":"open","template":"","meta":[],"product_brand":[2518],"product_cat":[1214,1206,1211],"product_tag":[2120],"class_list":{"0":"post-113027","1":"product","2":"type-product","3":"status-publish","4":"has-post-thumbnail","6":"product_brand-oxy-plugins","7":"product_cat-personalizacion","8":"product_cat-plugins","9":"product_cat-wordpress-plugins","10":"product_tag-oxy-plugins","11":"member-discount","12":"discount-restricted","14":"first","15":"instock","16":"sale","17":"downloadable","18":"virtual","19":"sold-individually","20":"purchasable","21":"product-type-simple"},"_links":{"self":[{"href":"https:\/\/gpl-love.com\/es\/wp-json\/wp\/v2\/product\/113027","targetHints":{"allow":["GET"]}}],"collection":[{"href":"https:\/\/gpl-love.com\/es\/wp-json\/wp\/v2\/product"}],"about":[{"href":"https:\/\/gpl-love.com\/es\/wp-json\/wp\/v2\/types\/product"}],"replies":[{"embeddable":true,"href":"https:\/\/gpl-love.com\/es\/wp-json\/wp\/v2\/comments?post=113027"}],"wp:featuredmedia":[{"embeddable":true,"href":"https:\/\/gpl-love.com\/es\/wp-json\/wp\/v2\/media\/167122"}],"wp:attachment":[{"href":"https:\/\/gpl-love.com\/es\/wp-json\/wp\/v2\/media?parent=113027"}],"wp:term":[{"taxonomy":"product_brand","embeddable":true,"href":"https:\/\/gpl-love.com\/es\/wp-json\/wp\/v2\/product_brand?post=113027"},{"taxonomy":"product_cat","embeddable":true,"href":"https:\/\/gpl-love.com\/es\/wp-json\/wp\/v2\/product_cat?post=113027"},{"taxonomy":"product_tag","embeddable":true,"href":"https:\/\/gpl-love.com\/es\/wp-json\/wp\/v2\/product_tag?post=113027"}],"curies":[{"name":"wp","href":"https:\/\/api.w.org\/{rel}","templated":true}]}}