{"id":113025,"date":"2025-06-03T00:00:00","date_gmt":"2025-06-03T05:00:00","guid":{"rendered":"http:\/\/gpl-love.com\/es\/producto\/oxy-ultimate-woo\/"},"modified":"2026-04-10T11:20:37","modified_gmt":"2026-04-10T16:20:37","slug":"oxy-ultimate-woo","status":"publish","type":"product","link":"https:\/\/gpl-love.com\/es\/producto\/oxy-ultimate-woo\/","title":{"rendered":"Oxy Ultimate Woo 1.5.12"},"content":{"rendered":"<h3>Oxy Ultimate Woo Caracteristicas<\/h3>\n<p>Oxy Ultimate Woo es un instrumento inmensamente potente y altamente efectivo que tiene el prop\u00f3sito de optimizar y mejorar la funcionalidad de su tienda WooCommerce de una manera extremadamente impresionante. Est\u00e1 dotado de una amplia gama de caracter\u00edsticas y funcionalidades que est\u00e1n espec\u00edficamente dise\u00f1adas para facilitar la racionalizaci\u00f3n perfecta del rendimiento de su tienda, lo que lleva a un aumento notable en las ventas y una experiencia de cliente mejorada. Con Oxy Ultimate Woo a su disposici\u00f3n, administrar sin esfuerzo su inventario, optimizar sus listados de productos y automatizar el proceso de cumplimiento del orden tedioso y que consume mucho tiempo se convierte en una brisa absoluta. Adem\u00e1s, tambi\u00e9n le proporciona la invaluable ventaja de las capacidades avanzadas de informes y an\u00e1lisis, lo que le permite adquirir una inteligencia muy perspicaz relacionada con el rendimiento de su tienda y, en \u00faltima instancia, facultarlo para tomar decisiones meticulosas y basadas en datos. Para resumir, Oxy Ultimate Woo es una herramienta indispensable que, sin duda, deber\u00eda ser una parte integral del arsenal de cualquier propietario astuto de la tienda de Woocommerce que aspira a explotar completamente el inmenso potencial de su tienda y presenciar un crecimiento notable en su negocio.<\/p>\n<ul>\n<li>Rendimiento mejorado de la tienda WooCommerce<\/li>\n<li>Tasas de conversi\u00f3n m\u00e1s altas para ventas en l\u00ednea<\/li>\n<li>Interfaz f\u00e1cil de usar para administrar productos e inventario<\/li>\n<li>An\u00e1lisis en profundidad e informes para una mejor toma de decisiones<\/li>\n<li>C\u00e1lculos autom\u00e1ticos de impuestos y env\u00edo<\/li>\n<li>Integraci\u00f3n perfecta con pasarelas de pago populares<\/li>\n<li>Opciones de dise\u00f1o personalizables para p\u00e1ginas de tienda y pago<\/li>\n<li>Caracter\u00edsticas de seguridad avanzadas para proteger la informaci\u00f3n del cliente<\/li>\n<li>Dise\u00f1o de respuesta m\u00f3vil para una f\u00e1cil navegaci\u00f3n en cualquier dispositivo<\/li>\n<li>Equipo de apoyo dedicado para asistencia y soluci\u00f3n de problemas.<\/li>\n<\/ul>\n","protected":false},"excerpt":{"rendered":"<p>Oxy Ultimate Woo, un software notablemente de \u00faltima generaci\u00f3n e inmensamente robusto, ofrece a los usuarios la extraordinaria capacidad de optimizar sin esfuerzo su tienda WooCommerce. Este software altamente sofisticado no solo otorga a los usuarios acceso a una amplia gama de caracter\u00edsticas y herramientas potentes, sino que tambi\u00e9n sirve como catalizador para aumentar el rendimiento general de su tienda en l\u00ednea. Con la invaluable asistencia de Oxy Ultimate Woo, los usuarios pueden optimizar sin problemas su gesti\u00f3n de inventario, automatizar eficientemente sus campa\u00f1as de marketing y ajustar intrincadamente su proceso de pago para producir un crecimiento exponencial en ventas e ingresos. Independientemente de si se encuentra en las etapas nacientes de su empresa de comercio electr\u00f3nico o si cuenta con el t\u00edtulo distinguido de un veterano experimentado, Oxy Ultimate Woo se erige como la panacea definitiva para impulsar su tienda en l\u00ednea a alturas de \u00e9xito sin precedentes sin precedentes.<\/p>\n","protected":false},"featured_media":167124,"comment_status":"open","ping_status":"open","template":"","meta":[],"product_brand":[2519],"product_cat":[1214,1206,1211],"product_tag":[2119],"class_list":{"0":"post-113025","1":"product","2":"type-product","3":"status-publish","4":"has-post-thumbnail","6":"product_brand-oxy-ultimate","7":"product_cat-personalizacion","8":"product_cat-plugins","9":"product_cat-wordpress-plugins","10":"product_tag-oxy-ultimate","11":"member-discount","12":"discount-restricted","14":"first","15":"instock","16":"sale","17":"downloadable","18":"virtual","19":"sold-individually","20":"purchasable","21":"product-type-simple"},"_links":{"self":[{"href":"https:\/\/gpl-love.com\/es\/wp-json\/wp\/v2\/product\/113025","targetHints":{"allow":["GET"]}}],"collection":[{"href":"https:\/\/gpl-love.com\/es\/wp-json\/wp\/v2\/product"}],"about":[{"href":"https:\/\/gpl-love.com\/es\/wp-json\/wp\/v2\/types\/product"}],"replies":[{"embeddable":true,"href":"https:\/\/gpl-love.com\/es\/wp-json\/wp\/v2\/comments?post=113025"}],"wp:featuredmedia":[{"embeddable":true,"href":"https:\/\/gpl-love.com\/es\/wp-json\/wp\/v2\/media\/167124"}],"wp:attachment":[{"href":"https:\/\/gpl-love.com\/es\/wp-json\/wp\/v2\/media?parent=113025"}],"wp:term":[{"taxonomy":"product_brand","embeddable":true,"href":"https:\/\/gpl-love.com\/es\/wp-json\/wp\/v2\/product_brand?post=113025"},{"taxonomy":"product_cat","embeddable":true,"href":"https:\/\/gpl-love.com\/es\/wp-json\/wp\/v2\/product_cat?post=113025"},{"taxonomy":"product_tag","embeddable":true,"href":"https:\/\/gpl-love.com\/es\/wp-json\/wp\/v2\/product_tag?post=113025"}],"curies":[{"name":"wp","href":"https:\/\/api.w.org\/{rel}","templated":true}]}}