{"id":112990,"date":"2022-02-24T00:00:00","date_gmt":"2022-02-24T05:00:00","guid":{"rendered":"http:\/\/gpl-love.com\/es\/producto\/zeen-next-generation-magazine-wordpress-theme\/"},"modified":"2026-03-13T17:35:28","modified_gmt":"2026-03-13T22:35:28","slug":"zeen-next-generation-magazine-wordpress-theme","status":"publish","type":"product","link":"https:\/\/gpl-love.com\/es\/producto\/zeen-next-generation-magazine-wordpress-theme\/","title":{"rendered":"Zeen Next Generation Magazine WordPress Theme 4.2.3"},"content":{"rendered":"<h3>Zeen Next Generation Magazine WordPress Theme Caracteristicas<\/h3>\n<p>El tema de WordPress de la revista Zeen Next Generation, que es altamente vers\u00e1til y f\u00e1cil de usar, ha sido dise\u00f1ado espec\u00edficamente para satisfacer las diversas necesidades de blogueros, editores y propietarios de revistas en l\u00ednea. Con un dise\u00f1o de vanguardia, este tema est\u00e1 equipado con una impresionante variedad de caracter\u00edsticas, incluidos widgets personalizados, formatos de publicaci\u00f3n y un robusto constructor de p\u00e1ginas, todos los cuales permiten a los usuarios crear un sitio web sin esfuerzo que sea distintivo y cautivador. Adem\u00e1s, el tema es totalmente receptivo, asegurando que exude un aura visualmente atractiva en todos los dispositivos, mientras que las opciones de tema avanzadas mejoran a\u00fan m\u00e1s la facilidad con la que los usuarios pueden personalizar sus sitios web. Dados estos atributos excepcionales, no sorprende que el tema de WordPress de la revista Zeen Next Generation sea una opci\u00f3n ideal para las personas que aspiran a establecer una revista o blog sofisticada y contempor\u00e1nea en l\u00ednea.<\/p>\n<ul>\n<li>Zeen es un tema premium de WordPress dise\u00f1ado para crear sitios web de estilo de revista.<\/li>\n<li>El tema viene con un dise\u00f1o de pr\u00f3xima generaci\u00f3n que es moderno y visualmente atractivo.<\/li>\n<li>Ofrece una gama de opciones de personalizaci\u00f3n que le permiten personalizar su sitio y crear un aspecto \u00fanico.<\/li>\n<li>Zeen es totalmente receptivo, asegurando que su sitio web se vea genial en todos los dispositivos.<\/li>\n<li>El tema es f\u00e1cil de usar, incluso si no tiene experiencia en codificaci\u00f3n.<\/li>\n<li>Viene con un constructor de p\u00e1ginas de arrastrar y soltar que le permite crear p\u00e1ginas y publicaciones de manera r\u00e1pida y f\u00e1cil.<\/li>\n<li>Zeen admite una variedad de tipos de publicaciones, que incluyen video, galer\u00eda y publicaciones de audio, lo que le permite crear una variedad de contenido.<\/li>\n<li>Incluye varios complementos premium, incluido el constructor de p\u00e1ginas WPBakery, el complemento Slider Revolution y el complemento avanzado de campos personalizados.<\/li>\n<li>Zeen est\u00e1 optimizado para el SEO, asegurando que los motores de b\u00fasqueda sean f\u00e1cilmente descubiertos de su contenido.<\/li>\n<li>El tema se actualiza regularmente, asegurando que siempre tenga acceso a las \u00faltimas caracter\u00edsticas y mejoras.<\/li>\n<\/ul>\n","protected":false},"excerpt":{"rendered":"<p>Dise\u00f1ado para satisfacer las necesidades de los sitios de blogs y revistas que buscan un dise\u00f1o contempor\u00e1neo y de moda, el tema de WordPress de la revista Zeen Next Generation surge como la soluci\u00f3n ideal. Con un dise\u00f1o receptivo y personalizable, as\u00ed como una gran cantidad de caracter\u00edsticas distintivas, Zeen indudablemente se erige como la opci\u00f3n final para las personas que anhelan establecer una presencia en l\u00ednea din\u00e1mica y cautivadora. Facilitando un nivel de flexibilidad inigualable, las opciones avanzadas del tema y la interfaz de arrastrar y soltar f\u00e1cilmente de uso de usuarios aseguran una personalizaci\u00f3n sin esfuerzo de cada elemento dentro de su sitio, lo que le permite alinearla sin problemas con su identidad de marca y manifestar una est\u00e9tica inequ\u00edvocamente distinta. Ya sea un blogger, periodista o profesional de marketing de contenidos, el tema de WordPress de la revista Zeen Next Generation se presenta como el ep\u00edtome de elecci\u00f3n cuando se trata de mostrar su trabajo con el m\u00e1ximo estilo y delicadeza.<\/p>\n","protected":false},"featured_media":168707,"comment_status":"open","ping_status":"open","template":"","meta":[],"product_brand":[2337],"product_cat":[1245,1237,1238],"product_tag":[1391],"class_list":{"0":"post-112990","1":"product","2":"type-product","3":"status-publish","4":"has-post-thumbnail","6":"product_brand-themeforest","7":"product_cat-blog-revista","8":"product_cat-temas","9":"product_cat-wordpress-temas","10":"product_tag-themeforest","11":"member-discount","12":"discount-restricted","14":"first","15":"instock","16":"sale","17":"downloadable","18":"virtual","19":"sold-individually","20":"purchasable","21":"product-type-simple"},"_links":{"self":[{"href":"https:\/\/gpl-love.com\/es\/wp-json\/wp\/v2\/product\/112990","targetHints":{"allow":["GET"]}}],"collection":[{"href":"https:\/\/gpl-love.com\/es\/wp-json\/wp\/v2\/product"}],"about":[{"href":"https:\/\/gpl-love.com\/es\/wp-json\/wp\/v2\/types\/product"}],"replies":[{"embeddable":true,"href":"https:\/\/gpl-love.com\/es\/wp-json\/wp\/v2\/comments?post=112990"}],"wp:featuredmedia":[{"embeddable":true,"href":"https:\/\/gpl-love.com\/es\/wp-json\/wp\/v2\/media\/168707"}],"wp:attachment":[{"href":"https:\/\/gpl-love.com\/es\/wp-json\/wp\/v2\/media?parent=112990"}],"wp:term":[{"taxonomy":"product_brand","embeddable":true,"href":"https:\/\/gpl-love.com\/es\/wp-json\/wp\/v2\/product_brand?post=112990"},{"taxonomy":"product_cat","embeddable":true,"href":"https:\/\/gpl-love.com\/es\/wp-json\/wp\/v2\/product_cat?post=112990"},{"taxonomy":"product_tag","embeddable":true,"href":"https:\/\/gpl-love.com\/es\/wp-json\/wp\/v2\/product_tag?post=112990"}],"curies":[{"name":"wp","href":"https:\/\/api.w.org\/{rel}","templated":true}]}}