{"id":112984,"date":"2023-12-27T00:00:00","date_gmt":"2023-12-27T05:00:00","guid":{"rendered":"http:\/\/gpl-love.com\/es\/producto\/wp-y-divi-icons-pro-best-icon-plugin-para-wordpress-y-divi\/"},"modified":"2026-03-09T08:27:54","modified_gmt":"2026-03-09T13:27:54","slug":"wp-y-divi-icons-pro-best-icon-plugin-para-wordpress-y-divi","status":"publish","type":"product","link":"https:\/\/gpl-love.com\/es\/producto\/wp-y-divi-icons-pro-best-icon-plugin-para-wordpress-y-divi\/","title":{"rendered":"WP y Divi Icons Pro Best Icon Plugin para WordPress y Divi 2.0.9"},"content":{"rendered":"<h3>WP y Divi Icons Pro Best Icon Plugin para WordPress y Divi Caracteristicas<\/h3>\n<p>WP y Divi Icons Pro, un complemento de iconos muy buscado para WordPress y Divi, presenta una colecci\u00f3n incomparable de m\u00e1s de 4,500 \u00edconos impresionantes y totalmente personalizables que tienen la capacidad de elevar el atractivo visual de su sitio web. Este complemento notablemente vers\u00e1til le permite incorporar sin esfuerzo estos iconos en su sitio, ofreci\u00e9ndole la libertad de construir conjuntos de iconos a medida e incluso importar sus propios iconos SVG. Adem\u00e1s, el complemento se integra sin problemas con Divi, lo que le brinda acceso a todos los iconos directamente desde el Builder Divi, equip\u00e1ndolo con los medios para utilizarlos sin esfuerzo dentro de sus diversas p\u00e1ginas, publicaciones y m\u00f3dulos. Adem\u00e1s, este complemento cuenta con un impresionante sistema de b\u00fasqueda y filtrado que simplifica la ardua tarea de encontrar el icono ideal para satisfacer sus requisitos espec\u00edficos. Ya sea que se identifique como blogger, dise\u00f1ador web o desarrollador, WP y Divi Icons Pro, sin duda, se erige como un recurso indispensable que posee el potencial de impulsar su sitio web a alturas de \u00e9xito desconocidas.<\/p>\n<ul>\n<li>M\u00e1s de 4.500 iconos personalizables disponibles a su alcance<\/li>\n<li>Instalaci\u00f3n de un solo clic e interfaz f\u00e1cil de usar<\/li>\n<li>Compatible con WordPress y Divi<\/li>\n<li>Acceso a una amplia variedad de estilos de icono, incluidos planos, lineales y s\u00f3lidos<\/li>\n<li>Cree dise\u00f1os impresionantes con facilidad utilizando la funci\u00f3n de arrastrar y soltar<\/li>\n<li>Actualizado regularmente con nuevos iconos y caracter\u00edsticas<\/li>\n<li>Permite una integraci\u00f3n perfecta con su sitio web o blog<\/li>\n<li>Accesible para los usuarios de todos los niveles de habilidad<\/li>\n<li>Mejora significativamente el atractivo visual de su sitio web o blog<\/li>\n<li>Proporciona infinitas posibilidades para la personalizaci\u00f3n<\/li>\n<\/ul>\n","protected":false},"excerpt":{"rendered":"<p>WP y Divi Icons Pro es un complemento de iconos absolutamente excepcional e incomparable dise\u00f1ado espec\u00edficamente para usuarios de WordPress y Divi por igual. Este notable complemento cuenta con una variedad extensa e impresionante de \u00edconos cautivadores, lo que le permite infundir su sitio web con una capa adicional de sofisticaci\u00f3n, ingenio y encanto visual. Independientemente de si se identifica como dise\u00f1ador experimentado, desarrollador competente o blogger apasionado, WP y Divi Icons ProycentialBly atiende a todas las personas que poseen un ardiente deseo de elevar y enriquecer la apariencia y el ambiente de su sitio web. De ahora en adelante, se adhiera a los \u00edconos mundanos y mediocres, y abrazan de todo coraz\u00f3n el advenimiento de los iconos WP y Divi Pro &#8211; inequ\u00edvocamente el m\u00e1ximo pin\u00e1culo de excelencia y supremac\u00eda entre todos los complementos de iconos disponibles para WordPress y Divi.<\/p>\n","protected":false},"featured_media":168373,"comment_status":"open","ping_status":"open","template":"","meta":[],"product_brand":[2416],"product_cat":[1214,1206,1211],"product_tag":[2116],"class_list":{"0":"post-112984","1":"product","2":"type-product","3":"status-publish","4":"has-post-thumbnail","6":"product_brand-divi-space","7":"product_cat-personalizacion","8":"product_cat-plugins","9":"product_cat-wordpress-plugins","10":"product_tag-divi-space","11":"member-discount","12":"discount-restricted","14":"first","15":"instock","16":"sale","17":"downloadable","18":"virtual","19":"sold-individually","20":"purchasable","21":"product-type-simple"},"_links":{"self":[{"href":"https:\/\/gpl-love.com\/es\/wp-json\/wp\/v2\/product\/112984","targetHints":{"allow":["GET"]}}],"collection":[{"href":"https:\/\/gpl-love.com\/es\/wp-json\/wp\/v2\/product"}],"about":[{"href":"https:\/\/gpl-love.com\/es\/wp-json\/wp\/v2\/types\/product"}],"replies":[{"embeddable":true,"href":"https:\/\/gpl-love.com\/es\/wp-json\/wp\/v2\/comments?post=112984"}],"wp:featuredmedia":[{"embeddable":true,"href":"https:\/\/gpl-love.com\/es\/wp-json\/wp\/v2\/media\/168373"}],"wp:attachment":[{"href":"https:\/\/gpl-love.com\/es\/wp-json\/wp\/v2\/media?parent=112984"}],"wp:term":[{"taxonomy":"product_brand","embeddable":true,"href":"https:\/\/gpl-love.com\/es\/wp-json\/wp\/v2\/product_brand?post=112984"},{"taxonomy":"product_cat","embeddable":true,"href":"https:\/\/gpl-love.com\/es\/wp-json\/wp\/v2\/product_cat?post=112984"},{"taxonomy":"product_tag","embeddable":true,"href":"https:\/\/gpl-love.com\/es\/wp-json\/wp\/v2\/product_tag?post=112984"}],"curies":[{"name":"wp","href":"https:\/\/api.w.org\/{rel}","templated":true}]}}