{"id":112982,"date":"2024-01-20T00:00:00","date_gmt":"2024-01-20T05:00:00","guid":{"rendered":"http:\/\/gpl-love.com\/es\/producto\/smart-cleanup-tools-plugin-para-wordpress\/"},"modified":"2026-03-09T08:07:34","modified_gmt":"2026-03-09T13:07:34","slug":"smart-cleanup-tools-plugin-para-wordpress","status":"publish","type":"product","link":"https:\/\/gpl-love.com\/es\/producto\/smart-cleanup-tools-plugin-para-wordpress\/","title":{"rendered":"Smart Cleanup Tools Plugin para WordPress 5.3"},"content":{"rendered":"<h3>Smart Cleanup Tools Plugin para WordPress Caracteristicas<\/h3>\n<p>El complemento Smart Cleanup Tools para WordPress es una herramienta incre\u00edblemente potente que mejora significativamente el mantenimiento general y la gesti\u00f3n de los sitios web. Al utilizar este complemento, los usuarios est\u00e1n facultados para purgar sin esfuerzo la base de datos de su sitio web sobre cualquier datos extra\u00f1os, mejorando enormemente el rendimiento general de dicho sitio web. Adem\u00e1s, el complemento ofrece a los usuarios la capacidad de supervisar y regular efectivamente la biblioteca de medios de su sitio web, lo que les permite optimizar y eliminar cualquier imagen superflua o no utilizada. Adem\u00e1s, el complemento sirve como un medio conveniente para administrar revisiones postales, comentarios de spam y comentarios no aprobados, que finalmente facilitan a los usuarios en su b\u00fasqueda para mantener un sitio web organizado y sin desorden. Adem\u00e1s, el complemento cuenta con una interfaz de usuario intuitivamente dise\u00f1ada que la hace notablemente f\u00e1cil de usar, incluso para aquellos que son novatos en el \u00e1mbito de la administraci\u00f3n de sitios web. En esencia, con el complemento de herramientas de limpieza inteligentes para WordPress a su disposici\u00f3n, las personas pueden navegar sin esfuerzo el \u00e1mbito del mantenimiento del sitio web, transform\u00e1ndolo en una empresa caracterizada por la facilidad y la conveniencia.<\/p>\n<ul>\n<li>Ayuda a limpiar y optimizar los sitios web de WordPress<\/li>\n<li>Elimina autom\u00e1ticamente datos innecesarios, como revisiones posteriores y borradores antiguos<\/li>\n<li>Guarda el espacio del servidor y mejora el rendimiento del sitio web<\/li>\n<li>Permite una f\u00e1cil personalizaci\u00f3n de la configuraci\u00f3n de limpieza<\/li>\n<li>Proporciona informes sobre la cantidad de espacio guardado y los resultados de la optimizaci\u00f3n<\/li>\n<li>Compatible con m\u00faltiples versiones de WordPress<\/li>\n<li>Admite instalaciones multisitio<\/li>\n<li>Actualizado regularmente para garantizar la optimizaci\u00f3n de compatibilidad y rendimiento<\/li>\n<li>F\u00e1cil de instalar y usar, incluso para principiantes<\/li>\n<li>Viene con atenci\u00f3n al cliente receptiva y amigable<\/li>\n<\/ul>\n","protected":false},"excerpt":{"rendered":"<p>El complemento de herramientas de limpieza inteligente para WordPress es una herramienta excepcionalmente robusta y eficiente que ofrece un enfoque simplificado para la tarea de limpiar y optimizar su sitio web. Este notable complemento le permite erradicar sin esfuerzo comentarios de spam, eliminar complementos superfluos y purificar revisiones obsoletas, asegurando as\u00ed la funcionalidad perfecta de su estimado sitio. Independientemente de si posee una competencia rudimentaria o avanzada en la utilizaci\u00f3n de WordPress, este complemento invaluable sirve como un recurso indispensable en t\u00e9rminos de ahorrar tiempo y preservar el estado impecable de su sitio web meticulosamente organizado.<\/p>\n","protected":false},"featured_media":167505,"comment_status":"open","ping_status":"open","template":"","meta":[],"product_brand":[2339],"product_cat":[1212,1206,1211],"product_tag":[1256],"class_list":{"0":"post-112982","1":"product","2":"type-product","3":"status-publish","4":"has-post-thumbnail","6":"product_brand-codecanyon","7":"product_cat-administracion-wordpress-plugins","8":"product_cat-plugins","9":"product_cat-wordpress-plugins","10":"product_tag-codecanyon","11":"member-discount","12":"discount-restricted","14":"first","15":"instock","16":"sale","17":"downloadable","18":"virtual","19":"sold-individually","20":"purchasable","21":"product-type-simple"},"_links":{"self":[{"href":"https:\/\/gpl-love.com\/es\/wp-json\/wp\/v2\/product\/112982","targetHints":{"allow":["GET"]}}],"collection":[{"href":"https:\/\/gpl-love.com\/es\/wp-json\/wp\/v2\/product"}],"about":[{"href":"https:\/\/gpl-love.com\/es\/wp-json\/wp\/v2\/types\/product"}],"replies":[{"embeddable":true,"href":"https:\/\/gpl-love.com\/es\/wp-json\/wp\/v2\/comments?post=112982"}],"wp:featuredmedia":[{"embeddable":true,"href":"https:\/\/gpl-love.com\/es\/wp-json\/wp\/v2\/media\/167505"}],"wp:attachment":[{"href":"https:\/\/gpl-love.com\/es\/wp-json\/wp\/v2\/media?parent=112982"}],"wp:term":[{"taxonomy":"product_brand","embeddable":true,"href":"https:\/\/gpl-love.com\/es\/wp-json\/wp\/v2\/product_brand?post=112982"},{"taxonomy":"product_cat","embeddable":true,"href":"https:\/\/gpl-love.com\/es\/wp-json\/wp\/v2\/product_cat?post=112982"},{"taxonomy":"product_tag","embeddable":true,"href":"https:\/\/gpl-love.com\/es\/wp-json\/wp\/v2\/product_tag?post=112982"}],"curies":[{"name":"wp","href":"https:\/\/api.w.org\/{rel}","templated":true}]}}